{"id":13954,"date":"2024-05-13T19:27:25","date_gmt":"2024-05-13T17:27:25","guid":{"rendered":"https:\/\/tiendasdyo.com\/?page_id=13954"},"modified":"2024-05-13T19:28:52","modified_gmt":"2024-05-13T17:28:52","slug":"politica-de-envio","status":"publish","type":"page","link":"https:\/\/tiendasdyo.com\/index.php\/politica-de-envio\/","title":{"rendered":"Pol\u00edtica de Envi\u00f3"},"content":{"rendered":"\n<ol>\n<li>Servicio de Entrega a Domicilio: Tiendas D O ofrece entrega a domicilio gratuita para compras<br>superiores a Lps. 800 .00 Siempre y cuando que la ubicaci\u00f3n este dentro de las \u00e1reas de Choloma<br>Centro y San Pedro Sula Centro.<\/li>\n\n\n\n<li>Las compras inferiores a Lps. 800.00 No incluyen entrega gratuita, y el cliente debe asumir el<br>costo total del env\u00edo.<\/li>\n\n\n\n<li>Para entregas en otros destinos, los precios pueden varias seg\u00fan la distancia El cliente ser\u00e1<br>responsable de cualquier monto por costo de env\u00edo.<\/li>\n\n\n\n<li>Tiendas D &amp;O se reserv a el derecho de seleccionar la empresa de e nv\u00edo que ofrezca el mejor<br>servicio, pudiendo cambiarla sin previo aviso, especialmente durante temporadas de lluvia o<br>picos de alta demanda.<\/li>\n\n\n\n<li>Los tiempos de entrega pueden variar seg\u00fan condiciones clim\u00e1ticas, accesibilidad del \u00e1rea y<br>distancia Generalmente las entregas en principales ciudades se realizan al d\u00eda siguiente, mientras<br>que pueden tardar 2 3 d\u00edas en \u00e1reas rurales y mas de 4 d\u00edas en zonas de dif\u00edcil acceso.<\/li>\n\n\n\n<li>Si el cliente tiene un proveedor de env\u00edo no pague el costo del envi\u00f3 y p\u00f3ngase en contacto v\u00eda<br>WhatsApp 9360 1956 Para coordinar el env\u00edo de su producto con su proveedor de envi\u00f3.<\/li>\n\n\n\n<li>Nuestro objetivo es procesar y enviar los pedidos el mismo d\u00eda si se realizan antes de las 4:00<br>pm , El pedido debe realizarse antes de la 1:00 pm.<\/li>\n<\/ol>\n","protected":false},"excerpt":{"rendered":"","protected":false},"author":1,"featured_media":0,"parent":0,"menu_order":0,"comment_status":"closed","ping_status":"closed","template":"","meta":{"_monsterinsights_skip_tracking":false,"_monsterinsights_sitenote_active":false,"_monsterinsights_sitenote_note":"","_monsterinsights_sitenote_category":0,"footnotes":""},"_links":{"self":[{"href":"https:\/\/tiendasdyo.com\/index.php\/wp-json\/wp\/v2\/pages\/13954"}],"collection":[{"href":"https:\/\/tiendasdyo.com\/index.php\/wp-json\/wp\/v2\/pages"}],"about":[{"href":"https:\/\/tiendasdyo.com\/index.php\/wp-json\/wp\/v2\/types\/page"}],"author":[{"embeddable":true,"href":"https:\/\/tiendasdyo.com\/index.php\/wp-json\/wp\/v2\/users\/1"}],"replies":[{"embeddable":true,"href":"https:\/\/tiendasdyo.com\/index.php\/wp-json\/wp\/v2\/comments?post=13954"}],"version-history":[{"count":2,"href":"https:\/\/tiendasdyo.com\/index.php\/wp-json\/wp\/v2\/pages\/13954\/revisions"}],"predecessor-version":[{"id":13957,"href":"https:\/\/tiendasdyo.com\/index.php\/wp-json\/wp\/v2\/pages\/13954\/revisions\/13957"}],"wp:attachment":[{"href":"https:\/\/tiendasdyo.com\/index.php\/wp-json\/wp\/v2\/media?parent=13954"}],"curies":[{"name":"wp","href":"https:\/\/api.w.org\/{rel}","templated":true}]}}