{"id":14498,"date":"2024-06-01T00:46:57","date_gmt":"2024-05-31T22:46:57","guid":{"rendered":"https:\/\/tiendasdyo.com\/?post_type=product&#038;p=14498"},"modified":"2025-05-28T22:05:14","modified_gmt":"2025-05-28T20:05:14","slug":"cartera-coach","status":"publish","type":"product","link":"https:\/\/tiendasdyo.com\/index.php\/product\/cartera-coach\/","title":{"rendered":"CARTERA COACH"},"content":{"rendered":"<ul>\n<li>Tipo: bolso con zipper<\/li>\n<li>Tama\u00f1o: grande<\/li>\n<li>Cantidad de dep\u00f3sitos: 1<\/li>\n<li>Color: caf\u00e9<\/li>\n<\/ul>\n<p>&nbsp;<\/p>\n","protected":false},"excerpt":{"rendered":"<p>Tipo: bolso con zipper Tama\u00f1o: grande Cantidad de dep\u00f3sitos: 1 Color: caf\u00e9 &nbsp;<\/p>\n","protected":false},"featured_media":14499,"comment_status":"open","ping_status":"closed","template":"","meta":{"_monsterinsights_skip_tracking":false,"_monsterinsights_sitenote_active":false,"_monsterinsights_sitenote_note":"","_monsterinsights_sitenote_category":0},"product_cat":[55],"product_tag":[],"_links":{"self":[{"href":"https:\/\/tiendasdyo.com\/index.php\/wp-json\/wp\/v2\/product\/14498"}],"collection":[{"href":"https:\/\/tiendasdyo.com\/index.php\/wp-json\/wp\/v2\/product"}],"about":[{"href":"https:\/\/tiendasdyo.com\/index.php\/wp-json\/wp\/v2\/types\/product"}],"replies":[{"embeddable":true,"href":"https:\/\/tiendasdyo.com\/index.php\/wp-json\/wp\/v2\/comments?post=14498"}],"version-history":[{"count":3,"href":"https:\/\/tiendasdyo.com\/index.php\/wp-json\/wp\/v2\/product\/14498\/revisions"}],"predecessor-version":[{"id":28462,"href":"https:\/\/tiendasdyo.com\/index.php\/wp-json\/wp\/v2\/product\/14498\/revisions\/28462"}],"wp:featuredmedia":[{"embeddable":true,"href":"https:\/\/tiendasdyo.com\/index.php\/wp-json\/wp\/v2\/media\/14499"}],"wp:attachment":[{"href":"https:\/\/tiendasdyo.com\/index.php\/wp-json\/wp\/v2\/media?parent=14498"}],"wp:term":[{"taxonomy":"product_cat","embeddable":true,"href":"https:\/\/tiendasdyo.com\/index.php\/wp-json\/wp\/v2\/product_cat?post=14498"},{"taxonomy":"product_tag","embeddable":true,"href":"https:\/\/tiendasdyo.com\/index.php\/wp-json\/wp\/v2\/product_tag?post=14498"}],"curies":[{"name":"wp","href":"https:\/\/api.w.org\/{rel}","templated":true}]}}