{"id":14959,"date":"2024-06-11T21:45:12","date_gmt":"2024-06-11T19:45:12","guid":{"rendered":"https:\/\/tiendasdyo.com\/?post_type=product&#038;p=14959"},"modified":"2025-11-27T19:34:30","modified_gmt":"2025-11-27T18:34:30","slug":"crocs-brooklyn-strappy-3","status":"publish","type":"product","link":"https:\/\/tiendasdyo.com\/index.php\/product\/crocs-brooklyn-strappy-3\/","title":{"rendered":"CROCS BROOKLYN STRAPPY"},"content":{"rendered":"<h4>Estilo natural, comodidad superior para el d\u00eda a d\u00eda y m\u00e1xima versatilidad para tu vestuario se unen en la nueva colecci\u00f3n Crocs Brooklyn. Disponibles en una amplia gama de alturas de tac\u00f3n y con cortes sencillos pero sofisticados<\/h4>\n","protected":false},"excerpt":{"rendered":"<p>Estilo natural, comodidad superior para el d\u00eda a d\u00eda y m\u00e1xima versatilidad para tu vestuario se unen en la nueva<\/p>\n","protected":false},"featured_media":14960,"comment_status":"open","ping_status":"closed","template":"","meta":{"_monsterinsights_skip_tracking":false,"_monsterinsights_sitenote_active":false,"_monsterinsights_sitenote_note":"","_monsterinsights_sitenote_category":0},"product_cat":[168],"product_tag":[],"_links":{"self":[{"href":"https:\/\/tiendasdyo.com\/index.php\/wp-json\/wp\/v2\/product\/14959"}],"collection":[{"href":"https:\/\/tiendasdyo.com\/index.php\/wp-json\/wp\/v2\/product"}],"about":[{"href":"https:\/\/tiendasdyo.com\/index.php\/wp-json\/wp\/v2\/types\/product"}],"replies":[{"embeddable":true,"href":"https:\/\/tiendasdyo.com\/index.php\/wp-json\/wp\/v2\/comments?post=14959"}],"version-history":[{"count":2,"href":"https:\/\/tiendasdyo.com\/index.php\/wp-json\/wp\/v2\/product\/14959\/revisions"}],"predecessor-version":[{"id":31632,"href":"https:\/\/tiendasdyo.com\/index.php\/wp-json\/wp\/v2\/product\/14959\/revisions\/31632"}],"wp:featuredmedia":[{"embeddable":true,"href":"https:\/\/tiendasdyo.com\/index.php\/wp-json\/wp\/v2\/media\/14960"}],"wp:attachment":[{"href":"https:\/\/tiendasdyo.com\/index.php\/wp-json\/wp\/v2\/media?parent=14959"}],"wp:term":[{"taxonomy":"product_cat","embeddable":true,"href":"https:\/\/tiendasdyo.com\/index.php\/wp-json\/wp\/v2\/product_cat?post=14959"},{"taxonomy":"product_tag","embeddable":true,"href":"https:\/\/tiendasdyo.com\/index.php\/wp-json\/wp\/v2\/product_tag?post=14959"}],"curies":[{"name":"wp","href":"https:\/\/api.w.org\/{rel}","templated":true}]}}