{"id":15143,"date":"2024-06-14T23:57:41","date_gmt":"2024-06-14T21:57:41","guid":{"rendered":"https:\/\/tiendasdyo.com\/?post_type=product&#038;p=15143"},"modified":"2024-06-14T23:57:41","modified_gmt":"2024-06-14T21:57:41","slug":"short-tommy-hilfiger","status":"publish","type":"product","link":"https:\/\/tiendasdyo.com\/index.php\/product\/short-tommy-hilfiger\/","title":{"rendered":"SHORT TOMMY HILFIGER"},"content":{"rendered":"<h4>Pantal\u00f3n corto de mujer Tommy Hilfiger. Confeccionados con tela suave y el\u00e1stica y con un corte f\u00e1cil, nuestros pantalones cortos son c\u00f3modos y favorecedores.<\/h4>\n","protected":false},"excerpt":{"rendered":"<p>Pantal\u00f3n corto de mujer Tommy Hilfiger. Confeccionados con tela suave y el\u00e1stica y con un corte f\u00e1cil, nuestros pantalones cortos<\/p>\n","protected":false},"featured_media":15144,"comment_status":"open","ping_status":"closed","template":"","meta":{"_monsterinsights_skip_tracking":false,"_monsterinsights_sitenote_active":false,"_monsterinsights_sitenote_note":"","_monsterinsights_sitenote_category":0},"product_cat":[162],"product_tag":[],"_links":{"self":[{"href":"https:\/\/tiendasdyo.com\/index.php\/wp-json\/wp\/v2\/product\/15143"}],"collection":[{"href":"https:\/\/tiendasdyo.com\/index.php\/wp-json\/wp\/v2\/product"}],"about":[{"href":"https:\/\/tiendasdyo.com\/index.php\/wp-json\/wp\/v2\/types\/product"}],"replies":[{"embeddable":true,"href":"https:\/\/tiendasdyo.com\/index.php\/wp-json\/wp\/v2\/comments?post=15143"}],"version-history":[{"count":0,"href":"https:\/\/tiendasdyo.com\/index.php\/wp-json\/wp\/v2\/product\/15143\/revisions"}],"wp:featuredmedia":[{"embeddable":true,"href":"https:\/\/tiendasdyo.com\/index.php\/wp-json\/wp\/v2\/media\/15144"}],"wp:attachment":[{"href":"https:\/\/tiendasdyo.com\/index.php\/wp-json\/wp\/v2\/media?parent=15143"}],"wp:term":[{"taxonomy":"product_cat","embeddable":true,"href":"https:\/\/tiendasdyo.com\/index.php\/wp-json\/wp\/v2\/product_cat?post=15143"},{"taxonomy":"product_tag","embeddable":true,"href":"https:\/\/tiendasdyo.com\/index.php\/wp-json\/wp\/v2\/product_tag?post=15143"}],"curies":[{"name":"wp","href":"https:\/\/api.w.org\/{rel}","templated":true}]}}