{"id":16946,"date":"2024-10-02T00:44:13","date_gmt":"2024-10-01T22:44:13","guid":{"rendered":"https:\/\/tiendasdyo.com\/?post_type=product&#038;p=16946"},"modified":"2025-07-30T18:35:41","modified_gmt":"2025-07-30T16:35:41","slug":"animale-set","status":"publish","type":"product","link":"https:\/\/tiendasdyo.com\/index.php\/product\/animale-set\/","title":{"rendered":"SET ANIMALE"},"content":{"rendered":"<p>Fragancia contiene fresia, melocot\u00f3n, lim\u00f3n, musgo de roble y bergamota.<\/p>\n<p>Set contiene:<\/p>\n<p>Fragancia de 3.4oz<\/p>\n<p>Loci\u00f3n corporal 100 ml<\/p>\n<p>Gel de ducha\u00a0 100 ml<\/p>\n","protected":false},"excerpt":{"rendered":"<p>Fragancia contiene fresia, melocot\u00f3n, lim\u00f3n, musgo de roble y bergamota. Set contiene: Fragancia de 3.4oz Loci\u00f3n corporal 100 ml Gel<\/p>\n","protected":false},"featured_media":16933,"comment_status":"open","ping_status":"closed","template":"","meta":{"_monsterinsights_skip_tracking":false,"_monsterinsights_sitenote_active":false,"_monsterinsights_sitenote_note":"","_monsterinsights_sitenote_category":0},"product_cat":[52],"product_tag":[],"_links":{"self":[{"href":"https:\/\/tiendasdyo.com\/index.php\/wp-json\/wp\/v2\/product\/16946"}],"collection":[{"href":"https:\/\/tiendasdyo.com\/index.php\/wp-json\/wp\/v2\/product"}],"about":[{"href":"https:\/\/tiendasdyo.com\/index.php\/wp-json\/wp\/v2\/types\/product"}],"replies":[{"embeddable":true,"href":"https:\/\/tiendasdyo.com\/index.php\/wp-json\/wp\/v2\/comments?post=16946"}],"version-history":[{"count":4,"href":"https:\/\/tiendasdyo.com\/index.php\/wp-json\/wp\/v2\/product\/16946\/revisions"}],"predecessor-version":[{"id":30506,"href":"https:\/\/tiendasdyo.com\/index.php\/wp-json\/wp\/v2\/product\/16946\/revisions\/30506"}],"wp:featuredmedia":[{"embeddable":true,"href":"https:\/\/tiendasdyo.com\/index.php\/wp-json\/wp\/v2\/media\/16933"}],"wp:attachment":[{"href":"https:\/\/tiendasdyo.com\/index.php\/wp-json\/wp\/v2\/media?parent=16946"}],"wp:term":[{"taxonomy":"product_cat","embeddable":true,"href":"https:\/\/tiendasdyo.com\/index.php\/wp-json\/wp\/v2\/product_cat?post=16946"},{"taxonomy":"product_tag","embeddable":true,"href":"https:\/\/tiendasdyo.com\/index.php\/wp-json\/wp\/v2\/product_tag?post=16946"}],"curies":[{"name":"wp","href":"https:\/\/api.w.org\/{rel}","templated":true}]}}