{"id":17337,"date":"2024-11-01T19:06:02","date_gmt":"2024-11-01T18:06:02","guid":{"rendered":"https:\/\/tiendasdyo.com\/?post_type=product&#038;p=17337"},"modified":"2024-11-01T19:07:09","modified_gmt":"2024-11-01T18:07:09","slug":"sandalias-michael-kors","status":"publish","type":"product","link":"https:\/\/tiendasdyo.com\/index.php\/product\/sandalias-michael-kors\/","title":{"rendered":"SANDALIAS MICHAEL KORS"},"content":{"rendered":"<p>Definidas por un estampado de frutas caprichoso acentuado con lentejuelas, las sandalias Deanna hacen una declaraci\u00f3n elegante. Estas sandalias est\u00e1n colocadas en una plantilla ligeramente acolchada que garantiza comodidad durante todo el d\u00eda. Comb\u00ednalos con jeans, vestidos de verano y mucho m\u00e1s.<\/p>\n","protected":false},"excerpt":{"rendered":"<p>Definidas por un estampado de frutas caprichoso acentuado con lentejuelas, las sandalias Deanna hacen una declaraci\u00f3n elegante. Estas sandalias est\u00e1n<\/p>\n","protected":false},"featured_media":17333,"comment_status":"open","ping_status":"closed","template":"","meta":{"_monsterinsights_skip_tracking":false,"_monsterinsights_sitenote_active":false,"_monsterinsights_sitenote_note":"","_monsterinsights_sitenote_category":0},"product_cat":[59],"product_tag":[],"_links":{"self":[{"href":"https:\/\/tiendasdyo.com\/index.php\/wp-json\/wp\/v2\/product\/17337"}],"collection":[{"href":"https:\/\/tiendasdyo.com\/index.php\/wp-json\/wp\/v2\/product"}],"about":[{"href":"https:\/\/tiendasdyo.com\/index.php\/wp-json\/wp\/v2\/types\/product"}],"replies":[{"embeddable":true,"href":"https:\/\/tiendasdyo.com\/index.php\/wp-json\/wp\/v2\/comments?post=17337"}],"version-history":[{"count":0,"href":"https:\/\/tiendasdyo.com\/index.php\/wp-json\/wp\/v2\/product\/17337\/revisions"}],"wp:featuredmedia":[{"embeddable":true,"href":"https:\/\/tiendasdyo.com\/index.php\/wp-json\/wp\/v2\/media\/17333"}],"wp:attachment":[{"href":"https:\/\/tiendasdyo.com\/index.php\/wp-json\/wp\/v2\/media?parent=17337"}],"wp:term":[{"taxonomy":"product_cat","embeddable":true,"href":"https:\/\/tiendasdyo.com\/index.php\/wp-json\/wp\/v2\/product_cat?post=17337"},{"taxonomy":"product_tag","embeddable":true,"href":"https:\/\/tiendasdyo.com\/index.php\/wp-json\/wp\/v2\/product_tag?post=17337"}],"curies":[{"name":"wp","href":"https:\/\/api.w.org\/{rel}","templated":true}]}}