{"id":17513,"date":"2024-11-10T22:43:32","date_gmt":"2024-11-10T21:43:32","guid":{"rendered":"https:\/\/tiendasdyo.com\/?post_type=product&#038;p=17513"},"modified":"2025-10-20T21:29:20","modified_gmt":"2025-10-20T19:29:20","slug":"sandalias-steve-madden-2","status":"publish","type":"product","link":"https:\/\/tiendasdyo.com\/index.php\/product\/sandalias-steve-madden-2\/","title":{"rendered":"SANDALIAS STEVE MADDEN"},"content":{"rendered":"<p>Estas sandalias est\u00e1n colocadas en una plantilla ligeramente acolchada que garantiza comodidad durante todo el d\u00eda. Comb\u00ednalos con jeans, vestidos de verano y mucho m\u00e1s<\/p>\n","protected":false},"excerpt":{"rendered":"<p>Estas sandalias est\u00e1n colocadas en una plantilla ligeramente acolchada que garantiza comodidad durante todo el d\u00eda. Comb\u00ednalos con jeans, vestidos<\/p>\n","protected":false},"featured_media":17471,"comment_status":"open","ping_status":"closed","template":"","meta":{"_monsterinsights_skip_tracking":false,"_monsterinsights_sitenote_active":false,"_monsterinsights_sitenote_note":"","_monsterinsights_sitenote_category":0},"product_cat":[59],"product_tag":[],"_links":{"self":[{"href":"https:\/\/tiendasdyo.com\/index.php\/wp-json\/wp\/v2\/product\/17513"}],"collection":[{"href":"https:\/\/tiendasdyo.com\/index.php\/wp-json\/wp\/v2\/product"}],"about":[{"href":"https:\/\/tiendasdyo.com\/index.php\/wp-json\/wp\/v2\/types\/product"}],"replies":[{"embeddable":true,"href":"https:\/\/tiendasdyo.com\/index.php\/wp-json\/wp\/v2\/comments?post=17513"}],"version-history":[{"count":1,"href":"https:\/\/tiendasdyo.com\/index.php\/wp-json\/wp\/v2\/product\/17513\/revisions"}],"predecessor-version":[{"id":30229,"href":"https:\/\/tiendasdyo.com\/index.php\/wp-json\/wp\/v2\/product\/17513\/revisions\/30229"}],"wp:featuredmedia":[{"embeddable":true,"href":"https:\/\/tiendasdyo.com\/index.php\/wp-json\/wp\/v2\/media\/17471"}],"wp:attachment":[{"href":"https:\/\/tiendasdyo.com\/index.php\/wp-json\/wp\/v2\/media?parent=17513"}],"wp:term":[{"taxonomy":"product_cat","embeddable":true,"href":"https:\/\/tiendasdyo.com\/index.php\/wp-json\/wp\/v2\/product_cat?post=17513"},{"taxonomy":"product_tag","embeddable":true,"href":"https:\/\/tiendasdyo.com\/index.php\/wp-json\/wp\/v2\/product_tag?post=17513"}],"curies":[{"name":"wp","href":"https:\/\/api.w.org\/{rel}","templated":true}]}}