{"id":28169,"date":"2025-05-24T21:31:19","date_gmt":"2025-05-24T19:31:19","guid":{"rendered":"https:\/\/tiendasdyo.com\/?post_type=product&#038;p=28169"},"modified":"2025-07-29T20:04:37","modified_gmt":"2025-07-29T18:04:37","slug":"set-clinique-happy-for-men","status":"publish","type":"product","link":"https:\/\/tiendasdyo.com\/index.php\/product\/set-clinique-happy-for-men\/","title":{"rendered":"SET CLINIQUE HAPPY FOR MEN"},"content":{"rendered":"<p>La fragancia es c\u00edtrica arom\u00e1tica, con notas de lima, mandarina, y notas marinas.<\/p>\n<p>Set contiene:<\/p>\n<p>Loci\u00f3n 100ml<br \/>\nGel 50 ml<br \/>\nExfoliante\u00a0100\u00a0ml<\/p>\n","protected":false},"excerpt":{"rendered":"<p>La fragancia es c\u00edtrica arom\u00e1tica, con notas de lima, mandarina, y notas marinas. Set contiene: Loci\u00f3n 100ml Gel 50 ml<\/p>\n","protected":false},"featured_media":28170,"comment_status":"open","ping_status":"closed","template":"","meta":{"_monsterinsights_skip_tracking":false,"_monsterinsights_sitenote_active":false,"_monsterinsights_sitenote_note":"","_monsterinsights_sitenote_category":0},"product_cat":[41],"product_tag":[],"_links":{"self":[{"href":"https:\/\/tiendasdyo.com\/index.php\/wp-json\/wp\/v2\/product\/28169"}],"collection":[{"href":"https:\/\/tiendasdyo.com\/index.php\/wp-json\/wp\/v2\/product"}],"about":[{"href":"https:\/\/tiendasdyo.com\/index.php\/wp-json\/wp\/v2\/types\/product"}],"replies":[{"embeddable":true,"href":"https:\/\/tiendasdyo.com\/index.php\/wp-json\/wp\/v2\/comments?post=28169"}],"version-history":[{"count":3,"href":"https:\/\/tiendasdyo.com\/index.php\/wp-json\/wp\/v2\/product\/28169\/revisions"}],"predecessor-version":[{"id":30397,"href":"https:\/\/tiendasdyo.com\/index.php\/wp-json\/wp\/v2\/product\/28169\/revisions\/30397"}],"wp:featuredmedia":[{"embeddable":true,"href":"https:\/\/tiendasdyo.com\/index.php\/wp-json\/wp\/v2\/media\/28170"}],"wp:attachment":[{"href":"https:\/\/tiendasdyo.com\/index.php\/wp-json\/wp\/v2\/media?parent=28169"}],"wp:term":[{"taxonomy":"product_cat","embeddable":true,"href":"https:\/\/tiendasdyo.com\/index.php\/wp-json\/wp\/v2\/product_cat?post=28169"},{"taxonomy":"product_tag","embeddable":true,"href":"https:\/\/tiendasdyo.com\/index.php\/wp-json\/wp\/v2\/product_tag?post=28169"}],"curies":[{"name":"wp","href":"https:\/\/api.w.org\/{rel}","templated":true}]}}