{"id":28504,"date":"2025-05-28T23:20:00","date_gmt":"2025-05-28T21:20:00","guid":{"rendered":"https:\/\/tiendasdyo.com\/?post_type=product&#038;p=28504"},"modified":"2025-07-21T18:49:47","modified_gmt":"2025-07-21T16:49:47","slug":"cartera-michael-kors","status":"publish","type":"product","link":"https:\/\/tiendasdyo.com\/index.php\/product\/cartera-michael-kors\/","title":{"rendered":"CARTERA MICHAEL KORS"},"content":{"rendered":"<ul>\n<li>Tipo: cartera<\/li>\n<li>Tama\u00f1o: peque\u00f1a<\/li>\n<li>Cantidad de dep\u00f3sitos: 2<\/li>\n<li>Color: caf\u00e9<\/li>\n<\/ul>\n","protected":false},"excerpt":{"rendered":"<p>Tipo: cartera Tama\u00f1o: peque\u00f1a Cantidad de dep\u00f3sitos: 2 Color: caf\u00e9<\/p>\n","protected":false},"featured_media":28508,"comment_status":"open","ping_status":"closed","template":"","meta":{"_monsterinsights_skip_tracking":false,"_monsterinsights_sitenote_active":false,"_monsterinsights_sitenote_note":"","_monsterinsights_sitenote_category":0},"product_cat":[55],"product_tag":[],"_links":{"self":[{"href":"https:\/\/tiendasdyo.com\/index.php\/wp-json\/wp\/v2\/product\/28504"}],"collection":[{"href":"https:\/\/tiendasdyo.com\/index.php\/wp-json\/wp\/v2\/product"}],"about":[{"href":"https:\/\/tiendasdyo.com\/index.php\/wp-json\/wp\/v2\/types\/product"}],"replies":[{"embeddable":true,"href":"https:\/\/tiendasdyo.com\/index.php\/wp-json\/wp\/v2\/comments?post=28504"}],"version-history":[{"count":1,"href":"https:\/\/tiendasdyo.com\/index.php\/wp-json\/wp\/v2\/product\/28504\/revisions"}],"predecessor-version":[{"id":28506,"href":"https:\/\/tiendasdyo.com\/index.php\/wp-json\/wp\/v2\/product\/28504\/revisions\/28506"}],"wp:featuredmedia":[{"embeddable":true,"href":"https:\/\/tiendasdyo.com\/index.php\/wp-json\/wp\/v2\/media\/28508"}],"wp:attachment":[{"href":"https:\/\/tiendasdyo.com\/index.php\/wp-json\/wp\/v2\/media?parent=28504"}],"wp:term":[{"taxonomy":"product_cat","embeddable":true,"href":"https:\/\/tiendasdyo.com\/index.php\/wp-json\/wp\/v2\/product_cat?post=28504"},{"taxonomy":"product_tag","embeddable":true,"href":"https:\/\/tiendasdyo.com\/index.php\/wp-json\/wp\/v2\/product_tag?post=28504"}],"curies":[{"name":"wp","href":"https:\/\/api.w.org\/{rel}","templated":true}]}}