{"id":29881,"date":"2025-07-17T19:49:44","date_gmt":"2025-07-17T17:49:44","guid":{"rendered":"https:\/\/tiendasdyo.com\/?post_type=product&#038;p=29881"},"modified":"2025-07-29T23:29:54","modified_gmt":"2025-07-29T21:29:54","slug":"can-can-paris-hilton","status":"publish","type":"product","link":"https:\/\/tiendasdyo.com\/index.php\/product\/can-can-paris-hilton\/","title":{"rendered":"SET CAN CAN PARIS HILTON"},"content":{"rendered":"<p>Aroma de flor de azahar del naranjo y orqu\u00eddea silvestre a\u00f1aden una delicada y encantadora sensaci\u00f3n floral.<\/p>\n<p>Set contiene:<\/p>\n<p>Locion 100 ML<\/p>\n<p>Locion vaporisateur 10 ML<\/p>\n<p>Body lotion 90 ML<\/p>\n<p>Gel 90 ML<\/p>\n","protected":false},"excerpt":{"rendered":"<p>Aroma de flor de azahar del naranjo y orqu\u00eddea silvestre a\u00f1aden una delicada y encantadora sensaci\u00f3n floral. Set contiene: Locion<\/p>\n","protected":false},"featured_media":29882,"comment_status":"open","ping_status":"closed","template":"","meta":{"_monsterinsights_skip_tracking":false,"_monsterinsights_sitenote_active":false,"_monsterinsights_sitenote_note":"","_monsterinsights_sitenote_category":0},"product_cat":[52],"product_tag":[],"_links":{"self":[{"href":"https:\/\/tiendasdyo.com\/index.php\/wp-json\/wp\/v2\/product\/29881"}],"collection":[{"href":"https:\/\/tiendasdyo.com\/index.php\/wp-json\/wp\/v2\/product"}],"about":[{"href":"https:\/\/tiendasdyo.com\/index.php\/wp-json\/wp\/v2\/types\/product"}],"replies":[{"embeddable":true,"href":"https:\/\/tiendasdyo.com\/index.php\/wp-json\/wp\/v2\/comments?post=29881"}],"version-history":[{"count":3,"href":"https:\/\/tiendasdyo.com\/index.php\/wp-json\/wp\/v2\/product\/29881\/revisions"}],"predecessor-version":[{"id":30435,"href":"https:\/\/tiendasdyo.com\/index.php\/wp-json\/wp\/v2\/product\/29881\/revisions\/30435"}],"wp:featuredmedia":[{"embeddable":true,"href":"https:\/\/tiendasdyo.com\/index.php\/wp-json\/wp\/v2\/media\/29882"}],"wp:attachment":[{"href":"https:\/\/tiendasdyo.com\/index.php\/wp-json\/wp\/v2\/media?parent=29881"}],"wp:term":[{"taxonomy":"product_cat","embeddable":true,"href":"https:\/\/tiendasdyo.com\/index.php\/wp-json\/wp\/v2\/product_cat?post=29881"},{"taxonomy":"product_tag","embeddable":true,"href":"https:\/\/tiendasdyo.com\/index.php\/wp-json\/wp\/v2\/product_tag?post=29881"}],"curies":[{"name":"wp","href":"https:\/\/api.w.org\/{rel}","templated":true}]}}