{"id":31392,"date":"2025-10-09T21:52:10","date_gmt":"2025-10-09T19:52:10","guid":{"rendered":"https:\/\/tiendasdyo.com\/?post_type=product&#038;p=31392"},"modified":"2026-02-02T22:38:33","modified_gmt":"2026-02-02T21:38:33","slug":"monedero-coach-6","status":"publish","type":"product","link":"https:\/\/tiendasdyo.com\/index.php\/product\/monedero-coach-6\/","title":{"rendered":"MONEDERO COACH"},"content":{"rendered":"<p>Tipo: monedero<\/p>\n<p>Tama\u00f1o: mediano<\/p>\n<p>Cantidad de dep\u00f3sitos: 1<\/p>\n<p>Color: Caf\u00e9 claro \/ Blanco hueso<\/p>\n","protected":false},"excerpt":{"rendered":"<p>Tipo: monedero Tama\u00f1o: mediano Cantidad de dep\u00f3sitos: 1 Color: Caf\u00e9 claro \/ Blanco hueso<\/p>\n","protected":false},"featured_media":32460,"comment_status":"open","ping_status":"closed","template":"","meta":{"_monsterinsights_skip_tracking":false,"_monsterinsights_sitenote_active":false,"_monsterinsights_sitenote_note":"","_monsterinsights_sitenote_category":0},"product_cat":[51],"product_tag":[],"_links":{"self":[{"href":"https:\/\/tiendasdyo.com\/index.php\/wp-json\/wp\/v2\/product\/31392"}],"collection":[{"href":"https:\/\/tiendasdyo.com\/index.php\/wp-json\/wp\/v2\/product"}],"about":[{"href":"https:\/\/tiendasdyo.com\/index.php\/wp-json\/wp\/v2\/types\/product"}],"replies":[{"embeddable":true,"href":"https:\/\/tiendasdyo.com\/index.php\/wp-json\/wp\/v2\/comments?post=31392"}],"version-history":[{"count":1,"href":"https:\/\/tiendasdyo.com\/index.php\/wp-json\/wp\/v2\/product\/31392\/revisions"}],"predecessor-version":[{"id":31393,"href":"https:\/\/tiendasdyo.com\/index.php\/wp-json\/wp\/v2\/product\/31392\/revisions\/31393"}],"wp:featuredmedia":[{"embeddable":true,"href":"https:\/\/tiendasdyo.com\/index.php\/wp-json\/wp\/v2\/media\/32460"}],"wp:attachment":[{"href":"https:\/\/tiendasdyo.com\/index.php\/wp-json\/wp\/v2\/media?parent=31392"}],"wp:term":[{"taxonomy":"product_cat","embeddable":true,"href":"https:\/\/tiendasdyo.com\/index.php\/wp-json\/wp\/v2\/product_cat?post=31392"},{"taxonomy":"product_tag","embeddable":true,"href":"https:\/\/tiendasdyo.com\/index.php\/wp-json\/wp\/v2\/product_tag?post=31392"}],"curies":[{"name":"wp","href":"https:\/\/api.w.org\/{rel}","templated":true}]}}