{"id":31531,"date":"2025-11-24T17:44:39","date_gmt":"2025-11-24T16:44:39","guid":{"rendered":"https:\/\/tiendasdyo.com\/?post_type=product&#038;p=31531"},"modified":"2025-11-24T17:45:12","modified_gmt":"2025-11-24T16:45:12","slug":"cartera-michael-kors-3","status":"publish","type":"product","link":"https:\/\/tiendasdyo.com\/index.php\/product\/cartera-michael-kors-3\/","title":{"rendered":"CARTERA MICHAEL KORS"},"content":{"rendered":"<ul>\n<li>Tipo: cartera<\/li>\n<li>Tama\u00f1o: peque\u00f1a<\/li>\n<li>Cantidad de dep\u00f3sitos: 2<\/li>\n<li>Color: negro<\/li>\n<\/ul>\n","protected":false},"excerpt":{"rendered":"<p>Tipo: cartera Tama\u00f1o: peque\u00f1a Cantidad de dep\u00f3sitos: 2 Color: negro<\/p>\n","protected":false},"featured_media":31528,"comment_status":"open","ping_status":"closed","template":"","meta":{"_monsterinsights_skip_tracking":false,"_monsterinsights_sitenote_active":false,"_monsterinsights_sitenote_note":"","_monsterinsights_sitenote_category":0},"product_cat":[55],"product_tag":[],"_links":{"self":[{"href":"https:\/\/tiendasdyo.com\/index.php\/wp-json\/wp\/v2\/product\/31531"}],"collection":[{"href":"https:\/\/tiendasdyo.com\/index.php\/wp-json\/wp\/v2\/product"}],"about":[{"href":"https:\/\/tiendasdyo.com\/index.php\/wp-json\/wp\/v2\/types\/product"}],"replies":[{"embeddable":true,"href":"https:\/\/tiendasdyo.com\/index.php\/wp-json\/wp\/v2\/comments?post=31531"}],"version-history":[{"count":1,"href":"https:\/\/tiendasdyo.com\/index.php\/wp-json\/wp\/v2\/product\/31531\/revisions"}],"predecessor-version":[{"id":31532,"href":"https:\/\/tiendasdyo.com\/index.php\/wp-json\/wp\/v2\/product\/31531\/revisions\/31532"}],"wp:featuredmedia":[{"embeddable":true,"href":"https:\/\/tiendasdyo.com\/index.php\/wp-json\/wp\/v2\/media\/31528"}],"wp:attachment":[{"href":"https:\/\/tiendasdyo.com\/index.php\/wp-json\/wp\/v2\/media?parent=31531"}],"wp:term":[{"taxonomy":"product_cat","embeddable":true,"href":"https:\/\/tiendasdyo.com\/index.php\/wp-json\/wp\/v2\/product_cat?post=31531"},{"taxonomy":"product_tag","embeddable":true,"href":"https:\/\/tiendasdyo.com\/index.php\/wp-json\/wp\/v2\/product_tag?post=31531"}],"curies":[{"name":"wp","href":"https:\/\/api.w.org\/{rel}","templated":true}]}}