{"id":31533,"date":"2025-11-24T17:58:21","date_gmt":"2025-11-24T16:58:21","guid":{"rendered":"https:\/\/tiendasdyo.com\/?post_type=product&#038;p=31533"},"modified":"2025-11-24T17:58:21","modified_gmt":"2025-11-24T16:58:21","slug":"cartera-tommy-hilfiger","status":"publish","type":"product","link":"https:\/\/tiendasdyo.com\/index.php\/product\/cartera-tommy-hilfiger\/","title":{"rendered":"CARTERA TOMMY HILFIGER"},"content":{"rendered":"<ul>\n<li>Tipo: cartera<\/li>\n<li>Tama\u00f1o: Grande<\/li>\n<li>Cantidad de dep\u00f3sitos: 1<\/li>\n<li>Color: Caf\u00e9<\/li>\n<\/ul>\n","protected":false},"excerpt":{"rendered":"<p>Tipo: cartera Tama\u00f1o: Grande Cantidad de dep\u00f3sitos: 1 Color: Caf\u00e9<\/p>\n","protected":false},"featured_media":31525,"comment_status":"open","ping_status":"closed","template":"","meta":{"_monsterinsights_skip_tracking":false,"_monsterinsights_sitenote_active":false,"_monsterinsights_sitenote_note":"","_monsterinsights_sitenote_category":0},"product_cat":[55],"product_tag":[],"_links":{"self":[{"href":"https:\/\/tiendasdyo.com\/index.php\/wp-json\/wp\/v2\/product\/31533"}],"collection":[{"href":"https:\/\/tiendasdyo.com\/index.php\/wp-json\/wp\/v2\/product"}],"about":[{"href":"https:\/\/tiendasdyo.com\/index.php\/wp-json\/wp\/v2\/types\/product"}],"replies":[{"embeddable":true,"href":"https:\/\/tiendasdyo.com\/index.php\/wp-json\/wp\/v2\/comments?post=31533"}],"version-history":[{"count":1,"href":"https:\/\/tiendasdyo.com\/index.php\/wp-json\/wp\/v2\/product\/31533\/revisions"}],"predecessor-version":[{"id":31534,"href":"https:\/\/tiendasdyo.com\/index.php\/wp-json\/wp\/v2\/product\/31533\/revisions\/31534"}],"wp:featuredmedia":[{"embeddable":true,"href":"https:\/\/tiendasdyo.com\/index.php\/wp-json\/wp\/v2\/media\/31525"}],"wp:attachment":[{"href":"https:\/\/tiendasdyo.com\/index.php\/wp-json\/wp\/v2\/media?parent=31533"}],"wp:term":[{"taxonomy":"product_cat","embeddable":true,"href":"https:\/\/tiendasdyo.com\/index.php\/wp-json\/wp\/v2\/product_cat?post=31533"},{"taxonomy":"product_tag","embeddable":true,"href":"https:\/\/tiendasdyo.com\/index.php\/wp-json\/wp\/v2\/product_tag?post=31533"}],"curies":[{"name":"wp","href":"https:\/\/api.w.org\/{rel}","templated":true}]}}