{"id":32170,"date":"2026-01-10T17:54:56","date_gmt":"2026-01-10T16:54:56","guid":{"rendered":"https:\/\/tiendasdyo.com\/?post_type=product&#038;p=32170"},"modified":"2026-01-10T17:56:07","modified_gmt":"2026-01-10T16:56:07","slug":"lacoste-red","status":"publish","type":"product","link":"https:\/\/tiendasdyo.com\/index.php\/product\/lacoste-red\/","title":{"rendered":"LACOSTE RED"},"content":{"rendered":"<p><a class=\"GI370e\" href=\"https:\/\/www.google.com\/search?q=Lacoste+Red&amp;rlz=1C1RXQR_enHN1105HN1105&amp;oq=A+QUE+HUELE+LA+LACOSTE+RED&amp;gs_lcrp=EgZjaHJvbWUyBggAEEUYOTIICAEQABgWGB4yCggCEAAYgAQYogQyCggDEAAYgAQYogQyBggEEEUYQDIGCAUQRRhA0gEINjc5N2owajeoAgCwAgA&amp;sourceid=chrome&amp;ie=UTF-8&amp;mstk=AUtExfASeksKlGBmLb6qiU7VzBYGiI3ah7hNe8WgY28-8jMMhyVnorhlgfbvEXG2QTVnJpR2TnPIsau6nF7YDXnPzd-YosvxNXbnuE6VtezKkKKSe4mSDRE2E-odLlZFUmdr6pOo8aUqamxW4VKdvWTstkfjzdPrjzmrfKzouXTGRqbsh1U&amp;csui=3&amp;ved=2ahUKEwjW2KuUuIGSAxWhQjABHWCJIkQQgK4QegQIARAB\" data-ved=\"2ahUKEwjW2KuUuIGSAxWhQjABHWCJIkQQgK4QegQIARAB\" data-hveid=\"CAEQAQ\" data-processed=\"true\">Lacoste Red<\/a>\u00a0huele a una\u00a0<mark class=\"HxTRcb\" data-processed=\"true\">mezcla fresca y amaderada<\/mark>\u00a0que comienza con\u00a0<strong class=\"Yjhzub\" data-processed=\"true\"><a class=\"GI370e\" href=\"https:\/\/www.google.com\/search?q=manzana+verde&amp;rlz=1C1RXQR_enHN1105HN1105&amp;oq=A+QUE+HUELE+LA+LACOSTE+RED&amp;gs_lcrp=EgZjaHJvbWUyBggAEEUYOTIICAEQABgWGB4yCggCEAAYgAQYogQyCggDEAAYgAQYogQyBggEEEUYQDIGCAUQRRhA0gEINjc5N2owajeoAgCwAgA&amp;sourceid=chrome&amp;ie=UTF-8&amp;mstk=AUtExfASeksKlGBmLb6qiU7VzBYGiI3ah7hNe8WgY28-8jMMhyVnorhlgfbvEXG2QTVnJpR2TnPIsau6nF7YDXnPzd-YosvxNXbnuE6VtezKkKKSe4mSDRE2E-odLlZFUmdr6pOo8aUqamxW4VKdvWTstkfjzdPrjzmrfKzouXTGRqbsh1U&amp;csui=3&amp;ved=2ahUKEwjW2KuUuIGSAxWhQjABHWCJIkQQgK4QegQIARAD\" data-ved=\"2ahUKEwjW2KuUuIGSAxWhQjABHWCJIkQQgK4QegQIARAD\" data-hveid=\"CAEQAw\" data-processed=\"true\">manzana verde<\/a><\/strong>\u00a0crujiente, evoluciona hacia un coraz\u00f3n de\u00a0<strong class=\"Yjhzub\" data-processed=\"true\">pino<\/strong>\u00a0y termina con una base c\u00e1lida y terrosa de\u00a0<strong class=\"Yjhzub\" data-processed=\"true\"><a class=\"GI370e\" href=\"https:\/\/www.google.com\/search?q=pachul%C3%AD&amp;rlz=1C1RXQR_enHN1105HN1105&amp;oq=A+QUE+HUELE+LA+LACOSTE+RED&amp;gs_lcrp=EgZjaHJvbWUyBggAEEUYOTIICAEQABgWGB4yCggCEAAYgAQYogQyCggDEAAYgAQYogQyBggEEEUYQDIGCAUQRRhA0gEINjc5N2owajeoAgCwAgA&amp;sourceid=chrome&amp;ie=UTF-8&amp;mstk=AUtExfASeksKlGBmLb6qiU7VzBYGiI3ah7hNe8WgY28-8jMMhyVnorhlgfbvEXG2QTVnJpR2TnPIsau6nF7YDXnPzd-YosvxNXbnuE6VtezKkKKSe4mSDRE2E-odLlZFUmdr6pOo8aUqamxW4VKdvWTstkfjzdPrjzmrfKzouXTGRqbsh1U&amp;csui=3&amp;ved=2ahUKEwjW2KuUuIGSAxWhQjABHWCJIkQQgK4QegQIARAE\" data-ved=\"2ahUKEwjW2KuUuIGSAxWhQjABHWCJIkQQgK4QegQIARAE\" data-hveid=\"CAEQBA\" data-processed=\"true\">pachul\u00ed<\/a><\/strong>\u00a0y\u00a0<strong class=\"Yjhzub\" data-processed=\"true\"><a class=\"GI370e\" href=\"https:\/\/www.google.com\/search?q=vetiver&amp;rlz=1C1RXQR_enHN1105HN1105&amp;oq=A+QUE+HUELE+LA+LACOSTE+RED&amp;gs_lcrp=EgZjaHJvbWUyBggAEEUYOTIICAEQABgWGB4yCggCEAAYgAQYogQyCggDEAAYgAQYogQyBggEEEUYQDIGCAUQRRhA0gEINjc5N2owajeoAgCwAgA&amp;sourceid=chrome&amp;ie=UTF-8&amp;mstk=AUtExfASeksKlGBmLb6qiU7VzBYGiI3ah7hNe8WgY28-8jMMhyVnorhlgfbvEXG2QTVnJpR2TnPIsau6nF7YDXnPzd-YosvxNXbnuE6VtezKkKKSe4mSDRE2E-odLlZFUmdr6pOo8aUqamxW4VKdvWTstkfjzdPrjzmrfKzouXTGRqbsh1U&amp;csui=3&amp;ved=2ahUKEwjW2KuUuIGSAxWhQjABHWCJIkQQgK4QegQIARAF\" data-ved=\"2ahUKEwjW2KuUuIGSAxWhQjABHWCJIkQQgK4QegQIARAF\" data-hveid=\"CAEQBQ\" data-processed=\"true\">vetiver<\/a><\/strong>, creando un aroma masculino, din\u00e1mico y vers\u00e1til, ideal para uso diario y climas c\u00e1lidos.<\/p>\n","protected":false},"excerpt":{"rendered":"<p>Lacoste Red\u00a0huele a una\u00a0mezcla fresca y amaderada\u00a0que comienza con\u00a0manzana verde\u00a0crujiente, evoluciona hacia un coraz\u00f3n de\u00a0pino\u00a0y termina con una base c\u00e1lida<\/p>\n","protected":false},"featured_media":32171,"comment_status":"open","ping_status":"closed","template":"","meta":{"_monsterinsights_skip_tracking":false,"_monsterinsights_sitenote_active":false,"_monsterinsights_sitenote_note":"","_monsterinsights_sitenote_category":0},"product_cat":[41],"product_tag":[],"_links":{"self":[{"href":"https:\/\/tiendasdyo.com\/index.php\/wp-json\/wp\/v2\/product\/32170"}],"collection":[{"href":"https:\/\/tiendasdyo.com\/index.php\/wp-json\/wp\/v2\/product"}],"about":[{"href":"https:\/\/tiendasdyo.com\/index.php\/wp-json\/wp\/v2\/types\/product"}],"replies":[{"embeddable":true,"href":"https:\/\/tiendasdyo.com\/index.php\/wp-json\/wp\/v2\/comments?post=32170"}],"version-history":[{"count":1,"href":"https:\/\/tiendasdyo.com\/index.php\/wp-json\/wp\/v2\/product\/32170\/revisions"}],"predecessor-version":[{"id":32172,"href":"https:\/\/tiendasdyo.com\/index.php\/wp-json\/wp\/v2\/product\/32170\/revisions\/32172"}],"wp:featuredmedia":[{"embeddable":true,"href":"https:\/\/tiendasdyo.com\/index.php\/wp-json\/wp\/v2\/media\/32171"}],"wp:attachment":[{"href":"https:\/\/tiendasdyo.com\/index.php\/wp-json\/wp\/v2\/media?parent=32170"}],"wp:term":[{"taxonomy":"product_cat","embeddable":true,"href":"https:\/\/tiendasdyo.com\/index.php\/wp-json\/wp\/v2\/product_cat?post=32170"},{"taxonomy":"product_tag","embeddable":true,"href":"https:\/\/tiendasdyo.com\/index.php\/wp-json\/wp\/v2\/product_tag?post=32170"}],"curies":[{"name":"wp","href":"https:\/\/api.w.org\/{rel}","templated":true}]}}