{"id":32529,"date":"2026-02-23T16:42:21","date_gmt":"2026-02-23T15:42:21","guid":{"rendered":"https:\/\/tiendasdyo.com\/?post_type=product&#038;p=32529"},"modified":"2026-02-23T16:42:21","modified_gmt":"2026-02-23T15:42:21","slug":"set-pure-xs-paco-rabanne-2","status":"publish","type":"product","link":"https:\/\/tiendasdyo.com\/index.php\/product\/set-pure-xs-paco-rabanne-2\/","title":{"rendered":"SET PURE XS PACO RABANNE"},"content":{"rendered":"<p>El perfume Paco Rabanne XS para hombre tiene un aroma fresco e incandescente. Sus notas de salida incluyen menta helada y cedro, que se fusionan en una fusi\u00f3n de alto voltaje. En el coraz\u00f3n, se encuentran jazm\u00edn, canela y pimienta, mientras que la base est\u00e1 compuesta por madera de s\u00e1ndalo, \u00e1mbar y musgo de roble. Este perfume es ideal para quienes buscan un aroma seductor y duradero, perfecto para el uso diario y ocasiones especiales.<\/p>\n","protected":false},"excerpt":{"rendered":"<p>El perfume Paco Rabanne XS para hombre tiene un aroma fresco e incandescente. Sus notas de salida incluyen menta helada<\/p>\n","protected":false},"featured_media":32493,"comment_status":"open","ping_status":"closed","template":"","meta":{"_monsterinsights_skip_tracking":false,"_monsterinsights_sitenote_active":false,"_monsterinsights_sitenote_note":"","_monsterinsights_sitenote_category":0},"product_cat":[41],"product_tag":[],"_links":{"self":[{"href":"https:\/\/tiendasdyo.com\/index.php\/wp-json\/wp\/v2\/product\/32529"}],"collection":[{"href":"https:\/\/tiendasdyo.com\/index.php\/wp-json\/wp\/v2\/product"}],"about":[{"href":"https:\/\/tiendasdyo.com\/index.php\/wp-json\/wp\/v2\/types\/product"}],"replies":[{"embeddable":true,"href":"https:\/\/tiendasdyo.com\/index.php\/wp-json\/wp\/v2\/comments?post=32529"}],"version-history":[{"count":1,"href":"https:\/\/tiendasdyo.com\/index.php\/wp-json\/wp\/v2\/product\/32529\/revisions"}],"predecessor-version":[{"id":32530,"href":"https:\/\/tiendasdyo.com\/index.php\/wp-json\/wp\/v2\/product\/32529\/revisions\/32530"}],"wp:featuredmedia":[{"embeddable":true,"href":"https:\/\/tiendasdyo.com\/index.php\/wp-json\/wp\/v2\/media\/32493"}],"wp:attachment":[{"href":"https:\/\/tiendasdyo.com\/index.php\/wp-json\/wp\/v2\/media?parent=32529"}],"wp:term":[{"taxonomy":"product_cat","embeddable":true,"href":"https:\/\/tiendasdyo.com\/index.php\/wp-json\/wp\/v2\/product_cat?post=32529"},{"taxonomy":"product_tag","embeddable":true,"href":"https:\/\/tiendasdyo.com\/index.php\/wp-json\/wp\/v2\/product_tag?post=32529"}],"curies":[{"name":"wp","href":"https:\/\/api.w.org\/{rel}","templated":true}]}}