{"id":32548,"date":"2026-02-23T17:19:33","date_gmt":"2026-02-23T16:19:33","guid":{"rendered":"https:\/\/tiendasdyo.com\/?post_type=product&#038;p=32548"},"modified":"2026-02-23T17:19:33","modified_gmt":"2026-02-23T16:19:33","slug":"one-million-paco-rabanne","status":"publish","type":"product","link":"https:\/\/tiendasdyo.com\/index.php\/product\/one-million-paco-rabanne\/","title":{"rendered":"ONE MILLION PACO RABANNE"},"content":{"rendered":"<p>El One Million de Paco Rabanne es un perfume que se caracteriza por su combinaci\u00f3n de notas amaderadas y especiadas, con toques frescos, notas florales y frutas jugosas. Desde el primer spray, se perciben notas de mandarina roja y menta fresca, que le dan un car\u00e1cter vibrante y casi el\u00e9ctrico. Adem\u00e1s, se sit\u00faa entre la familia oriental y la madera, lo que le confiere una riqueza y complejidad \u00fanicas.<\/p>\n","protected":false},"excerpt":{"rendered":"<p>El One Million de Paco Rabanne es un perfume que se caracteriza por su combinaci\u00f3n de notas amaderadas y especiadas,<\/p>\n","protected":false},"featured_media":32514,"comment_status":"open","ping_status":"closed","template":"","meta":{"_monsterinsights_skip_tracking":false,"_monsterinsights_sitenote_active":false,"_monsterinsights_sitenote_note":"","_monsterinsights_sitenote_category":0},"product_cat":[41],"product_tag":[],"_links":{"self":[{"href":"https:\/\/tiendasdyo.com\/index.php\/wp-json\/wp\/v2\/product\/32548"}],"collection":[{"href":"https:\/\/tiendasdyo.com\/index.php\/wp-json\/wp\/v2\/product"}],"about":[{"href":"https:\/\/tiendasdyo.com\/index.php\/wp-json\/wp\/v2\/types\/product"}],"replies":[{"embeddable":true,"href":"https:\/\/tiendasdyo.com\/index.php\/wp-json\/wp\/v2\/comments?post=32548"}],"version-history":[{"count":1,"href":"https:\/\/tiendasdyo.com\/index.php\/wp-json\/wp\/v2\/product\/32548\/revisions"}],"predecessor-version":[{"id":32549,"href":"https:\/\/tiendasdyo.com\/index.php\/wp-json\/wp\/v2\/product\/32548\/revisions\/32549"}],"wp:featuredmedia":[{"embeddable":true,"href":"https:\/\/tiendasdyo.com\/index.php\/wp-json\/wp\/v2\/media\/32514"}],"wp:attachment":[{"href":"https:\/\/tiendasdyo.com\/index.php\/wp-json\/wp\/v2\/media?parent=32548"}],"wp:term":[{"taxonomy":"product_cat","embeddable":true,"href":"https:\/\/tiendasdyo.com\/index.php\/wp-json\/wp\/v2\/product_cat?post=32548"},{"taxonomy":"product_tag","embeddable":true,"href":"https:\/\/tiendasdyo.com\/index.php\/wp-json\/wp\/v2\/product_tag?post=32548"}],"curies":[{"name":"wp","href":"https:\/\/api.w.org\/{rel}","templated":true}]}}