{"id":32553,"date":"2026-02-23T17:46:49","date_gmt":"2026-02-23T16:46:49","guid":{"rendered":"https:\/\/tiendasdyo.com\/?post_type=product&#038;p=32553"},"modified":"2026-02-23T17:46:49","modified_gmt":"2026-02-23T16:46:49","slug":"polo-sport-ralph-lauren","status":"publish","type":"product","link":"https:\/\/tiendasdyo.com\/index.php\/product\/polo-sport-ralph-lauren\/","title":{"rendered":"POLO SPORT RALPH LAUREN"},"content":{"rendered":"<p>Polo Sport de Ralph Lauren es una fragancia fresca y deportiva que combina notas c\u00edtricas y marinas. Notas de salida: Lim\u00f3n, mandarina y bergamota, que aportan una explosi\u00f3n de frescura.<\/p>\n","protected":false},"excerpt":{"rendered":"<p>Polo Sport de Ralph Lauren es una fragancia fresca y deportiva que combina notas c\u00edtricas y marinas. Notas de salida:<\/p>\n","protected":false},"featured_media":32518,"comment_status":"open","ping_status":"closed","template":"","meta":{"_monsterinsights_skip_tracking":false,"_monsterinsights_sitenote_active":false,"_monsterinsights_sitenote_note":"","_monsterinsights_sitenote_category":0},"product_cat":[41],"product_tag":[],"_links":{"self":[{"href":"https:\/\/tiendasdyo.com\/index.php\/wp-json\/wp\/v2\/product\/32553"}],"collection":[{"href":"https:\/\/tiendasdyo.com\/index.php\/wp-json\/wp\/v2\/product"}],"about":[{"href":"https:\/\/tiendasdyo.com\/index.php\/wp-json\/wp\/v2\/types\/product"}],"replies":[{"embeddable":true,"href":"https:\/\/tiendasdyo.com\/index.php\/wp-json\/wp\/v2\/comments?post=32553"}],"version-history":[{"count":1,"href":"https:\/\/tiendasdyo.com\/index.php\/wp-json\/wp\/v2\/product\/32553\/revisions"}],"predecessor-version":[{"id":32554,"href":"https:\/\/tiendasdyo.com\/index.php\/wp-json\/wp\/v2\/product\/32553\/revisions\/32554"}],"wp:featuredmedia":[{"embeddable":true,"href":"https:\/\/tiendasdyo.com\/index.php\/wp-json\/wp\/v2\/media\/32518"}],"wp:attachment":[{"href":"https:\/\/tiendasdyo.com\/index.php\/wp-json\/wp\/v2\/media?parent=32553"}],"wp:term":[{"taxonomy":"product_cat","embeddable":true,"href":"https:\/\/tiendasdyo.com\/index.php\/wp-json\/wp\/v2\/product_cat?post=32553"},{"taxonomy":"product_tag","embeddable":true,"href":"https:\/\/tiendasdyo.com\/index.php\/wp-json\/wp\/v2\/product_tag?post=32553"}],"curies":[{"name":"wp","href":"https:\/\/api.w.org\/{rel}","templated":true}]}}