{"id":32682,"date":"2026-02-25T23:15:45","date_gmt":"2026-02-25T22:15:45","guid":{"rendered":"https:\/\/tiendasdyo.com\/?post_type=product&#038;p=32682"},"modified":"2026-02-25T23:15:46","modified_gmt":"2026-02-25T22:15:46","slug":"miracle-lancome","status":"publish","type":"product","link":"https:\/\/tiendasdyo.com\/index.php\/product\/miracle-lancome\/","title":{"rendered":"MIRACLE LANCOME"},"content":{"rendered":"<p><b>Miracle<\/b>\u00a0de\u00a0<b>Lanc\u00f4me<\/b>\u00a0es una fragancia de la familia olfativa Floral para Mujeres.\u00a0<b>Miracle<\/b>\u00a0se lanz\u00f3 en 2000. Miracle fue creada por Harry Fremont, Alberto Morillas y Christian Dussoulier. Las Notas de Salida son lichi y fresia; las Notas de Coraz\u00f3n son magnolia, pimienta, jengibre, mandarina y jazm\u00edn; las Notas de Fondo son jazm\u00edn, almizcle y \u00e1mbar.<\/p>\n","protected":false},"excerpt":{"rendered":"<p>Miracle\u00a0de\u00a0Lanc\u00f4me\u00a0es una fragancia de la familia olfativa Floral para Mujeres.\u00a0Miracle\u00a0se lanz\u00f3 en 2000. Miracle fue creada por Harry Fremont, Alberto<\/p>\n","protected":false},"featured_media":32639,"comment_status":"open","ping_status":"closed","template":"","meta":{"_monsterinsights_skip_tracking":false,"_monsterinsights_sitenote_active":false,"_monsterinsights_sitenote_note":"","_monsterinsights_sitenote_category":0},"product_cat":[52],"product_tag":[],"_links":{"self":[{"href":"https:\/\/tiendasdyo.com\/index.php\/wp-json\/wp\/v2\/product\/32682"}],"collection":[{"href":"https:\/\/tiendasdyo.com\/index.php\/wp-json\/wp\/v2\/product"}],"about":[{"href":"https:\/\/tiendasdyo.com\/index.php\/wp-json\/wp\/v2\/types\/product"}],"replies":[{"embeddable":true,"href":"https:\/\/tiendasdyo.com\/index.php\/wp-json\/wp\/v2\/comments?post=32682"}],"version-history":[{"count":1,"href":"https:\/\/tiendasdyo.com\/index.php\/wp-json\/wp\/v2\/product\/32682\/revisions"}],"predecessor-version":[{"id":32683,"href":"https:\/\/tiendasdyo.com\/index.php\/wp-json\/wp\/v2\/product\/32682\/revisions\/32683"}],"wp:featuredmedia":[{"embeddable":true,"href":"https:\/\/tiendasdyo.com\/index.php\/wp-json\/wp\/v2\/media\/32639"}],"wp:attachment":[{"href":"https:\/\/tiendasdyo.com\/index.php\/wp-json\/wp\/v2\/media?parent=32682"}],"wp:term":[{"taxonomy":"product_cat","embeddable":true,"href":"https:\/\/tiendasdyo.com\/index.php\/wp-json\/wp\/v2\/product_cat?post=32682"},{"taxonomy":"product_tag","embeddable":true,"href":"https:\/\/tiendasdyo.com\/index.php\/wp-json\/wp\/v2\/product_tag?post=32682"}],"curies":[{"name":"wp","href":"https:\/\/api.w.org\/{rel}","templated":true}]}}