{"id":32684,"date":"2026-02-25T23:17:33","date_gmt":"2026-02-25T22:17:33","guid":{"rendered":"https:\/\/tiendasdyo.com\/?post_type=product&#038;p=32684"},"modified":"2026-02-25T23:17:33","modified_gmt":"2026-02-25T22:17:33","slug":"mod-vanilla-ariana-grande","status":"publish","type":"product","link":"https:\/\/tiendasdyo.com\/index.php\/product\/mod-vanilla-ariana-grande\/","title":{"rendered":"MOD VANILLA ARIANA GRANDE"},"content":{"rendered":"<p><b>Mod Vanilla<\/b>\u00a0de\u00a0<b>Ariana Grande<\/b>\u00a0es una fragancia de la familia olfativa Oriental Vainilla para Mujeres.\u00a0<b>Mod Vanilla<\/b>\u00a0se lanz\u00f3 en 2022. Las Notas de Salida son almizcle, ciruela y fresia rosa; las Notas de Coraz\u00f3n son pralin\u00e9 y ra\u00edz de lirio; las Notas de Fondo son vainilla y Manteca de cacao.<\/p>\n","protected":false},"excerpt":{"rendered":"<p>Mod Vanilla\u00a0de\u00a0Ariana Grande\u00a0es una fragancia de la familia olfativa Oriental Vainilla para Mujeres.\u00a0Mod Vanilla\u00a0se lanz\u00f3 en 2022. Las Notas de<\/p>\n","protected":false},"featured_media":32640,"comment_status":"open","ping_status":"closed","template":"","meta":{"_monsterinsights_skip_tracking":false,"_monsterinsights_sitenote_active":false,"_monsterinsights_sitenote_note":"","_monsterinsights_sitenote_category":0},"product_cat":[52],"product_tag":[],"_links":{"self":[{"href":"https:\/\/tiendasdyo.com\/index.php\/wp-json\/wp\/v2\/product\/32684"}],"collection":[{"href":"https:\/\/tiendasdyo.com\/index.php\/wp-json\/wp\/v2\/product"}],"about":[{"href":"https:\/\/tiendasdyo.com\/index.php\/wp-json\/wp\/v2\/types\/product"}],"replies":[{"embeddable":true,"href":"https:\/\/tiendasdyo.com\/index.php\/wp-json\/wp\/v2\/comments?post=32684"}],"version-history":[{"count":1,"href":"https:\/\/tiendasdyo.com\/index.php\/wp-json\/wp\/v2\/product\/32684\/revisions"}],"predecessor-version":[{"id":32685,"href":"https:\/\/tiendasdyo.com\/index.php\/wp-json\/wp\/v2\/product\/32684\/revisions\/32685"}],"wp:featuredmedia":[{"embeddable":true,"href":"https:\/\/tiendasdyo.com\/index.php\/wp-json\/wp\/v2\/media\/32640"}],"wp:attachment":[{"href":"https:\/\/tiendasdyo.com\/index.php\/wp-json\/wp\/v2\/media?parent=32684"}],"wp:term":[{"taxonomy":"product_cat","embeddable":true,"href":"https:\/\/tiendasdyo.com\/index.php\/wp-json\/wp\/v2\/product_cat?post=32684"},{"taxonomy":"product_tag","embeddable":true,"href":"https:\/\/tiendasdyo.com\/index.php\/wp-json\/wp\/v2\/product_tag?post=32684"}],"curies":[{"name":"wp","href":"https:\/\/api.w.org\/{rel}","templated":true}]}}