{"id":32686,"date":"2026-02-25T23:20:05","date_gmt":"2026-02-25T22:20:05","guid":{"rendered":"https:\/\/tiendasdyo.com\/?post_type=product&#038;p=32686"},"modified":"2026-02-25T23:20:05","modified_gmt":"2026-02-25T22:20:05","slug":"cloud-ariana-grande","status":"publish","type":"product","link":"https:\/\/tiendasdyo.com\/index.php\/product\/cloud-ariana-grande\/","title":{"rendered":"CLOUD ARIANA GRANDE"},"content":{"rendered":"<p>Notas principales La versi\u00f3n original de Cloud (frasco azul) pertenece a la familia floral frutal gourmand y se caracteriza por: Notas de salida: lavanda, pera y bergamota, que aportan frescura y un toque frutal vibrante.<\/p>\n<p>Notas de coraz\u00f3n: crema batida, pralin\u00e9 y coco, que crean una sensaci\u00f3n dulce, cremosa y envolvente.<\/p>\n","protected":false},"excerpt":{"rendered":"<p>Notas principales La versi\u00f3n original de Cloud (frasco azul) pertenece a la familia floral frutal gourmand y se caracteriza por:<\/p>\n","protected":false},"featured_media":32641,"comment_status":"open","ping_status":"closed","template":"","meta":{"_monsterinsights_skip_tracking":false,"_monsterinsights_sitenote_active":false,"_monsterinsights_sitenote_note":"","_monsterinsights_sitenote_category":0},"product_cat":[52],"product_tag":[],"_links":{"self":[{"href":"https:\/\/tiendasdyo.com\/index.php\/wp-json\/wp\/v2\/product\/32686"}],"collection":[{"href":"https:\/\/tiendasdyo.com\/index.php\/wp-json\/wp\/v2\/product"}],"about":[{"href":"https:\/\/tiendasdyo.com\/index.php\/wp-json\/wp\/v2\/types\/product"}],"replies":[{"embeddable":true,"href":"https:\/\/tiendasdyo.com\/index.php\/wp-json\/wp\/v2\/comments?post=32686"}],"version-history":[{"count":1,"href":"https:\/\/tiendasdyo.com\/index.php\/wp-json\/wp\/v2\/product\/32686\/revisions"}],"predecessor-version":[{"id":32687,"href":"https:\/\/tiendasdyo.com\/index.php\/wp-json\/wp\/v2\/product\/32686\/revisions\/32687"}],"wp:featuredmedia":[{"embeddable":true,"href":"https:\/\/tiendasdyo.com\/index.php\/wp-json\/wp\/v2\/media\/32641"}],"wp:attachment":[{"href":"https:\/\/tiendasdyo.com\/index.php\/wp-json\/wp\/v2\/media?parent=32686"}],"wp:term":[{"taxonomy":"product_cat","embeddable":true,"href":"https:\/\/tiendasdyo.com\/index.php\/wp-json\/wp\/v2\/product_cat?post=32686"},{"taxonomy":"product_tag","embeddable":true,"href":"https:\/\/tiendasdyo.com\/index.php\/wp-json\/wp\/v2\/product_tag?post=32686"}],"curies":[{"name":"wp","href":"https:\/\/api.w.org\/{rel}","templated":true}]}}