{"id":32700,"date":"2026-02-27T18:46:27","date_gmt":"2026-02-27T17:46:27","guid":{"rendered":"https:\/\/tiendasdyo.com\/?post_type=product&#038;p=32700"},"modified":"2026-02-27T18:46:27","modified_gmt":"2026-02-27T17:46:27","slug":"set-cloud-pink-ariana-grande","status":"publish","type":"product","link":"https:\/\/tiendasdyo.com\/index.php\/product\/set-cloud-pink-ariana-grande\/","title":{"rendered":"SET CLOUD PINK ARIANA GRANDE"},"content":{"rendered":"<p>Cloud Pink de Ariana Grande es una fragancia que combina notas frutales y c\u00e1lidas. Sus notas de salida incluyen pitahaya, bayas silvestres y pi\u00f1a, mientras que en el coraz\u00f3n se encuentran agua de coco, orqu\u00eddea de vainilla y almizcle ambreta. La base del perfume es c\u00e1lida y seductora, con notas de pralin\u00e9, almizcle, amebro y musgo. Esta fragancia es ideal para quienes buscan un aroma dulce y envolvente, perfecto para cualquier momento del d\u00eda.<\/p>\n","protected":false},"excerpt":{"rendered":"<p>Cloud Pink de Ariana Grande es una fragancia que combina notas frutales y c\u00e1lidas. Sus notas de salida incluyen pitahaya,<\/p>\n","protected":false},"featured_media":32652,"comment_status":"open","ping_status":"closed","template":"","meta":{"_monsterinsights_skip_tracking":false,"_monsterinsights_sitenote_active":false,"_monsterinsights_sitenote_note":"","_monsterinsights_sitenote_category":0},"product_cat":[52],"product_tag":[],"_links":{"self":[{"href":"https:\/\/tiendasdyo.com\/index.php\/wp-json\/wp\/v2\/product\/32700"}],"collection":[{"href":"https:\/\/tiendasdyo.com\/index.php\/wp-json\/wp\/v2\/product"}],"about":[{"href":"https:\/\/tiendasdyo.com\/index.php\/wp-json\/wp\/v2\/types\/product"}],"replies":[{"embeddable":true,"href":"https:\/\/tiendasdyo.com\/index.php\/wp-json\/wp\/v2\/comments?post=32700"}],"version-history":[{"count":1,"href":"https:\/\/tiendasdyo.com\/index.php\/wp-json\/wp\/v2\/product\/32700\/revisions"}],"predecessor-version":[{"id":32701,"href":"https:\/\/tiendasdyo.com\/index.php\/wp-json\/wp\/v2\/product\/32700\/revisions\/32701"}],"wp:featuredmedia":[{"embeddable":true,"href":"https:\/\/tiendasdyo.com\/index.php\/wp-json\/wp\/v2\/media\/32652"}],"wp:attachment":[{"href":"https:\/\/tiendasdyo.com\/index.php\/wp-json\/wp\/v2\/media?parent=32700"}],"wp:term":[{"taxonomy":"product_cat","embeddable":true,"href":"https:\/\/tiendasdyo.com\/index.php\/wp-json\/wp\/v2\/product_cat?post=32700"},{"taxonomy":"product_tag","embeddable":true,"href":"https:\/\/tiendasdyo.com\/index.php\/wp-json\/wp\/v2\/product_tag?post=32700"}],"curies":[{"name":"wp","href":"https:\/\/api.w.org\/{rel}","templated":true}]}}