{"id":32718,"date":"2026-02-27T21:23:25","date_gmt":"2026-02-27T20:23:25","guid":{"rendered":"https:\/\/tiendasdyo.com\/?post_type=product&#038;p=32718"},"modified":"2026-02-27T21:23:25","modified_gmt":"2026-02-27T20:23:25","slug":"set-dolce-gabbana-light-blue","status":"publish","type":"product","link":"https:\/\/tiendasdyo.com\/index.php\/product\/set-dolce-gabbana-light-blue\/","title":{"rendered":"SET DOLCE &#038; GABBANA LIGHT BLUE"},"content":{"rendered":"<p>Light Blue huele a frescura mediterr\u00e1nea con notas c\u00edtricas, florales y amaderadas, transmitiendo elegancia, limpieza y vitalidad. Notas olfativas Notas de salida: Lim\u00f3n siciliano, manzana verde, toronja y mandarina, que aportan una sensaci\u00f3n fresca, energ\u00e9tica y revitalizante desde el primer instante.<\/p>\n","protected":false},"excerpt":{"rendered":"<p>Light Blue huele a frescura mediterr\u00e1nea con notas c\u00edtricas, florales y amaderadas, transmitiendo elegancia, limpieza y vitalidad. Notas olfativas Notas<\/p>\n","protected":false},"featured_media":32669,"comment_status":"open","ping_status":"closed","template":"","meta":{"_monsterinsights_skip_tracking":false,"_monsterinsights_sitenote_active":false,"_monsterinsights_sitenote_note":"","_monsterinsights_sitenote_category":0},"product_cat":[52],"product_tag":[],"_links":{"self":[{"href":"https:\/\/tiendasdyo.com\/index.php\/wp-json\/wp\/v2\/product\/32718"}],"collection":[{"href":"https:\/\/tiendasdyo.com\/index.php\/wp-json\/wp\/v2\/product"}],"about":[{"href":"https:\/\/tiendasdyo.com\/index.php\/wp-json\/wp\/v2\/types\/product"}],"replies":[{"embeddable":true,"href":"https:\/\/tiendasdyo.com\/index.php\/wp-json\/wp\/v2\/comments?post=32718"}],"version-history":[{"count":1,"href":"https:\/\/tiendasdyo.com\/index.php\/wp-json\/wp\/v2\/product\/32718\/revisions"}],"predecessor-version":[{"id":32719,"href":"https:\/\/tiendasdyo.com\/index.php\/wp-json\/wp\/v2\/product\/32718\/revisions\/32719"}],"wp:featuredmedia":[{"embeddable":true,"href":"https:\/\/tiendasdyo.com\/index.php\/wp-json\/wp\/v2\/media\/32669"}],"wp:attachment":[{"href":"https:\/\/tiendasdyo.com\/index.php\/wp-json\/wp\/v2\/media?parent=32718"}],"wp:term":[{"taxonomy":"product_cat","embeddable":true,"href":"https:\/\/tiendasdyo.com\/index.php\/wp-json\/wp\/v2\/product_cat?post=32718"},{"taxonomy":"product_tag","embeddable":true,"href":"https:\/\/tiendasdyo.com\/index.php\/wp-json\/wp\/v2\/product_tag?post=32718"}],"curies":[{"name":"wp","href":"https:\/\/api.w.org\/{rel}","templated":true}]}}