{"id":32912,"date":"2026-03-12T21:36:29","date_gmt":"2026-03-12T20:36:29","guid":{"rendered":"https:\/\/tiendasdyo.com\/?post_type=product&#038;p=32912"},"modified":"2026-03-12T21:36:29","modified_gmt":"2026-03-12T20:36:29","slug":"shower-gel-into-the-night","status":"publish","type":"product","link":"https:\/\/tiendasdyo.com\/index.php\/product\/shower-gel-into-the-night\/","title":{"rendered":"SHOWER GEL INTO THE NIGHT"},"content":{"rendered":"<p>A qu\u00e9 huele: una noche atemporal, brillante y seductora en la ciudad.<\/p>\n<p>Notas fraganciales: frambuesa negra, cristales de \u00e1mbar, p\u00e9talos de rosa aterciopelados, pachul\u00ed cremoso y almizcle moka.<\/p>\n","protected":false},"excerpt":{"rendered":"<p>A qu\u00e9 huele: una noche atemporal, brillante y seductora en la ciudad. Notas fraganciales: frambuesa negra, cristales de \u00e1mbar, p\u00e9talos<\/p>\n","protected":false},"featured_media":32807,"comment_status":"open","ping_status":"closed","template":"","meta":{"_monsterinsights_skip_tracking":false,"_monsterinsights_sitenote_active":false,"_monsterinsights_sitenote_note":"","_monsterinsights_sitenote_category":0},"product_cat":[57],"product_tag":[],"_links":{"self":[{"href":"https:\/\/tiendasdyo.com\/index.php\/wp-json\/wp\/v2\/product\/32912"}],"collection":[{"href":"https:\/\/tiendasdyo.com\/index.php\/wp-json\/wp\/v2\/product"}],"about":[{"href":"https:\/\/tiendasdyo.com\/index.php\/wp-json\/wp\/v2\/types\/product"}],"replies":[{"embeddable":true,"href":"https:\/\/tiendasdyo.com\/index.php\/wp-json\/wp\/v2\/comments?post=32912"}],"version-history":[{"count":1,"href":"https:\/\/tiendasdyo.com\/index.php\/wp-json\/wp\/v2\/product\/32912\/revisions"}],"predecessor-version":[{"id":32913,"href":"https:\/\/tiendasdyo.com\/index.php\/wp-json\/wp\/v2\/product\/32912\/revisions\/32913"}],"wp:featuredmedia":[{"embeddable":true,"href":"https:\/\/tiendasdyo.com\/index.php\/wp-json\/wp\/v2\/media\/32807"}],"wp:attachment":[{"href":"https:\/\/tiendasdyo.com\/index.php\/wp-json\/wp\/v2\/media?parent=32912"}],"wp:term":[{"taxonomy":"product_cat","embeddable":true,"href":"https:\/\/tiendasdyo.com\/index.php\/wp-json\/wp\/v2\/product_cat?post=32912"},{"taxonomy":"product_tag","embeddable":true,"href":"https:\/\/tiendasdyo.com\/index.php\/wp-json\/wp\/v2\/product_tag?post=32912"}],"curies":[{"name":"wp","href":"https:\/\/api.w.org\/{rel}","templated":true}]}}