{"id":32920,"date":"2026-03-12T21:46:17","date_gmt":"2026-03-12T20:46:17","guid":{"rendered":"https:\/\/tiendasdyo.com\/?post_type=product&#038;p=32920"},"modified":"2026-03-12T21:46:17","modified_gmt":"2026-03-12T20:46:17","slug":"rose","status":"publish","type":"product","link":"https:\/\/tiendasdyo.com\/index.php\/product\/rose\/","title":{"rendered":"ROSE"},"content":{"rendered":"<p><span data-wiz-uids=\"hR0B7d_a\" data-sfc-cb=\"\" data-processed=\"true\"><a class=\"GI370e\" href=\"https:\/\/www.google.com\/search?q=Rose+de+Bath+%26+Body+Works&amp;rlz=1C1RXQR_enHN1105HN1105&amp;oq=A+QUE+HUELE+ROSE+BBW&amp;gs_lcrp=EgZjaHJvbWUyBggAEEUYOTIGCAEQRRhAMgYIAhBFGEDSAQgzNTQwajBqN6gCALACAA&amp;sourceid=chrome&amp;ie=UTF-8&amp;mstk=AUtExfBc_nkA0B3JVR9exh0-jhu8G3cLEFmGNBxKlDoXMFH4L7nJHftYK9xz5k4Bl4qARxJNsh7unanFOCm2_MtvYQAteio2UTgA_8hMmJDPsO7LO3VapUsAZky9dcLLNnhfIbmriAudd8-SzSwrzhnL4jyjCQd1kLBUlIi6uQjKjJyx9Ls&amp;csui=3&amp;ved=2ahUKEwjRhO-znZuTAxXbmYQIHWsfIuQQgK4QegQIARAB\" data-ved=\"2ahUKEwjRhO-znZuTAxXbmYQIHWsfIuQQgK4QegQIARAB\" data-hveid=\"CAEQAQ\" data-processed=\"true\">Rose de Bath &amp; Body Works<\/a><\/span>\u00a0es una fragancia fresca, ligera y femenina que combina\u00a0<mark class=\"HxTRcb\" data-sfc-cb=\"\" data-processed=\"true\">agua de rosas et\u00e9rea, p\u00e9talos de jazm\u00edn y almizcle cremoso<\/mark>. Es descrita como un aroma floral moderno, limpio y sutil, ideal para el uso diario, a menudo comparado con la sensaci\u00f3n de estar en una florister\u00eda.<\/p>\n","protected":false},"excerpt":{"rendered":"<p>Rose de Bath &amp; Body Works\u00a0es una fragancia fresca, ligera y femenina que combina\u00a0agua de rosas et\u00e9rea, p\u00e9talos de jazm\u00edn<\/p>\n","protected":false},"featured_media":32827,"comment_status":"open","ping_status":"closed","template":"","meta":{"_monsterinsights_skip_tracking":false,"_monsterinsights_sitenote_active":false,"_monsterinsights_sitenote_note":"","_monsterinsights_sitenote_category":0},"product_cat":[57],"product_tag":[],"_links":{"self":[{"href":"https:\/\/tiendasdyo.com\/index.php\/wp-json\/wp\/v2\/product\/32920"}],"collection":[{"href":"https:\/\/tiendasdyo.com\/index.php\/wp-json\/wp\/v2\/product"}],"about":[{"href":"https:\/\/tiendasdyo.com\/index.php\/wp-json\/wp\/v2\/types\/product"}],"replies":[{"embeddable":true,"href":"https:\/\/tiendasdyo.com\/index.php\/wp-json\/wp\/v2\/comments?post=32920"}],"version-history":[{"count":1,"href":"https:\/\/tiendasdyo.com\/index.php\/wp-json\/wp\/v2\/product\/32920\/revisions"}],"predecessor-version":[{"id":32921,"href":"https:\/\/tiendasdyo.com\/index.php\/wp-json\/wp\/v2\/product\/32920\/revisions\/32921"}],"wp:featuredmedia":[{"embeddable":true,"href":"https:\/\/tiendasdyo.com\/index.php\/wp-json\/wp\/v2\/media\/32827"}],"wp:attachment":[{"href":"https:\/\/tiendasdyo.com\/index.php\/wp-json\/wp\/v2\/media?parent=32920"}],"wp:term":[{"taxonomy":"product_cat","embeddable":true,"href":"https:\/\/tiendasdyo.com\/index.php\/wp-json\/wp\/v2\/product_cat?post=32920"},{"taxonomy":"product_tag","embeddable":true,"href":"https:\/\/tiendasdyo.com\/index.php\/wp-json\/wp\/v2\/product_tag?post=32920"}],"curies":[{"name":"wp","href":"https:\/\/api.w.org\/{rel}","templated":true}]}}