{"id":33006,"date":"2026-03-13T22:10:28","date_gmt":"2026-03-13T21:10:28","guid":{"rendered":"https:\/\/tiendasdyo.com\/?post_type=product&#038;p=33006"},"modified":"2026-03-13T22:10:28","modified_gmt":"2026-03-13T21:10:28","slug":"set-one-million-gold-paco-rabanne","status":"publish","type":"product","link":"https:\/\/tiendasdyo.com\/index.php\/product\/set-one-million-gold-paco-rabanne\/","title":{"rendered":"SET ONE MILLION GOLD PACO RABANNE"},"content":{"rendered":"<p><strong class=\"Yjhzub\" data-sfc-cb=\"\" data-processed=\"true\"><span data-wiz-uids=\"rhpUdf_b\" data-sfc-cb=\"\" data-processed=\"true\"><a class=\"GI370e\" href=\"https:\/\/www.google.com\/search?q=One+Million+Gold+de+Paco+Rabanne&amp;rlz=1C1RXQR_enHN1105HN1105&amp;sca_esv=ca53b7126e4fc611&amp;biw=1707&amp;bih=772&amp;sxsrf=ANbL-n47-mTSe7aj4sb7y2fB3Fwv8XmHPw%3A1773436196704&amp;ei=JH20ae7dKs26qtsP_IKNgAo&amp;ved=2ahUKEwjO4NDX5J2TAxW9kWoFHeQ_JZAQgK4QegQIARAB&amp;uact=5&amp;oq=ONE+MILLION+GOLD+PACO+RABANNE+A+QUE+HUELE&amp;gs_lp=Egxnd3Mtd2l6LXNlcnAiKU9ORSBNSUxMSU9OIEdPTEQgUEFDTyBSQUJBTk5FIEEgUVVFIEhVRUxFMgYQABgWGB4yCBAAGIAEGKIEMggQABiABBiiBDIIEAAYgAQYogQyCBAAGIAEGKIEMggQABiABBiiBEi-H1CNBVjYHHABeAGQAQCYAesCoAG7EaoBBzEuNC40LjK4AQPIAQD4AQGYAgygAo8SwgIKEAAYsAMY1gQYR8ICDRAAGIAEGLADGEMYigXCAgUQABiABMICCBAAGIAEGMsBwgIIEAAYFhgKGB7CAgUQABjvBZgDAIgGAZAGCpIHBzIuNC40LjKgB9I9sgcHMS40LjQuMrgHhxLCBwQyLTEyyAdAgAgA&amp;sclient=gws-wiz-serp\" data-ved=\"2ahUKEwjO4NDX5J2TAxW9kWoFHeQ_JZAQgK4QegQIARAB\" data-hveid=\"CAEQAQ\" data-processed=\"true\">One Million Gold de Paco Rabanne<\/a><\/span>\u00a0(2024)<\/strong>\u00a0es una\u00a0<mark class=\"HxTRcb\" data-sfc-cb=\"\" data-processed=\"true\">fragancia amaderada arom\u00e1tica intensa que huele a una versi\u00f3n m\u00e1s elegante y refinada del original, destacando notas de mandarina fresca, madera de cedro vibrante y s\u00e1ndalo cremoso<\/mark>. Tiene menos especias que la versi\u00f3n cl\u00e1sica, resultando en un aroma \u00abbrillante\u00bb, moderno y opulento, perfecto para salidas nocturnas o climas fr\u00edos.<span class=\"uJ19be notranslate\" data-wiz-uids=\"rhpUdf_f,rhpUdf_g\" data-sfc-cb=\"\" data-processed=\"true\"><span class=\"vKEkVd\" data-animation-atomic=\"\" data-wiz-attrbind=\"class=rhpUdf_e\/TKHnVd\" data-processed=\"true\"><span aria-hidden=\"true\" data-processed=\"true\">\u00a0<\/span><\/span><\/span><\/p>\n","protected":false},"excerpt":{"rendered":"<p>One Million Gold de Paco Rabanne\u00a0(2024)\u00a0es una\u00a0fragancia amaderada arom\u00e1tica intensa que huele a una versi\u00f3n m\u00e1s elegante y refinada del<\/p>\n","protected":false},"featured_media":32955,"comment_status":"open","ping_status":"closed","template":"","meta":{"_monsterinsights_skip_tracking":false,"_monsterinsights_sitenote_active":false,"_monsterinsights_sitenote_note":"","_monsterinsights_sitenote_category":0},"product_cat":[41],"product_tag":[],"_links":{"self":[{"href":"https:\/\/tiendasdyo.com\/index.php\/wp-json\/wp\/v2\/product\/33006"}],"collection":[{"href":"https:\/\/tiendasdyo.com\/index.php\/wp-json\/wp\/v2\/product"}],"about":[{"href":"https:\/\/tiendasdyo.com\/index.php\/wp-json\/wp\/v2\/types\/product"}],"replies":[{"embeddable":true,"href":"https:\/\/tiendasdyo.com\/index.php\/wp-json\/wp\/v2\/comments?post=33006"}],"version-history":[{"count":1,"href":"https:\/\/tiendasdyo.com\/index.php\/wp-json\/wp\/v2\/product\/33006\/revisions"}],"predecessor-version":[{"id":33007,"href":"https:\/\/tiendasdyo.com\/index.php\/wp-json\/wp\/v2\/product\/33006\/revisions\/33007"}],"wp:featuredmedia":[{"embeddable":true,"href":"https:\/\/tiendasdyo.com\/index.php\/wp-json\/wp\/v2\/media\/32955"}],"wp:attachment":[{"href":"https:\/\/tiendasdyo.com\/index.php\/wp-json\/wp\/v2\/media?parent=33006"}],"wp:term":[{"taxonomy":"product_cat","embeddable":true,"href":"https:\/\/tiendasdyo.com\/index.php\/wp-json\/wp\/v2\/product_cat?post=33006"},{"taxonomy":"product_tag","embeddable":true,"href":"https:\/\/tiendasdyo.com\/index.php\/wp-json\/wp\/v2\/product_tag?post=33006"}],"curies":[{"name":"wp","href":"https:\/\/api.w.org\/{rel}","templated":true}]}}