{"id":33008,"date":"2026-03-13T22:12:06","date_gmt":"2026-03-13T21:12:06","guid":{"rendered":"https:\/\/tiendasdyo.com\/?post_type=product&#038;p=33008"},"modified":"2026-03-13T22:12:07","modified_gmt":"2026-03-13T21:12:07","slug":"set-phantom-paco-rabanne","status":"publish","type":"product","link":"https:\/\/tiendasdyo.com\/index.php\/product\/set-phantom-paco-rabanne\/","title":{"rendered":"SET PHANTOM PACO RABANNE"},"content":{"rendered":"<p><span data-wiz-uids=\"ddd3gb_a\" data-sfc-cb=\"\" data-processed=\"true\"><a class=\"GI370e\" href=\"https:\/\/www.google.com\/search?q=Phantom+de+Paco+Rabanne&amp;rlz=1C1RXQR_enHN1105HN1105&amp;sca_esv=ca53b7126e4fc611&amp;biw=1707&amp;bih=772&amp;sxsrf=ANbL-n6yIWMmv25DXPijrLhtvkXDj9N65Q%3A1773436203304&amp;ei=K320ad2mEvOzqtsPrfeO6Aw&amp;ved=2ahUKEwjOi6eG5Z2TAxUWnCYFHU-AENQQgK4QegQIARAB&amp;uact=5&amp;oq=PHANTOM+PACO+RABANNE++A+QUE+HUELE&amp;gs_lp=Egxnd3Mtd2l6LXNlcnAiIVBIQU5UT00gUEFDTyBSQUJBTk5FICBBIFFVRSBIVUVMRTIGEAAYBxgeMgYQABgHGB4yBhAAGAcYHjIFEAAYgAQyBhAAGAgYHjIGEAAYCBgeMgYQABgIGB4yBhAAGAgYHjIIEAAYgAQYogQyBRAAGO8FSIYFUABYAHAAeAGQAQCYAfEBoAHxAaoBAzItMbgBA8gBAPgBAvgBAZgCAaACsgKYAwCSBwMzLTGgB88GsgcDMy0xuAeyAsIHAzUtMcgHNIAIAA&amp;sclient=gws-wiz-serp&amp;mstk=AUtExfAOBphcqWYoNw3hXdl0gO41MfIC0HrUNVg7OKMtozg4FicZ8RxUdP_Tr4w49LnUURTQUr3yCKizSxAqyDXaA3tN4DXoR9T-sw4ne7F09eWF2wbHDZLcQtisyhRf1jlTFVPQntZnOKFHdBVgXgv-hDVradT_QxsJwifx83QWCI9VEd15iuUD0xvxh6jClKhLZ1BxhGmBdcEpRfOywK5HLK6GaHiF7H333mhy59E5S1vwE3i4MU-doBVr94MUOWWyNVlSu4Oxiulg_7TmrpotjPV7af_kGlClZWZ4Pl8QmUlfZg&amp;csui=3\" data-ved=\"2ahUKEwjOi6eG5Z2TAxUWnCYFHU-AENQQgK4QegQIARAB\" data-hveid=\"CAEQAQ\" data-processed=\"true\">Phantom de Paco Rabanne<\/a><\/span>\u00a0es una fragancia arom\u00e1tica y amaderada, famosa por su aroma\u00a0<strong class=\"Yjhzub\" data-sfc-cb=\"\" data-processed=\"true\">dulce, futurista y juvenil<\/strong>.\u00a0<mark class=\"HxTRcb\" data-sfc-cb=\"\" data-processed=\"true\">Combina notas intensas de\u00a0<strong class=\"Yjhzub\" data-sfc-cb=\"\" data-processed=\"true\">lavanda<\/strong>, lim\u00f3n, vainilla adictiva y vetiver<\/mark>, creando un perfil moderno, fiestero y vers\u00e1til, ideal para llamar la atenci\u00f3n con un toque el\u00e9ctrico.<\/p>\n","protected":false},"excerpt":{"rendered":"<p>Phantom de Paco Rabanne\u00a0es una fragancia arom\u00e1tica y amaderada, famosa por su aroma\u00a0dulce, futurista y juvenil.\u00a0Combina notas intensas de\u00a0lavanda, lim\u00f3n,<\/p>\n","protected":false},"featured_media":32956,"comment_status":"open","ping_status":"closed","template":"","meta":{"_monsterinsights_skip_tracking":false,"_monsterinsights_sitenote_active":false,"_monsterinsights_sitenote_note":"","_monsterinsights_sitenote_category":0},"product_cat":[41],"product_tag":[],"_links":{"self":[{"href":"https:\/\/tiendasdyo.com\/index.php\/wp-json\/wp\/v2\/product\/33008"}],"collection":[{"href":"https:\/\/tiendasdyo.com\/index.php\/wp-json\/wp\/v2\/product"}],"about":[{"href":"https:\/\/tiendasdyo.com\/index.php\/wp-json\/wp\/v2\/types\/product"}],"replies":[{"embeddable":true,"href":"https:\/\/tiendasdyo.com\/index.php\/wp-json\/wp\/v2\/comments?post=33008"}],"version-history":[{"count":1,"href":"https:\/\/tiendasdyo.com\/index.php\/wp-json\/wp\/v2\/product\/33008\/revisions"}],"predecessor-version":[{"id":33009,"href":"https:\/\/tiendasdyo.com\/index.php\/wp-json\/wp\/v2\/product\/33008\/revisions\/33009"}],"wp:featuredmedia":[{"embeddable":true,"href":"https:\/\/tiendasdyo.com\/index.php\/wp-json\/wp\/v2\/media\/32956"}],"wp:attachment":[{"href":"https:\/\/tiendasdyo.com\/index.php\/wp-json\/wp\/v2\/media?parent=33008"}],"wp:term":[{"taxonomy":"product_cat","embeddable":true,"href":"https:\/\/tiendasdyo.com\/index.php\/wp-json\/wp\/v2\/product_cat?post=33008"},{"taxonomy":"product_tag","embeddable":true,"href":"https:\/\/tiendasdyo.com\/index.php\/wp-json\/wp\/v2\/product_tag?post=33008"}],"curies":[{"name":"wp","href":"https:\/\/api.w.org\/{rel}","templated":true}]}}