{"id":33014,"date":"2026-03-13T22:19:38","date_gmt":"2026-03-13T21:19:38","guid":{"rendered":"https:\/\/tiendasdyo.com\/?post_type=product&#038;p=33014"},"modified":"2026-03-13T22:19:38","modified_gmt":"2026-03-13T21:19:38","slug":"invictus-parfum-paco-rabanne","status":"publish","type":"product","link":"https:\/\/tiendasdyo.com\/index.php\/product\/invictus-parfum-paco-rabanne\/","title":{"rendered":"INVICTUS PARFUM PACO RABANNE"},"content":{"rendered":"<p><span data-wiz-uids=\"tTvvJf_a\" data-sfc-cb=\"\"><a class=\"GI370e\" href=\"https:\/\/www.google.com\/search?q=Invictus+Parfum&amp;rlz=1C1RXQR_enHN1105HN1105&amp;sca_esv=ca53b7126e4fc611&amp;biw=1707&amp;bih=772&amp;sxsrf=ANbL-n62ZTlD9NspJorcR_UqSz6BmwTGwg%3A1773436677246&amp;ei=BX-0adniDvaWwbkP94DNiAw&amp;ved=2ahUKEwje2Yni5p2TAxWFRDABHTMgAVsQgK4QegQIARAB&amp;uact=5&amp;oq=INVICTUS+PARFUM+A+QUE+HUELE&amp;gs_lp=Egxnd3Mtd2l6LXNlcnAiG0lOVklDVFVTIFBBUkZVTSBBIFFVRSBIVUVMRTIFEAAYgAQyBhAAGAUYHjIGEAAYCBgeMgYQABgIGB4yBhAAGAgYHjIIEAAYgAQYogQyCBAAGIAEGKIEMggQABiABBiiBDIIEAAYgAQYogQyCBAAGIAEGKIESMAFUABYAHAAeAGQAQCYAWqgAWqqAQMwLjG4AQPIAQD4AQL4AQGYAgGgApMBmAMAkgcDMC4xoAfnB7IHAzAuMbgHkwHCBwM0LTHIByOACAA&amp;sclient=gws-wiz-serp&amp;mstk=AUtExfDdin5bJNr3xSbCixEHPBf-piaVdfLyj_7aAJakbDOLMbHz5tPuj7HBpBmLhcIDvNnziLhP2CjNjfstwD88XuZaBjK9U0CljlWzPPMplHYjCIzfIx986jln-EpfWkeEDq4irRZSWdB8hGZFM-QySK1xf_fBuVNysSuSoZq27i_iFt0k_mKcJkUiLcmFB3Wnj1LEelGv9O47w0n7brnURqqDoVuaLdts7k-lq85EJnaAe6dmQflZqcZ7s5ebwhH5G7ll7F-k5c2e9JAemTSvpu-Ns2BFRSMF1q1bR_Yi8qUl5beKb31-uqwWTZ39QHF0DQbdB_BCDP39-OdW_Qwnyaw7XjyjqAiir-dSgfVmQYf8TDjmUF95G766zM05E4AOR4vE-eVzHFda66S77l9hyg&amp;csui=3\" data-ved=\"2ahUKEwje2Yni5p2TAxWFRDABHTMgAVsQgK4QegQIARAB\" data-hveid=\"CAEQAQ\">Invictus Parfum<\/a><\/span>\u00a0de Paco Rabanne (2024) es una fragancia arom\u00e1tica, amaderada y acuosa que huele a una\u00a0<mark class=\"HxTRcb\" data-sfc-cb=\"\">combinaci\u00f3n fresca y limpia de notas marinas y lavanda, evolucionando hacia un coraz\u00f3n de jab\u00f3n y hojas de violeta, con un fondo persistente de s\u00e1ndalo y cachemira<\/mark>. Es una versi\u00f3n m\u00e1s intensa, jabonosa y sofisticada que el original, ideal para uso vers\u00e1til.<span class=\"uJ19be notranslate\" data-wiz-uids=\"tTvvJf_e,tTvvJf_f\" data-sfc-cb=\"\"><span class=\"vKEkVd\" data-animation-atomic=\"\" data-wiz-attrbind=\"class=tTvvJf_d\/TKHnVd\"><span aria-hidden=\"true\">\u00a0<\/span><\/span><\/span><\/p>\n","protected":false},"excerpt":{"rendered":"<p>Invictus Parfum\u00a0de Paco Rabanne (2024) es una fragancia arom\u00e1tica, amaderada y acuosa que huele a una\u00a0combinaci\u00f3n fresca y limpia de<\/p>\n","protected":false},"featured_media":32959,"comment_status":"open","ping_status":"closed","template":"","meta":{"_monsterinsights_skip_tracking":false,"_monsterinsights_sitenote_active":false,"_monsterinsights_sitenote_note":"","_monsterinsights_sitenote_category":0},"product_cat":[41],"product_tag":[],"_links":{"self":[{"href":"https:\/\/tiendasdyo.com\/index.php\/wp-json\/wp\/v2\/product\/33014"}],"collection":[{"href":"https:\/\/tiendasdyo.com\/index.php\/wp-json\/wp\/v2\/product"}],"about":[{"href":"https:\/\/tiendasdyo.com\/index.php\/wp-json\/wp\/v2\/types\/product"}],"replies":[{"embeddable":true,"href":"https:\/\/tiendasdyo.com\/index.php\/wp-json\/wp\/v2\/comments?post=33014"}],"version-history":[{"count":1,"href":"https:\/\/tiendasdyo.com\/index.php\/wp-json\/wp\/v2\/product\/33014\/revisions"}],"predecessor-version":[{"id":33015,"href":"https:\/\/tiendasdyo.com\/index.php\/wp-json\/wp\/v2\/product\/33014\/revisions\/33015"}],"wp:featuredmedia":[{"embeddable":true,"href":"https:\/\/tiendasdyo.com\/index.php\/wp-json\/wp\/v2\/media\/32959"}],"wp:attachment":[{"href":"https:\/\/tiendasdyo.com\/index.php\/wp-json\/wp\/v2\/media?parent=33014"}],"wp:term":[{"taxonomy":"product_cat","embeddable":true,"href":"https:\/\/tiendasdyo.com\/index.php\/wp-json\/wp\/v2\/product_cat?post=33014"},{"taxonomy":"product_tag","embeddable":true,"href":"https:\/\/tiendasdyo.com\/index.php\/wp-json\/wp\/v2\/product_tag?post=33014"}],"curies":[{"name":"wp","href":"https:\/\/api.w.org\/{rel}","templated":true}]}}