{"id":33032,"date":"2026-03-13T22:37:46","date_gmt":"2026-03-13T21:37:46","guid":{"rendered":"https:\/\/tiendasdyo.com\/?post_type=product&#038;p=33032"},"modified":"2026-03-13T22:37:46","modified_gmt":"2026-03-13T21:37:46","slug":"set-club-de-nuit-intense-man","status":"publish","type":"product","link":"https:\/\/tiendasdyo.com\/index.php\/product\/set-club-de-nuit-intense-man\/","title":{"rendered":"SET CLUB DE NUIT INTENSE MAN"},"content":{"rendered":"<p>Club de Nuit Intense Man de Armaf es una fragancia amaderada especiada, famosa por ser un clon asequible de\u00a0<strong class=\"Yjhzub\" data-sfc-cb=\"\" data-processed=\"true\">Creed Aventus<\/strong>. Huele principalmente a una\u00a0<mark class=\"HxTRcb\" data-sfc-cb=\"\" data-processed=\"true\">mezcla de\u00a0<strong class=\"Yjhzub\" data-sfc-cb=\"\" data-processed=\"true\">lim\u00f3n c\u00edtrico y pi\u00f1a ahumada<\/strong>, con un fondo amaderado y toques de vainilla<\/mark>. Es conocida como \u00abla bestia negra\u00bb por su alta duraci\u00f3n (m\u00e1s de 9 horas) y gran proyecci\u00f3n.<\/p>\n","protected":false},"excerpt":{"rendered":"<p>Club de Nuit Intense Man de Armaf es una fragancia amaderada especiada, famosa por ser un clon asequible de\u00a0Creed Aventus.<\/p>\n","protected":false},"featured_media":32968,"comment_status":"open","ping_status":"closed","template":"","meta":{"_monsterinsights_skip_tracking":false,"_monsterinsights_sitenote_active":false,"_monsterinsights_sitenote_note":"","_monsterinsights_sitenote_category":0},"product_cat":[41],"product_tag":[],"_links":{"self":[{"href":"https:\/\/tiendasdyo.com\/index.php\/wp-json\/wp\/v2\/product\/33032"}],"collection":[{"href":"https:\/\/tiendasdyo.com\/index.php\/wp-json\/wp\/v2\/product"}],"about":[{"href":"https:\/\/tiendasdyo.com\/index.php\/wp-json\/wp\/v2\/types\/product"}],"replies":[{"embeddable":true,"href":"https:\/\/tiendasdyo.com\/index.php\/wp-json\/wp\/v2\/comments?post=33032"}],"version-history":[{"count":1,"href":"https:\/\/tiendasdyo.com\/index.php\/wp-json\/wp\/v2\/product\/33032\/revisions"}],"predecessor-version":[{"id":33033,"href":"https:\/\/tiendasdyo.com\/index.php\/wp-json\/wp\/v2\/product\/33032\/revisions\/33033"}],"wp:featuredmedia":[{"embeddable":true,"href":"https:\/\/tiendasdyo.com\/index.php\/wp-json\/wp\/v2\/media\/32968"}],"wp:attachment":[{"href":"https:\/\/tiendasdyo.com\/index.php\/wp-json\/wp\/v2\/media?parent=33032"}],"wp:term":[{"taxonomy":"product_cat","embeddable":true,"href":"https:\/\/tiendasdyo.com\/index.php\/wp-json\/wp\/v2\/product_cat?post=33032"},{"taxonomy":"product_tag","embeddable":true,"href":"https:\/\/tiendasdyo.com\/index.php\/wp-json\/wp\/v2\/product_tag?post=33032"}],"curies":[{"name":"wp","href":"https:\/\/api.w.org\/{rel}","templated":true}]}}