{"id":33048,"date":"2026-03-13T22:54:04","date_gmt":"2026-03-13T21:54:04","guid":{"rendered":"https:\/\/tiendasdyo.com\/?post_type=product&#038;p=33048"},"modified":"2026-03-13T22:54:04","modified_gmt":"2026-03-13T21:54:04","slug":"set-versace-eros","status":"publish","type":"product","link":"https:\/\/tiendasdyo.com\/index.php\/product\/set-versace-eros\/","title":{"rendered":"SET VERSACE EROS"},"content":{"rendered":"<p>Versace Eros es una fragancia masculina ic\u00f3nica, descrita como un\u00a0<mark class=\"HxTRcb\" data-sfc-cb=\"\" data-processed=\"true\">aroma sensual, fresco y dulce a la vez, con un fuerte ADN de menta, manzana verde y vainilla<\/mark>. Pertenece a la familia olfativa foug\u00e8re oriental, evocando notas c\u00edtricas vibrantes que evolucionan hacia un fondo amaderado y avainillado, ideal para climas fr\u00edos, fiestas o salidas nocturnas<\/p>\n","protected":false},"excerpt":{"rendered":"<p>Versace Eros es una fragancia masculina ic\u00f3nica, descrita como un\u00a0aroma sensual, fresco y dulce a la vez, con un fuerte<\/p>\n","protected":false},"featured_media":32976,"comment_status":"open","ping_status":"closed","template":"","meta":{"_monsterinsights_skip_tracking":false,"_monsterinsights_sitenote_active":false,"_monsterinsights_sitenote_note":"","_monsterinsights_sitenote_category":0},"product_cat":[41],"product_tag":[],"_links":{"self":[{"href":"https:\/\/tiendasdyo.com\/index.php\/wp-json\/wp\/v2\/product\/33048"}],"collection":[{"href":"https:\/\/tiendasdyo.com\/index.php\/wp-json\/wp\/v2\/product"}],"about":[{"href":"https:\/\/tiendasdyo.com\/index.php\/wp-json\/wp\/v2\/types\/product"}],"replies":[{"embeddable":true,"href":"https:\/\/tiendasdyo.com\/index.php\/wp-json\/wp\/v2\/comments?post=33048"}],"version-history":[{"count":1,"href":"https:\/\/tiendasdyo.com\/index.php\/wp-json\/wp\/v2\/product\/33048\/revisions"}],"predecessor-version":[{"id":33049,"href":"https:\/\/tiendasdyo.com\/index.php\/wp-json\/wp\/v2\/product\/33048\/revisions\/33049"}],"wp:featuredmedia":[{"embeddable":true,"href":"https:\/\/tiendasdyo.com\/index.php\/wp-json\/wp\/v2\/media\/32976"}],"wp:attachment":[{"href":"https:\/\/tiendasdyo.com\/index.php\/wp-json\/wp\/v2\/media?parent=33048"}],"wp:term":[{"taxonomy":"product_cat","embeddable":true,"href":"https:\/\/tiendasdyo.com\/index.php\/wp-json\/wp\/v2\/product_cat?post=33048"},{"taxonomy":"product_tag","embeddable":true,"href":"https:\/\/tiendasdyo.com\/index.php\/wp-json\/wp\/v2\/product_tag?post=33048"}],"curies":[{"name":"wp","href":"https:\/\/api.w.org\/{rel}","templated":true}]}}