{"id":33056,"date":"2026-03-13T23:07:11","date_gmt":"2026-03-13T22:07:11","guid":{"rendered":"https:\/\/tiendasdyo.com\/?post_type=product&#038;p=33056"},"modified":"2026-03-13T23:07:11","modified_gmt":"2026-03-13T22:07:11","slug":"dolce-gabbana-light-blue-2","status":"publish","type":"product","link":"https:\/\/tiendasdyo.com\/index.php\/product\/dolce-gabbana-light-blue-2\/","title":{"rendered":"DOLCE &#038; GABBANA LIGHT BLUE"},"content":{"rendered":"<p><span data-sfc-cb=\"\" data-processed=\"true\"><a class=\"H23r4e\" href=\"https:\/\/www.dolcegabbana.com\/es-es\/belleza\/perfumes-para-ella\/light-blue\/light-blue-eau-de-toilette---VP1772VP1059V000.html\" target=\"_blank\" rel=\"noopener\" data-processed=\"true\">Dolce &amp; Gabbana Light Blue<\/a><\/span>\u00a0es una fragancia ic\u00f3nica floral-frutal que huele a\u00a0<mark class=\"HxTRcb\" data-sfc-cb=\"\" data-processed=\"true\">verano mediterr\u00e1neo, c\u00edtricos frescos y brisa marina<\/mark>. Combina lim\u00f3n siciliano, manzana verde, cedro y jazm\u00edn, ofreciendo un aroma limpio, chispeante y ligero, ideal para el uso diario en climas c\u00e1lidos.<\/p>\n","protected":false},"excerpt":{"rendered":"<p>Dolce &amp; Gabbana Light Blue\u00a0es una fragancia ic\u00f3nica floral-frutal que huele a\u00a0verano mediterr\u00e1neo, c\u00edtricos frescos y brisa marina. Combina lim\u00f3n<\/p>\n","protected":false},"featured_media":32980,"comment_status":"open","ping_status":"closed","template":"","meta":{"_monsterinsights_skip_tracking":false,"_monsterinsights_sitenote_active":false,"_monsterinsights_sitenote_note":"","_monsterinsights_sitenote_category":0},"product_cat":[41],"product_tag":[],"_links":{"self":[{"href":"https:\/\/tiendasdyo.com\/index.php\/wp-json\/wp\/v2\/product\/33056"}],"collection":[{"href":"https:\/\/tiendasdyo.com\/index.php\/wp-json\/wp\/v2\/product"}],"about":[{"href":"https:\/\/tiendasdyo.com\/index.php\/wp-json\/wp\/v2\/types\/product"}],"replies":[{"embeddable":true,"href":"https:\/\/tiendasdyo.com\/index.php\/wp-json\/wp\/v2\/comments?post=33056"}],"version-history":[{"count":1,"href":"https:\/\/tiendasdyo.com\/index.php\/wp-json\/wp\/v2\/product\/33056\/revisions"}],"predecessor-version":[{"id":33057,"href":"https:\/\/tiendasdyo.com\/index.php\/wp-json\/wp\/v2\/product\/33056\/revisions\/33057"}],"wp:featuredmedia":[{"embeddable":true,"href":"https:\/\/tiendasdyo.com\/index.php\/wp-json\/wp\/v2\/media\/32980"}],"wp:attachment":[{"href":"https:\/\/tiendasdyo.com\/index.php\/wp-json\/wp\/v2\/media?parent=33056"}],"wp:term":[{"taxonomy":"product_cat","embeddable":true,"href":"https:\/\/tiendasdyo.com\/index.php\/wp-json\/wp\/v2\/product_cat?post=33056"},{"taxonomy":"product_tag","embeddable":true,"href":"https:\/\/tiendasdyo.com\/index.php\/wp-json\/wp\/v2\/product_tag?post=33056"}],"curies":[{"name":"wp","href":"https:\/\/api.w.org\/{rel}","templated":true}]}}