{"id":33064,"date":"2026-03-14T16:54:09","date_gmt":"2026-03-14T15:54:09","guid":{"rendered":"https:\/\/tiendasdyo.com\/?post_type=product&#038;p=33064"},"modified":"2026-03-14T16:54:09","modified_gmt":"2026-03-14T15:54:09","slug":"set-ck-one-calvin-klein","status":"publish","type":"product","link":"https:\/\/tiendasdyo.com\/index.php\/product\/set-ck-one-calvin-klein\/","title":{"rendered":"SET CK ONE CALVIN KLEIN"},"content":{"rendered":"<p>CK One de\u00a0Calvin Klein en Amazon.com es una fragancia ic\u00f3nica, c\u00edtrica y arom\u00e1tica, reconocida por su aroma fresco, limpio y juvenil que combina\u00a0<mark class=\"HxTRcb\" data-sfc-cb=\"\">t\u00e9 verde, bergamota, papaya y pi\u00f1a<\/mark>. Es un perfume unisex, dise\u00f1ado para ser ligero y vers\u00e1til, con toques suaves de violeta, rosa y un fondo de almizcle y \u00e1mbar.<\/p>\n","protected":false},"excerpt":{"rendered":"<p>CK One de\u00a0Calvin Klein en Amazon.com es una fragancia ic\u00f3nica, c\u00edtrica y arom\u00e1tica, reconocida por su aroma fresco, limpio y<\/p>\n","protected":false},"featured_media":32984,"comment_status":"open","ping_status":"closed","template":"","meta":{"_monsterinsights_skip_tracking":false,"_monsterinsights_sitenote_active":false,"_monsterinsights_sitenote_note":"","_monsterinsights_sitenote_category":0},"product_cat":[41],"product_tag":[],"_links":{"self":[{"href":"https:\/\/tiendasdyo.com\/index.php\/wp-json\/wp\/v2\/product\/33064"}],"collection":[{"href":"https:\/\/tiendasdyo.com\/index.php\/wp-json\/wp\/v2\/product"}],"about":[{"href":"https:\/\/tiendasdyo.com\/index.php\/wp-json\/wp\/v2\/types\/product"}],"replies":[{"embeddable":true,"href":"https:\/\/tiendasdyo.com\/index.php\/wp-json\/wp\/v2\/comments?post=33064"}],"version-history":[{"count":1,"href":"https:\/\/tiendasdyo.com\/index.php\/wp-json\/wp\/v2\/product\/33064\/revisions"}],"predecessor-version":[{"id":33065,"href":"https:\/\/tiendasdyo.com\/index.php\/wp-json\/wp\/v2\/product\/33064\/revisions\/33065"}],"wp:featuredmedia":[{"embeddable":true,"href":"https:\/\/tiendasdyo.com\/index.php\/wp-json\/wp\/v2\/media\/32984"}],"wp:attachment":[{"href":"https:\/\/tiendasdyo.com\/index.php\/wp-json\/wp\/v2\/media?parent=33064"}],"wp:term":[{"taxonomy":"product_cat","embeddable":true,"href":"https:\/\/tiendasdyo.com\/index.php\/wp-json\/wp\/v2\/product_cat?post=33064"},{"taxonomy":"product_tag","embeddable":true,"href":"https:\/\/tiendasdyo.com\/index.php\/wp-json\/wp\/v2\/product_tag?post=33064"}],"curies":[{"name":"wp","href":"https:\/\/api.w.org\/{rel}","templated":true}]}}