{"id":33070,"date":"2026-03-14T17:11:21","date_gmt":"2026-03-14T16:11:21","guid":{"rendered":"https:\/\/tiendasdyo.com\/?post_type=product&#038;p=33070"},"modified":"2026-03-14T17:11:22","modified_gmt":"2026-03-14T16:11:22","slug":"ck-be-calvin-klein","status":"publish","type":"product","link":"https:\/\/tiendasdyo.com\/index.php\/product\/ck-be-calvin-klein\/","title":{"rendered":"CK BE CALVIN KLEIN"},"content":{"rendered":"<p>CK Be de\u00a0<span data-wiz-uids=\"iIRc1b_b\" data-sfc-cb=\"\" data-processed=\"true\"><a class=\"GI370e\" href=\"https:\/\/www.google.com\/search?q=Calvin+Klein&amp;rlz=1C1RXQR_enHN1105HN1105&amp;sca_esv=ca53b7126e4fc611&amp;biw=1707&amp;bih=772&amp;sxsrf=ANbL-n4HR1ujb28JCnZB9fNIOaH-U71nHQ%3A1773503559035&amp;ei=R4S1aejoAYmZwbkPoIGpoQ0&amp;ved=2ahUKEwjynIra45-TAxX3RzABHZEqHnoQgK4QegQIARAB&amp;uact=5&amp;oq=CK+BE+CALVIN+KLEIN+A+QUE+HUELE&amp;gs_lp=Egxnd3Mtd2l6LXNlcnAiHkNLIEJFIENBTFZJTiBLTEVJTiBBIFFVRSBIVUVMRTIEEAAYHjIGEAAYCBgeMggQABiABBiiBDIFEAAY7wUyCBAAGIAEGKIEMgUQABjvBTIIEAAYgAQYogRI4QVQAFgAcAB4AZABAJgBgAKgAYACqgEDMi0xuAEDyAEA-AEC-AEBmAIBoAK5ApgDAJIHAzMtMaAH8gOyBwMzLTG4B7kCwgcDNS0xyAcwgAgA&amp;sclient=gws-wiz-serp&amp;mstk=AUtExfDPBLN2X-Wpoa3CK0nS5dLtrGV8yj83_YMs4XIK-mpLN9KObQ5aHgGEhAt8tIMX4F8rD1Dbx6cob9zGi1-zuBhdmkZq6Qig-K7igfAG3Hv2K_B38T6H9-HrFGhDfHRwH8RJ-8t8mmLgxvJ3Ym25SOJZERAttOu5wTRueFNiM9qNKHo&amp;csui=3\" data-ved=\"2ahUKEwjynIra45-TAxX3RzABHZEqHnoQgK4QegQIARAB\" data-hveid=\"CAEQAQ\" data-processed=\"true\">Calvin Klein<\/a><\/span>\u00a0es una fragancia unisex ic\u00f3nica, conocida por su\u00a0<mark class=\"HxTRcb\" data-sfc-cb=\"\" data-processed=\"true\">aroma\u00a0<strong class=\"Yjhzub\" data-sfc-cb=\"\" data-processed=\"true\">limpio, fresco y almizclado<\/strong>\u00a0con un toque amaderado<\/mark>. Se percibe como un aroma \u00edntimo, suave y moderno, ideal para el uso diario, el gimnasio o la oficina, evocando una sensaci\u00f3n de jab\u00f3n o gel de ducha sofisticado.<\/p>\n","protected":false},"excerpt":{"rendered":"<p>CK Be de\u00a0Calvin Klein\u00a0es una fragancia unisex ic\u00f3nica, conocida por su\u00a0aroma\u00a0limpio, fresco y almizclado\u00a0con un toque amaderado. Se percibe como<\/p>\n","protected":false},"featured_media":32987,"comment_status":"open","ping_status":"closed","template":"","meta":{"_monsterinsights_skip_tracking":false,"_monsterinsights_sitenote_active":false,"_monsterinsights_sitenote_note":"","_monsterinsights_sitenote_category":0},"product_cat":[41],"product_tag":[],"_links":{"self":[{"href":"https:\/\/tiendasdyo.com\/index.php\/wp-json\/wp\/v2\/product\/33070"}],"collection":[{"href":"https:\/\/tiendasdyo.com\/index.php\/wp-json\/wp\/v2\/product"}],"about":[{"href":"https:\/\/tiendasdyo.com\/index.php\/wp-json\/wp\/v2\/types\/product"}],"replies":[{"embeddable":true,"href":"https:\/\/tiendasdyo.com\/index.php\/wp-json\/wp\/v2\/comments?post=33070"}],"version-history":[{"count":1,"href":"https:\/\/tiendasdyo.com\/index.php\/wp-json\/wp\/v2\/product\/33070\/revisions"}],"predecessor-version":[{"id":33071,"href":"https:\/\/tiendasdyo.com\/index.php\/wp-json\/wp\/v2\/product\/33070\/revisions\/33071"}],"wp:featuredmedia":[{"embeddable":true,"href":"https:\/\/tiendasdyo.com\/index.php\/wp-json\/wp\/v2\/media\/32987"}],"wp:attachment":[{"href":"https:\/\/tiendasdyo.com\/index.php\/wp-json\/wp\/v2\/media?parent=33070"}],"wp:term":[{"taxonomy":"product_cat","embeddable":true,"href":"https:\/\/tiendasdyo.com\/index.php\/wp-json\/wp\/v2\/product_cat?post=33070"},{"taxonomy":"product_tag","embeddable":true,"href":"https:\/\/tiendasdyo.com\/index.php\/wp-json\/wp\/v2\/product_tag?post=33070"}],"curies":[{"name":"wp","href":"https:\/\/api.w.org\/{rel}","templated":true}]}}