{"id":33072,"date":"2026-03-14T17:13:06","date_gmt":"2026-03-14T16:13:06","guid":{"rendered":"https:\/\/tiendasdyo.com\/?post_type=product&#038;p=33072"},"modified":"2026-03-14T17:13:06","modified_gmt":"2026-03-14T16:13:06","slug":"perry-ellis-reserve-for-men-2","status":"publish","type":"product","link":"https:\/\/tiendasdyo.com\/index.php\/product\/perry-ellis-reserve-for-men-2\/","title":{"rendered":"PERRY ELLIS RESERVE FOR MEN"},"content":{"rendered":"<p><span data-sfc-cb=\"\" data-processed=\"true\"><a class=\"H23r4e\" href=\"https:\/\/www.fragrantica.es\/perfume\/Perry-Ellis\/Reserve-for-Men-6750.html\" target=\"_blank\" rel=\"noopener\" data-processed=\"true\">Perry Ellis Reserve for Men<\/a><\/span>\u00a0es una fragancia arom\u00e1tica foug\u00e8re lanzada en 1998, caracterizada por un aroma fresco, limpio y cl\u00e1sico tipo \u00abbarber\u00eda\u00bb.\u00a0<mark class=\"HxTRcb\" data-sfc-cb=\"\" data-processed=\"true\">Predomina la\u00a0<strong class=\"Yjhzub\" data-sfc-cb=\"\" data-processed=\"true\">lavanda<\/strong>\u00a0combinada con c\u00edtricos (bergamota, toronja) y bayas de enebro, evolucionando hacia un fondo amaderado, especiado y almizclado<\/mark>.<\/p>\n","protected":false},"excerpt":{"rendered":"<p>Perry Ellis Reserve for Men\u00a0es una fragancia arom\u00e1tica foug\u00e8re lanzada en 1998, caracterizada por un aroma fresco, limpio y cl\u00e1sico<\/p>\n","protected":false},"featured_media":32988,"comment_status":"open","ping_status":"closed","template":"","meta":{"_monsterinsights_skip_tracking":false,"_monsterinsights_sitenote_active":false,"_monsterinsights_sitenote_note":"","_monsterinsights_sitenote_category":0},"product_cat":[41],"product_tag":[],"_links":{"self":[{"href":"https:\/\/tiendasdyo.com\/index.php\/wp-json\/wp\/v2\/product\/33072"}],"collection":[{"href":"https:\/\/tiendasdyo.com\/index.php\/wp-json\/wp\/v2\/product"}],"about":[{"href":"https:\/\/tiendasdyo.com\/index.php\/wp-json\/wp\/v2\/types\/product"}],"replies":[{"embeddable":true,"href":"https:\/\/tiendasdyo.com\/index.php\/wp-json\/wp\/v2\/comments?post=33072"}],"version-history":[{"count":1,"href":"https:\/\/tiendasdyo.com\/index.php\/wp-json\/wp\/v2\/product\/33072\/revisions"}],"predecessor-version":[{"id":33073,"href":"https:\/\/tiendasdyo.com\/index.php\/wp-json\/wp\/v2\/product\/33072\/revisions\/33073"}],"wp:featuredmedia":[{"embeddable":true,"href":"https:\/\/tiendasdyo.com\/index.php\/wp-json\/wp\/v2\/media\/32988"}],"wp:attachment":[{"href":"https:\/\/tiendasdyo.com\/index.php\/wp-json\/wp\/v2\/media?parent=33072"}],"wp:term":[{"taxonomy":"product_cat","embeddable":true,"href":"https:\/\/tiendasdyo.com\/index.php\/wp-json\/wp\/v2\/product_cat?post=33072"},{"taxonomy":"product_tag","embeddable":true,"href":"https:\/\/tiendasdyo.com\/index.php\/wp-json\/wp\/v2\/product_tag?post=33072"}],"curies":[{"name":"wp","href":"https:\/\/api.w.org\/{rel}","templated":true}]}}