{"id":33074,"date":"2026-03-14T17:17:36","date_gmt":"2026-03-14T16:17:36","guid":{"rendered":"https:\/\/tiendasdyo.com\/?post_type=product&#038;p=33074"},"modified":"2026-03-14T17:17:36","modified_gmt":"2026-03-14T16:17:36","slug":"set-curve-for-men","status":"publish","type":"product","link":"https:\/\/tiendasdyo.com\/index.php\/product\/set-curve-for-men\/","title":{"rendered":"SET CURVE FOR MEN"},"content":{"rendered":"<p><span data-wiz-uids=\"UuMKn_a\" data-sfc-cb=\"\"><a class=\"GI370e\" href=\"https:\/\/www.google.com\/search?q=Curve+for+Men+de+Liz+Claiborne&amp;rlz=1C1RXQR_enHN1105HN1105&amp;sca_esv=ca53b7126e4fc611&amp;biw=1707&amp;bih=772&amp;sxsrf=ANbL-n4g17XM6RtcYUQWuAe3-kiB68AT3A%3A1773504768334&amp;ei=AIm1aeaAFMmrwbkPheHVqQU&amp;ved=2ahUKEwiuo4yA5Z-TAxVUmSYFHVqHBIwQgK4QegQIARAB&amp;uact=5&amp;oq=SET+CURVE+FOR+MEN+A+QUE+HUELE&amp;gs_lp=Egxnd3Mtd2l6LXNlcnAiHVNFVCBDVVJWRSBGT1IgTUVOIEEgUVVFIEhVRUxFSNoLUABYAHAAeAGQAQCYAcYBoAHGAaoBAzAuMbgBA8gBAPgBAvgBAZgCAKACAJgDAJIHAKAHLbIHALgHAMIHAMgHAIAIAA&amp;sclient=gws-wiz-serp&amp;mstk=AUtExfBFawNjcP49Nl58oFOLpip-iePFN0-h65t3Rd_GjTZtJAb7RnYyX_RLytH40Q2KkFSUIlwL7-0Af0vvWHddr0VyZ6KrKzsxfTQvkL3QPDv6Vgz1PIqINrKrSA33yT6IVwOZ3kSXaobi0MhtBsO6YDv8K8UGx_nQRfOMDkG1RyqH_5OP5P7hY69IF-_6eF8oIYyz5Ax2ZHdOiKmIrCHnZave9d0H5HkFSloNrROU6ypzjUQRhworRlgj3lF-ovwB7Ci7n7FkXhzvR2RFtxs66cbE&amp;csui=3\" data-ved=\"2ahUKEwiuo4yA5Z-TAxVUmSYFHVqHBIwQgK4QegQIARAB\" data-hveid=\"CAEQAQ\">Curve for Men de Liz Claiborne<\/a><\/span>\u00a0(1996) es una colonia arom\u00e1tica verde, fresca y especiada, conocida por su aroma limpio, energizante y vers\u00e1til. Destaca por\u00a0<mark class=\"HxTRcb\" data-sfc-cb=\"\">notas de pi\u00f1a, lavanda y bayas de enebro en la salida, con un coraz\u00f3n de cactus, jengibre y cardamomo, sobre una base amaderada de s\u00e1ndalo y caoba<\/mark>.<\/p>\n","protected":false},"excerpt":{"rendered":"<p>Curve for Men de Liz Claiborne\u00a0(1996) es una colonia arom\u00e1tica verde, fresca y especiada, conocida por su aroma limpio, energizante<\/p>\n","protected":false},"featured_media":32989,"comment_status":"open","ping_status":"closed","template":"","meta":{"_monsterinsights_skip_tracking":false,"_monsterinsights_sitenote_active":false,"_monsterinsights_sitenote_note":"","_monsterinsights_sitenote_category":0},"product_cat":[41],"product_tag":[],"_links":{"self":[{"href":"https:\/\/tiendasdyo.com\/index.php\/wp-json\/wp\/v2\/product\/33074"}],"collection":[{"href":"https:\/\/tiendasdyo.com\/index.php\/wp-json\/wp\/v2\/product"}],"about":[{"href":"https:\/\/tiendasdyo.com\/index.php\/wp-json\/wp\/v2\/types\/product"}],"replies":[{"embeddable":true,"href":"https:\/\/tiendasdyo.com\/index.php\/wp-json\/wp\/v2\/comments?post=33074"}],"version-history":[{"count":1,"href":"https:\/\/tiendasdyo.com\/index.php\/wp-json\/wp\/v2\/product\/33074\/revisions"}],"predecessor-version":[{"id":33075,"href":"https:\/\/tiendasdyo.com\/index.php\/wp-json\/wp\/v2\/product\/33074\/revisions\/33075"}],"wp:featuredmedia":[{"embeddable":true,"href":"https:\/\/tiendasdyo.com\/index.php\/wp-json\/wp\/v2\/media\/32989"}],"wp:attachment":[{"href":"https:\/\/tiendasdyo.com\/index.php\/wp-json\/wp\/v2\/media?parent=33074"}],"wp:term":[{"taxonomy":"product_cat","embeddable":true,"href":"https:\/\/tiendasdyo.com\/index.php\/wp-json\/wp\/v2\/product_cat?post=33074"},{"taxonomy":"product_tag","embeddable":true,"href":"https:\/\/tiendasdyo.com\/index.php\/wp-json\/wp\/v2\/product_tag?post=33074"}],"curies":[{"name":"wp","href":"https:\/\/api.w.org\/{rel}","templated":true}]}}