{"id":33092,"date":"2026-03-14T17:33:05","date_gmt":"2026-03-14T16:33:05","guid":{"rendered":"https:\/\/tiendasdyo.com\/?post_type=product&#038;p=33092"},"modified":"2026-03-14T17:33:05","modified_gmt":"2026-03-14T16:33:05","slug":"nautica-voyage-heritage","status":"publish","type":"product","link":"https:\/\/tiendasdyo.com\/index.php\/product\/nautica-voyage-heritage\/","title":{"rendered":"NAUTICA VOYAGE HERITAGE"},"content":{"rendered":"<p>Nautica Voyage Heritage es una\u00a0<mark class=\"HxTRcb\" data-sfc-cb=\"\">fragancia amaderada arom\u00e1tica con un aroma\u00a0<strong class=\"Yjhzub\" data-sfc-cb=\"\">fresco, limpio y herbal<\/strong><\/mark>, distinto al Nautica Voyage original. Se caracteriza por notas de salida de menta y romero, un coraz\u00f3n de lavanda y jengibre, y una base amaderada de s\u00e1ndalo y madera de gaiac, ideal para clima c\u00e1lido.<\/p>\n","protected":false},"excerpt":{"rendered":"<p>Nautica Voyage Heritage es una\u00a0fragancia amaderada arom\u00e1tica con un aroma\u00a0fresco, limpio y herbal, distinto al Nautica Voyage original. Se caracteriza<\/p>\n","protected":false},"featured_media":32997,"comment_status":"open","ping_status":"closed","template":"","meta":{"_monsterinsights_skip_tracking":false,"_monsterinsights_sitenote_active":false,"_monsterinsights_sitenote_note":"","_monsterinsights_sitenote_category":0},"product_cat":[41],"product_tag":[],"_links":{"self":[{"href":"https:\/\/tiendasdyo.com\/index.php\/wp-json\/wp\/v2\/product\/33092"}],"collection":[{"href":"https:\/\/tiendasdyo.com\/index.php\/wp-json\/wp\/v2\/product"}],"about":[{"href":"https:\/\/tiendasdyo.com\/index.php\/wp-json\/wp\/v2\/types\/product"}],"replies":[{"embeddable":true,"href":"https:\/\/tiendasdyo.com\/index.php\/wp-json\/wp\/v2\/comments?post=33092"}],"version-history":[{"count":1,"href":"https:\/\/tiendasdyo.com\/index.php\/wp-json\/wp\/v2\/product\/33092\/revisions"}],"predecessor-version":[{"id":33093,"href":"https:\/\/tiendasdyo.com\/index.php\/wp-json\/wp\/v2\/product\/33092\/revisions\/33093"}],"wp:featuredmedia":[{"embeddable":true,"href":"https:\/\/tiendasdyo.com\/index.php\/wp-json\/wp\/v2\/media\/32997"}],"wp:attachment":[{"href":"https:\/\/tiendasdyo.com\/index.php\/wp-json\/wp\/v2\/media?parent=33092"}],"wp:term":[{"taxonomy":"product_cat","embeddable":true,"href":"https:\/\/tiendasdyo.com\/index.php\/wp-json\/wp\/v2\/product_cat?post=33092"},{"taxonomy":"product_tag","embeddable":true,"href":"https:\/\/tiendasdyo.com\/index.php\/wp-json\/wp\/v2\/product_tag?post=33092"}],"curies":[{"name":"wp","href":"https:\/\/api.w.org\/{rel}","templated":true}]}}