{"id":33125,"date":"2026-03-14T18:30:06","date_gmt":"2026-03-14T17:30:06","guid":{"rendered":"https:\/\/tiendasdyo.com\/?post_type=product&#038;p=33125"},"modified":"2026-03-14T18:30:06","modified_gmt":"2026-03-14T17:30:06","slug":"reloj-tommy-hilfiger-7","status":"publish","type":"product","link":"https:\/\/tiendasdyo.com\/index.php\/product\/reloj-tommy-hilfiger-7\/","title":{"rendered":"RELOJ TOMMY HILFIGER"},"content":{"rendered":"<div class=\"AdPoic\" role=\"heading\" aria-level=\"3\" data-animation-nesting=\"\" data-sfc-cp=\"\" data-sfc-cb=\"\" data-complete=\"true\" data-processed=\"true\" data-sae=\"\">Especificaciones Principales<button class=\"rBl3me\" tabindex=\"0\" data-amic=\"true\" data-icl-uuid=\"53a152ff-a287-4df5-99b0-33521959f8de\" aria-label=\"Ver v\u00ednculos relacionados\" data-wiz-attrbind=\"disabled=DLZlfc_x\/C5gNJc;aria-label=DLZlfc_x\/bOjMyf;class=DLZlfc_x\/UpSNec\" data-ved=\"2ahUKEwifgpui9Z-TAxVzlmoFHbldHPgQye0OegQIBRAA\" data-hveid=\"CAUQAA\"><\/button><\/div>\n<ul class=\"KsbFXc U6u95\" data-sfc-cb=\"\" data-complete=\"true\" data-processed=\"true\">\n<li class=\"dF3vjf\" data-sfc-cb=\"\" data-hveid=\"CAYQAA\" data-complete=\"true\" data-sae=\"\"><span class=\"T286Pc\" data-sfc-cp=\"\" data-sfc-cb=\"\" data-complete=\"true\"><strong class=\"Yjhzub\" data-sfc-cb=\"\" data-complete=\"true\">Modelo:<\/strong>\u00a0Tommy Hilfiger 1791660.<\/span><\/li>\n<li class=\"dF3vjf\" data-sfc-cb=\"\" data-hveid=\"CAYQAQ\" data-complete=\"true\" data-sae=\"\"><span class=\"T286Pc\" data-sfc-cp=\"\" data-sfc-cb=\"\" data-complete=\"true\"><strong class=\"Yjhzub\" data-sfc-cb=\"\" data-complete=\"true\">Caja:<\/strong>\u00a0Acero inoxidable con acabado dorado y un di\u00e1metro de\u00a0<strong class=\"Yjhzub\" data-sfc-cb=\"\" data-complete=\"true\">44 mm<\/strong>.<\/span><\/li>\n<li class=\"dF3vjf\" data-sfc-cb=\"\" data-hveid=\"CAYQAg\" data-complete=\"true\" data-sae=\"\"><span class=\"T286Pc\" data-sfc-cp=\"\" data-sfc-cb=\"\" data-complete=\"true\"><strong class=\"Yjhzub\" data-sfc-cb=\"\" data-complete=\"true\">Esfera:<\/strong>\u00a0Color negro con n\u00fameros ar\u00e1bigos y el logotipo cl\u00e1sico de Tommy Hilfiger a las 12.<\/span><\/li>\n<li class=\"dF3vjf\" data-sfc-cb=\"\" data-hveid=\"CAYQAw\" data-complete=\"true\" data-sae=\"\"><span class=\"T286Pc\" data-sfc-cp=\"\" data-sfc-cb=\"\" data-complete=\"true\"><strong class=\"Yjhzub\" data-sfc-cb=\"\" data-complete=\"true\">Movimiento:<\/strong>\u00a0Cuarzo anal\u00f3gico.<\/span><\/li>\n<li class=\"dF3vjf\" data-sfc-cb=\"\" data-hveid=\"CAYQBA\" data-complete=\"true\" data-sae=\"\"><span class=\"T286Pc\" data-sfc-cp=\"\" data-sfc-cb=\"\" data-complete=\"true\"><strong class=\"Yjhzub\" data-sfc-cb=\"\" data-complete=\"true\">Correa:<\/strong>\u00a0Cuero aut\u00e9ntico en color negro.<\/span><\/li>\n<li class=\"dF3vjf\" data-sfc-cb=\"\" data-hveid=\"CAYQBQ\" data-complete=\"true\" data-sae=\"\"><span class=\"T286Pc\" data-sfc-cp=\"\" data-sfc-cb=\"\" data-complete=\"true\" aria-owns=\"action-menu-parent-container\"><strong class=\"Yjhzub\" data-sfc-cb=\"\" data-complete=\"true\">Resistencia al agua:<\/strong>\u00a0Soporta hasta\u00a0<strong class=\"Yjhzub\" data-sfc-cb=\"\" data-complete=\"true\">30 metros<\/strong>\u00a0(3 ATM) o\u00a0<strong class=\"Yjhzub\" data-sfc-cb=\"\" data-complete=\"true\">50 metros<\/strong>\u00a0(5 ATM), dependiendo de la variante espec\u00edfica.<\/span><\/li>\n<\/ul>\n","protected":false},"excerpt":{"rendered":"<p>Especificaciones Principales Modelo:\u00a0Tommy Hilfiger 1791660. Caja:\u00a0Acero inoxidable con acabado dorado y un di\u00e1metro de\u00a044 mm. Esfera:\u00a0Color negro con n\u00fameros ar\u00e1bigos<\/p>\n","protected":false},"featured_media":33101,"comment_status":"open","ping_status":"closed","template":"","meta":{"_monsterinsights_skip_tracking":false,"_monsterinsights_sitenote_active":false,"_monsterinsights_sitenote_note":"","_monsterinsights_sitenote_category":0},"product_cat":[39],"product_tag":[],"_links":{"self":[{"href":"https:\/\/tiendasdyo.com\/index.php\/wp-json\/wp\/v2\/product\/33125"}],"collection":[{"href":"https:\/\/tiendasdyo.com\/index.php\/wp-json\/wp\/v2\/product"}],"about":[{"href":"https:\/\/tiendasdyo.com\/index.php\/wp-json\/wp\/v2\/types\/product"}],"replies":[{"embeddable":true,"href":"https:\/\/tiendasdyo.com\/index.php\/wp-json\/wp\/v2\/comments?post=33125"}],"version-history":[{"count":1,"href":"https:\/\/tiendasdyo.com\/index.php\/wp-json\/wp\/v2\/product\/33125\/revisions"}],"predecessor-version":[{"id":33126,"href":"https:\/\/tiendasdyo.com\/index.php\/wp-json\/wp\/v2\/product\/33125\/revisions\/33126"}],"wp:featuredmedia":[{"embeddable":true,"href":"https:\/\/tiendasdyo.com\/index.php\/wp-json\/wp\/v2\/media\/33101"}],"wp:attachment":[{"href":"https:\/\/tiendasdyo.com\/index.php\/wp-json\/wp\/v2\/media?parent=33125"}],"wp:term":[{"taxonomy":"product_cat","embeddable":true,"href":"https:\/\/tiendasdyo.com\/index.php\/wp-json\/wp\/v2\/product_cat?post=33125"},{"taxonomy":"product_tag","embeddable":true,"href":"https:\/\/tiendasdyo.com\/index.php\/wp-json\/wp\/v2\/product_tag?post=33125"}],"curies":[{"name":"wp","href":"https:\/\/api.w.org\/{rel}","templated":true}]}}