{"id":33127,"date":"2026-03-14T18:38:38","date_gmt":"2026-03-14T17:38:38","guid":{"rendered":"https:\/\/tiendasdyo.com\/?post_type=product&#038;p=33127"},"modified":"2026-03-14T18:38:38","modified_gmt":"2026-03-14T17:38:38","slug":"reloj-tommy-hilfiger-8","status":"publish","type":"product","link":"https:\/\/tiendasdyo.com\/index.php\/product\/reloj-tommy-hilfiger-8\/","title":{"rendered":"RELOJ TOMMY HILFIGER"},"content":{"rendered":"<div class=\"AdPoic\" role=\"heading\" aria-level=\"3\" data-animation-nesting=\"\" data-sfc-cp=\"\" data-sfc-cb=\"\" data-complete=\"true\" data-processed=\"true\" data-sae=\"\">Especificaciones Principales<button class=\"rBl3me\" tabindex=\"0\" data-amic=\"true\" data-icl-uuid=\"74840c38-0fee-43df-a86d-ec5ba3383a00\" aria-label=\"Ver v\u00ednculos relacionados\" data-wiz-attrbind=\"disabled=MalA6d_v\/C5gNJc;aria-label=MalA6d_v\/bOjMyf;class=MalA6d_v\/UpSNec\" data-ved=\"2ahUKEwiG5dnt9p-TAxXlkGoFHSA0LJMQye0OegQIBRAA\" data-hveid=\"CAUQAA\"><\/button><\/div>\n<ul class=\"KsbFXc U6u95\" data-sfc-cb=\"\" data-complete=\"true\" data-processed=\"true\">\n<li class=\"dF3vjf\" data-sfc-cb=\"\" data-hveid=\"CAYQAA\" data-complete=\"true\" data-sae=\"\"><span class=\"T286Pc\" data-sfc-cp=\"\" data-sfc-cb=\"\" data-complete=\"true\"><strong class=\"Yjhzub\" data-sfc-cb=\"\" data-complete=\"true\">Modelo:<\/strong>\u00a0Tommy Hilfiger 1791659.<\/span><\/li>\n<li class=\"dF3vjf\" data-sfc-cb=\"\" data-hveid=\"CAYQAQ\" data-complete=\"true\" data-sae=\"\"><span class=\"T286Pc\" data-sfc-cp=\"\" data-sfc-cb=\"\" data-complete=\"true\"><strong class=\"Yjhzub\" data-sfc-cb=\"\" data-complete=\"true\">Movimiento:<\/strong>\u00a0Cuarzo anal\u00f3gico.<\/span><\/li>\n<li class=\"dF3vjf\" data-sfc-cb=\"\" data-hveid=\"CAYQAg\" data-complete=\"true\" data-sae=\"\"><span class=\"T286Pc\" data-sfc-cp=\"\" data-sfc-cb=\"\" data-complete=\"true\"><strong class=\"Yjhzub\" data-sfc-cb=\"\" data-complete=\"true\">Caja:<\/strong>\u00a0Acero inoxidable con un di\u00e1metro de\u00a0<strong class=\"Yjhzub\" data-sfc-cb=\"\" data-complete=\"true\">44 mm<\/strong>.<\/span><\/li>\n<li class=\"dF3vjf\" data-sfc-cb=\"\" data-hveid=\"CAYQAw\" data-complete=\"true\" data-sae=\"\"><span class=\"T286Pc\" data-sfc-cp=\"\" data-sfc-cb=\"\" data-complete=\"true\"><strong class=\"Yjhzub\" data-sfc-cb=\"\" data-complete=\"true\">Correa:<\/strong>\u00a0Cuero de vaca marr\u00f3n con cierre de hebilla.<\/span><\/li>\n<li class=\"dF3vjf\" data-sfc-cb=\"\" data-hveid=\"CAYQBA\" data-complete=\"true\" data-sae=\"\"><span class=\"T286Pc\" data-sfc-cp=\"\" data-sfc-cb=\"\" data-complete=\"true\"><strong class=\"Yjhzub\" data-sfc-cb=\"\" data-complete=\"true\">Resistencia al agua:<\/strong>\u00a0Hasta\u00a0<strong class=\"Yjhzub\" data-sfc-cb=\"\" data-complete=\"true\">30 metros<\/strong>\u00a0(3 ATM), lo que lo hace resistente a salpicaduras accidentales.<\/span><\/li>\n<li class=\"dF3vjf\" data-sfc-cb=\"\" data-hveid=\"CAYQBQ\" data-complete=\"true\" data-sae=\"\"><span class=\"T286Pc\" data-sfc-cp=\"\" data-sfc-cb=\"\" data-complete=\"true\" aria-owns=\"action-menu-parent-container\"><strong class=\"Yjhzub\" data-sfc-cb=\"\" data-complete=\"true\">Detalles del Dial:<\/strong>\u00a0Esfera azul con n\u00fameros ar\u00e1bigos y el logotipo de la bandera de Tommy Hilfiger en la posici\u00f3n de las 12.<\/span><\/li>\n<\/ul>\n","protected":false},"excerpt":{"rendered":"<p>Especificaciones Principales Modelo:\u00a0Tommy Hilfiger 1791659. Movimiento:\u00a0Cuarzo anal\u00f3gico. Caja:\u00a0Acero inoxidable con un di\u00e1metro de\u00a044 mm. Correa:\u00a0Cuero de vaca marr\u00f3n con cierre<\/p>\n","protected":false},"featured_media":33102,"comment_status":"open","ping_status":"closed","template":"","meta":{"_monsterinsights_skip_tracking":false,"_monsterinsights_sitenote_active":false,"_monsterinsights_sitenote_note":"","_monsterinsights_sitenote_category":0},"product_cat":[39],"product_tag":[],"_links":{"self":[{"href":"https:\/\/tiendasdyo.com\/index.php\/wp-json\/wp\/v2\/product\/33127"}],"collection":[{"href":"https:\/\/tiendasdyo.com\/index.php\/wp-json\/wp\/v2\/product"}],"about":[{"href":"https:\/\/tiendasdyo.com\/index.php\/wp-json\/wp\/v2\/types\/product"}],"replies":[{"embeddable":true,"href":"https:\/\/tiendasdyo.com\/index.php\/wp-json\/wp\/v2\/comments?post=33127"}],"version-history":[{"count":1,"href":"https:\/\/tiendasdyo.com\/index.php\/wp-json\/wp\/v2\/product\/33127\/revisions"}],"predecessor-version":[{"id":33128,"href":"https:\/\/tiendasdyo.com\/index.php\/wp-json\/wp\/v2\/product\/33127\/revisions\/33128"}],"wp:featuredmedia":[{"embeddable":true,"href":"https:\/\/tiendasdyo.com\/index.php\/wp-json\/wp\/v2\/media\/33102"}],"wp:attachment":[{"href":"https:\/\/tiendasdyo.com\/index.php\/wp-json\/wp\/v2\/media?parent=33127"}],"wp:term":[{"taxonomy":"product_cat","embeddable":true,"href":"https:\/\/tiendasdyo.com\/index.php\/wp-json\/wp\/v2\/product_cat?post=33127"},{"taxonomy":"product_tag","embeddable":true,"href":"https:\/\/tiendasdyo.com\/index.php\/wp-json\/wp\/v2\/product_tag?post=33127"}],"curies":[{"name":"wp","href":"https:\/\/api.w.org\/{rel}","templated":true}]}}