{"id":33144,"date":"2026-03-14T19:20:49","date_gmt":"2026-03-14T18:20:49","guid":{"rendered":"https:\/\/tiendasdyo.com\/?post_type=product&#038;p=33144"},"modified":"2026-03-14T19:20:49","modified_gmt":"2026-03-14T18:20:49","slug":"reloj-kenneth-cole","status":"publish","type":"product","link":"https:\/\/tiendasdyo.com\/index.php\/product\/reloj-kenneth-cole\/","title":{"rendered":"RELOJ KENNETH COLE"},"content":{"rendered":"<div class=\"AdPoic\" role=\"heading\" aria-level=\"3\" data-animation-nesting=\"\" data-sfc-cp=\"\" data-sfc-cb=\"\" data-complete=\"true\" data-processed=\"true\" data-sae=\"\">Detalles del producto<button class=\"rBl3me\" tabindex=\"0\" data-amic=\"true\" data-icl-uuid=\"5b43f974-c085-4a7c-8c05-89be850a132d\" aria-label=\"Ver v\u00ednculos relacionados\" data-wiz-attrbind=\"disabled=wcJgbf_w\/C5gNJc;aria-label=wcJgbf_w\/bOjMyf;class=wcJgbf_w\/UpSNec\" data-ved=\"2ahUKEwi14rXPgKCTAxUTg2oFHV8wA6MQye0OegQIBRAA\" data-hveid=\"CAUQAA\"><\/button><\/div>\n<ul class=\"KsbFXc U6u95\" data-sfc-cb=\"\" data-complete=\"true\" data-processed=\"true\">\n<li class=\"dF3vjf\" data-sfc-cb=\"\" data-hveid=\"CAYQAA\" data-complete=\"true\" data-sae=\"\"><span class=\"T286Pc\" data-sfc-cp=\"\" data-sfc-cb=\"\" data-complete=\"true\"><strong class=\"Yjhzub\" data-sfc-cb=\"\" data-complete=\"true\">Movimiento<\/strong>: Cuarzo japon\u00e9s de tres manecillas, lo que garantiza precisi\u00f3n mediante un circuito el\u00e9ctrico interno alimentado por bater\u00eda.<\/span><\/li>\n<li class=\"dF3vjf\" data-sfc-cb=\"\" data-hveid=\"CAYQAQ\" data-complete=\"true\" data-sae=\"\"><span class=\"T286Pc\" data-sfc-cp=\"\" data-sfc-cb=\"\" data-complete=\"true\"><strong class=\"Yjhzub\" data-sfc-cb=\"\" data-complete=\"true\">Caja<\/strong>: Fabricada en acero con un di\u00e1metro de\u00a0<strong class=\"Yjhzub\" data-sfc-cb=\"\" data-complete=\"true\">44 mm<\/strong>, complementada con \u00edndices reflectantes y n\u00fameros ar\u00e1bigos en las posiciones de las 12 y las 6.<\/span><\/li>\n<li class=\"dF3vjf\" data-sfc-cb=\"\" data-hveid=\"CAYQAg\" data-complete=\"true\" data-sae=\"\"><span class=\"T286Pc\" data-sfc-cp=\"\" data-sfc-cb=\"\" data-complete=\"true\"><strong class=\"Yjhzub\" data-sfc-cb=\"\" data-complete=\"true\">Correa<\/strong>: Silicona negra de\u00a0<strong class=\"Yjhzub\" data-sfc-cb=\"\" data-complete=\"true\">22 mm<\/strong>\u00a0de ancho con cierre de hebilla ajustable.<\/span><\/li>\n<li class=\"dF3vjf\" data-sfc-cb=\"\" data-hveid=\"CAYQAw\" data-complete=\"true\" data-sae=\"\"><span class=\"T286Pc\" data-sfc-cp=\"\" data-sfc-cb=\"\" data-complete=\"true\" aria-owns=\"action-menu-parent-container\"><strong class=\"Yjhzub\" data-sfc-cb=\"\" data-complete=\"true\">Resistencia al agua<\/strong>: Soporta hasta\u00a0<strong class=\"Yjhzub\" data-sfc-cb=\"\" data-complete=\"true\">30 metros (3 ATM)<\/strong>, lo que lo hace resistente a salpicaduras accidentales.<\/span><\/li>\n<\/ul>\n","protected":false},"excerpt":{"rendered":"<p>Detalles del producto Movimiento: Cuarzo japon\u00e9s de tres manecillas, lo que garantiza precisi\u00f3n mediante un circuito el\u00e9ctrico interno alimentado por<\/p>\n","protected":false},"featured_media":33110,"comment_status":"open","ping_status":"closed","template":"","meta":{"_monsterinsights_skip_tracking":false,"_monsterinsights_sitenote_active":false,"_monsterinsights_sitenote_note":"","_monsterinsights_sitenote_category":0},"product_cat":[39],"product_tag":[],"_links":{"self":[{"href":"https:\/\/tiendasdyo.com\/index.php\/wp-json\/wp\/v2\/product\/33144"}],"collection":[{"href":"https:\/\/tiendasdyo.com\/index.php\/wp-json\/wp\/v2\/product"}],"about":[{"href":"https:\/\/tiendasdyo.com\/index.php\/wp-json\/wp\/v2\/types\/product"}],"replies":[{"embeddable":true,"href":"https:\/\/tiendasdyo.com\/index.php\/wp-json\/wp\/v2\/comments?post=33144"}],"version-history":[{"count":1,"href":"https:\/\/tiendasdyo.com\/index.php\/wp-json\/wp\/v2\/product\/33144\/revisions"}],"predecessor-version":[{"id":33145,"href":"https:\/\/tiendasdyo.com\/index.php\/wp-json\/wp\/v2\/product\/33144\/revisions\/33145"}],"wp:featuredmedia":[{"embeddable":true,"href":"https:\/\/tiendasdyo.com\/index.php\/wp-json\/wp\/v2\/media\/33110"}],"wp:attachment":[{"href":"https:\/\/tiendasdyo.com\/index.php\/wp-json\/wp\/v2\/media?parent=33144"}],"wp:term":[{"taxonomy":"product_cat","embeddable":true,"href":"https:\/\/tiendasdyo.com\/index.php\/wp-json\/wp\/v2\/product_cat?post=33144"},{"taxonomy":"product_tag","embeddable":true,"href":"https:\/\/tiendasdyo.com\/index.php\/wp-json\/wp\/v2\/product_tag?post=33144"}],"curies":[{"name":"wp","href":"https:\/\/api.w.org\/{rel}","templated":true}]}}