{"id":33171,"date":"2026-03-14T20:21:07","date_gmt":"2026-03-14T19:21:07","guid":{"rendered":"https:\/\/tiendasdyo.com\/?post_type=product&#038;p=33171"},"modified":"2026-03-14T20:21:07","modified_gmt":"2026-03-14T19:21:07","slug":"tarjetero-tommy-hilfiger-5","status":"publish","type":"product","link":"https:\/\/tiendasdyo.com\/index.php\/product\/tarjetero-tommy-hilfiger-5\/","title":{"rendered":"TARJETERO TOMMY HILFIGER"},"content":{"rendered":"<div class=\"AdPoic\" role=\"heading\" aria-level=\"3\" data-animation-nesting=\"\" data-sfc-cp=\"\" data-sfc-cb=\"\" data-complete=\"true\" data-processed=\"true\" data-sae=\"\">Caracter\u00edsticas y Disponibilidad<button class=\"rBl3me\" tabindex=\"0\" data-amic=\"true\" data-icl-uuid=\"ad60b9b7-1d20-453b-9028-02f648a018c0\" aria-label=\"Ver v\u00ednculos relacionados\" data-wiz-attrbind=\"disabled=Ew5XX_u\/C5gNJc;aria-label=Ew5XX_u\/bOjMyf;class=Ew5XX_u\/UpSNec\" data-ved=\"2ahUKEwi-ttfzjaCTAxXZl2oFHUH8NUAQye0OegQIBRAA\" data-hveid=\"CAUQAA\"><\/button><\/div>\n<ul class=\"KsbFXc U6u95\" data-sfc-cb=\"\" data-complete=\"true\" data-processed=\"true\">\n<li class=\"dF3vjf\" data-sfc-cb=\"\" data-hveid=\"CAYQAA\" data-complete=\"true\" data-sae=\"\"><span class=\"T286Pc\" data-sfc-cp=\"\" data-sfc-cb=\"\" data-complete=\"true\"><strong class=\"Yjhzub\" data-sfc-cb=\"\" data-complete=\"true\">Material:<\/strong>\u00a0Confeccionada en\u00a0<strong class=\"Yjhzub\" data-sfc-cb=\"\" data-complete=\"true\">cuero aut\u00e9ntico<\/strong>.<\/span><\/li>\n<li class=\"dF3vjf\" data-sfc-cb=\"\" data-hveid=\"CAYQAQ\" data-complete=\"true\" data-sae=\"\"><span class=\"T286Pc\" data-sfc-cp=\"\" data-sfc-cb=\"\" data-complete=\"true\"><strong class=\"Yjhzub\" data-sfc-cb=\"\" data-complete=\"true\">Dise\u00f1o:<\/strong>\u00a0Estilo cl\u00e1sico con nervaduras o l\u00edneas horizontales en la parte inferior y el logo met\u00e1lico de la marca.<\/span><\/li>\n<li class=\"dF3vjf\" data-sfc-cb=\"\" data-hveid=\"CAYQAg\" data-complete=\"true\" data-sae=\"\"><span class=\"T286Pc\" data-sfc-cp=\"\" data-sfc-cb=\"\" data-complete=\"true\"><strong class=\"Yjhzub\" data-sfc-cb=\"\" data-complete=\"true\">Capacidad:<\/strong>\u00a0Algunos modelos similares ofrecen espacio para hasta\u00a0<strong class=\"Yjhzub\" data-sfc-cb=\"\" data-complete=\"true\">6 tarjetas<\/strong>\u00a0y dos dep\u00f3sitos para billetes.<\/span><\/li>\n<li class=\"dF3vjf\" data-sfc-cb=\"\" data-hveid=\"CAYQAw\" data-complete=\"true\" data-sae=\"\"><span class=\"T286Pc\" data-sfc-cp=\"\" data-sfc-cb=\"\" data-complete=\"true\"><strong class=\"Yjhzub\" data-sfc-cb=\"\" data-complete=\"true\">Seguridad:<\/strong>\u00a0Variantes de este dise\u00f1o pueden incluir tecnolog\u00eda de\u00a0<strong class=\"Yjhzub\" data-sfc-cb=\"\" data-complete=\"true\">bloqueo RFID<\/strong>\u00a0para proteger tus tarjetas contra escaneos no autorizados.<\/span><span class=\"uJ19be notranslate\" data-wiz-uids=\"Ew5XX_1e,Ew5XX_1f\" data-sfc-cb=\"\" data-complete=\"true\"><span class=\"vKEkVd\" data-animation-atomic=\"\" data-wiz-attrbind=\"class=Ew5XX_1d\/TKHnVd\" data-sae=\"\"><span aria-hidden=\"true\" aria-owns=\"action-menu-parent-container\">\u00a0<\/span><\/span><\/span><\/li>\n<\/ul>\n","protected":false},"excerpt":{"rendered":"<p>Caracter\u00edsticas y Disponibilidad Material:\u00a0Confeccionada en\u00a0cuero aut\u00e9ntico. Dise\u00f1o:\u00a0Estilo cl\u00e1sico con nervaduras o l\u00edneas horizontales en la parte inferior y el logo<\/p>\n","protected":false},"featured_media":33156,"comment_status":"open","ping_status":"closed","template":"","meta":{"_monsterinsights_skip_tracking":false,"_monsterinsights_sitenote_active":false,"_monsterinsights_sitenote_note":"","_monsterinsights_sitenote_category":0},"product_cat":[40],"product_tag":[],"_links":{"self":[{"href":"https:\/\/tiendasdyo.com\/index.php\/wp-json\/wp\/v2\/product\/33171"}],"collection":[{"href":"https:\/\/tiendasdyo.com\/index.php\/wp-json\/wp\/v2\/product"}],"about":[{"href":"https:\/\/tiendasdyo.com\/index.php\/wp-json\/wp\/v2\/types\/product"}],"replies":[{"embeddable":true,"href":"https:\/\/tiendasdyo.com\/index.php\/wp-json\/wp\/v2\/comments?post=33171"}],"version-history":[{"count":1,"href":"https:\/\/tiendasdyo.com\/index.php\/wp-json\/wp\/v2\/product\/33171\/revisions"}],"predecessor-version":[{"id":33172,"href":"https:\/\/tiendasdyo.com\/index.php\/wp-json\/wp\/v2\/product\/33171\/revisions\/33172"}],"wp:featuredmedia":[{"embeddable":true,"href":"https:\/\/tiendasdyo.com\/index.php\/wp-json\/wp\/v2\/media\/33156"}],"wp:attachment":[{"href":"https:\/\/tiendasdyo.com\/index.php\/wp-json\/wp\/v2\/media?parent=33171"}],"wp:term":[{"taxonomy":"product_cat","embeddable":true,"href":"https:\/\/tiendasdyo.com\/index.php\/wp-json\/wp\/v2\/product_cat?post=33171"},{"taxonomy":"product_tag","embeddable":true,"href":"https:\/\/tiendasdyo.com\/index.php\/wp-json\/wp\/v2\/product_tag?post=33171"}],"curies":[{"name":"wp","href":"https:\/\/api.w.org\/{rel}","templated":true}]}}