{"id":33177,"date":"2026-03-14T20:47:23","date_gmt":"2026-03-14T19:47:23","guid":{"rendered":"https:\/\/tiendasdyo.com\/?post_type=product&#038;p=33177"},"modified":"2026-03-14T20:47:23","modified_gmt":"2026-03-14T19:47:23","slug":"billetera-tommy-hilfiger-3","status":"publish","type":"product","link":"https:\/\/tiendasdyo.com\/index.php\/product\/billetera-tommy-hilfiger-3\/","title":{"rendered":"BILLETERA TOMMY HILFIGER"},"content":{"rendered":"<div class=\"Y3BBE\" data-sfc-cp=\"\" data-sfc-cb=\"\" data-hveid=\"CAYQAA\" data-complete=\"true\" data-processed=\"true\">Dependiendo del distribuidor y la variante exacta del dise\u00f1o interno, este accesorio se identifica com\u00fanmente como:<button class=\"rBl3me\" tabindex=\"0\" data-amic=\"true\" data-icl-uuid=\"9f650b54-0189-4d4f-a1cb-764ba52c3e3a\" aria-label=\"Ver v\u00ednculos relacionados\" data-wiz-attrbind=\"disabled=ed7zjf_v\/C5gNJc;aria-label=ed7zjf_v\/bOjMyf;class=ed7zjf_v\/UpSNec\" data-ved=\"2ahUKEwiktav5k6CTAxUVg2oFHdpMHPUQye0OegQIBhAB\" data-hveid=\"CAYQAQ\"><\/button><\/div>\n<ul class=\"KsbFXc U6u95\" data-sfc-cb=\"\" data-complete=\"true\" data-processed=\"true\">\n<li class=\"dF3vjf\" data-sfc-cb=\"\" data-hveid=\"CAcQAA\" data-complete=\"true\" data-sae=\"\"><span class=\"T286Pc\" data-sfc-cp=\"\" data-sfc-cb=\"\" data-complete=\"true\"><strong class=\"Yjhzub\" data-sfc-cb=\"\" data-complete=\"true\">Tommy Hilfiger Eton Mini CC<\/strong>: Un monedero o billetera de formato peque\u00f1o, con dimensiones aproximadas de 11 x 7 x 2.5 cm, ideal para quienes buscan un accesorio compacto.<\/span><\/li>\n<li class=\"dF3vjf\" data-sfc-cb=\"\" data-hveid=\"CAcQAQ\" data-complete=\"true\" data-sae=\"\"><span class=\"T286Pc\" data-sfc-cp=\"\" data-sfc-cb=\"\" data-complete=\"true\"><strong class=\"Yjhzub\" data-sfc-cb=\"\" data-complete=\"true\">Billetera Trifold (de tres pliegues)<\/strong>: Dise\u00f1ada en cuero genuino, ofrece m\u00faltiples compartimentos para tarjetas de cr\u00e9dito, identificaciones y efectivo.<\/span><\/li>\n<li class=\"dF3vjf\" data-sfc-cb=\"\" data-hveid=\"CAcQAg\" data-complete=\"true\" data-sae=\"\"><span class=\"T286Pc\" data-sfc-cp=\"\" data-sfc-cb=\"\" data-complete=\"true\" aria-owns=\"action-menu-parent-container\"><strong class=\"Yjhzub\" data-sfc-cb=\"\" data-complete=\"true\">Variante Logan o Fordham<\/strong>: Otros modelos similares de cuero de alta calidad que combinan funcionalidad con un dise\u00f1o elegante y duradero.<\/span><\/li>\n<\/ul>\n","protected":false},"excerpt":{"rendered":"<p>Dependiendo del distribuidor y la variante exacta del dise\u00f1o interno, este accesorio se identifica com\u00fanmente como: Tommy Hilfiger Eton Mini<\/p>\n","protected":false},"featured_media":33159,"comment_status":"open","ping_status":"closed","template":"","meta":{"_monsterinsights_skip_tracking":false,"_monsterinsights_sitenote_active":false,"_monsterinsights_sitenote_note":"","_monsterinsights_sitenote_category":0},"product_cat":[40],"product_tag":[],"_links":{"self":[{"href":"https:\/\/tiendasdyo.com\/index.php\/wp-json\/wp\/v2\/product\/33177"}],"collection":[{"href":"https:\/\/tiendasdyo.com\/index.php\/wp-json\/wp\/v2\/product"}],"about":[{"href":"https:\/\/tiendasdyo.com\/index.php\/wp-json\/wp\/v2\/types\/product"}],"replies":[{"embeddable":true,"href":"https:\/\/tiendasdyo.com\/index.php\/wp-json\/wp\/v2\/comments?post=33177"}],"version-history":[{"count":1,"href":"https:\/\/tiendasdyo.com\/index.php\/wp-json\/wp\/v2\/product\/33177\/revisions"}],"predecessor-version":[{"id":33178,"href":"https:\/\/tiendasdyo.com\/index.php\/wp-json\/wp\/v2\/product\/33177\/revisions\/33178"}],"wp:featuredmedia":[{"embeddable":true,"href":"https:\/\/tiendasdyo.com\/index.php\/wp-json\/wp\/v2\/media\/33159"}],"wp:attachment":[{"href":"https:\/\/tiendasdyo.com\/index.php\/wp-json\/wp\/v2\/media?parent=33177"}],"wp:term":[{"taxonomy":"product_cat","embeddable":true,"href":"https:\/\/tiendasdyo.com\/index.php\/wp-json\/wp\/v2\/product_cat?post=33177"},{"taxonomy":"product_tag","embeddable":true,"href":"https:\/\/tiendasdyo.com\/index.php\/wp-json\/wp\/v2\/product_tag?post=33177"}],"curies":[{"name":"wp","href":"https:\/\/api.w.org\/{rel}","templated":true}]}}