{"id":33183,"date":"2026-03-14T21:07:02","date_gmt":"2026-03-14T20:07:02","guid":{"rendered":"https:\/\/tiendasdyo.com\/?post_type=product&#038;p=33183"},"modified":"2026-03-14T21:07:03","modified_gmt":"2026-03-14T20:07:03","slug":"billetera-columbia","status":"publish","type":"product","link":"https:\/\/tiendasdyo.com\/index.php\/product\/billetera-columbia\/","title":{"rendered":"BILLETERA COLUMBIA"},"content":{"rendered":"<div class=\"AdPoic\" role=\"heading\" aria-level=\"3\" data-animation-nesting=\"\" data-sfc-cp=\"\" data-sfc-cb=\"\" data-processed=\"true\" data-sae=\"\" data-complete=\"true\">Detalles del Producto<button class=\"rBl3me\" tabindex=\"0\" data-amic=\"true\" data-icl-uuid=\"776af456-6055-48ff-9353-4d78251c142e\" aria-label=\"Ver v\u00ednculos relacionados\" data-wiz-attrbind=\"disabled=fGI4nf_10\/C5gNJc;aria-label=fGI4nf_10\/bOjMyf;class=fGI4nf_10\/UpSNec\" data-ved=\"2ahUKEwjy8ZCdmKCTAxV7nWoFHampKJ8Qye0OegQIBxAA\" data-hveid=\"CAcQAA\"><\/button><\/div>\n<ul class=\"KsbFXc U6u95\" data-sfc-cb=\"\" data-complete=\"true\" data-processed=\"true\">\n<li class=\"dF3vjf\" data-sfc-cb=\"\" data-hveid=\"CAgQAA\" data-complete=\"true\" data-sae=\"\"><span class=\"T286Pc\" data-sfc-cp=\"\" data-sfc-cb=\"\" data-complete=\"true\"><strong class=\"Yjhzub\" data-sfc-cb=\"\" data-complete=\"true\">Material<\/strong>: Cuero genuino con textura granulada.<\/span><\/li>\n<li class=\"dF3vjf\" data-sfc-cb=\"\" data-hveid=\"CAgQAQ\" data-complete=\"true\" data-sae=\"\"><span class=\"T286Pc\" data-sfc-cp=\"\" data-sfc-cb=\"\" data-complete=\"true\"><strong class=\"Yjhzub\" data-sfc-cb=\"\" data-complete=\"true\">Seguridad<\/strong>: Protecci\u00f3n RFID integrada para mayor tranquilidad en lugares concurridos.<\/span><\/li>\n<li class=\"dF3vjf\" data-sfc-cb=\"\" data-hveid=\"CAgQAg\" data-complete=\"true\" data-sae=\"\"><span class=\"T286Pc\" data-sfc-cp=\"\" data-sfc-cb=\"\" data-complete=\"true\"><strong class=\"Yjhzub\" data-sfc-cb=\"\" data-complete=\"true\">Capacidad<\/strong>: Generalmente incluye ranuras para unas 6 tarjetas de cr\u00e9dito, un compartimento principal para billetes y una ventana transparente para identificaci\u00f3n de acceso r\u00e1pido.<\/span><\/li>\n<li class=\"dF3vjf\" data-sfc-cb=\"\" data-hveid=\"CAgQAw\" data-complete=\"true\" data-sae=\"\"><span class=\"T286Pc\" data-sfc-cp=\"\" data-sfc-cb=\"\" data-complete=\"true\" aria-owns=\"action-menu-parent-container\"><strong class=\"Yjhzub\" data-sfc-cb=\"\" data-complete=\"true\">Dise\u00f1o<\/strong>: Estilo plegable (bifold) o de tres pliegues (trifold), dise\u00f1ado para ser delgado y no abultar en el bolsillo.<\/span><\/li>\n<\/ul>\n","protected":false},"excerpt":{"rendered":"<p>Detalles del Producto Material: Cuero genuino con textura granulada. Seguridad: Protecci\u00f3n RFID integrada para mayor tranquilidad en lugares concurridos. Capacidad:<\/p>\n","protected":false},"featured_media":33163,"comment_status":"open","ping_status":"closed","template":"","meta":{"_monsterinsights_skip_tracking":false,"_monsterinsights_sitenote_active":false,"_monsterinsights_sitenote_note":"","_monsterinsights_sitenote_category":0},"product_cat":[40],"product_tag":[],"_links":{"self":[{"href":"https:\/\/tiendasdyo.com\/index.php\/wp-json\/wp\/v2\/product\/33183"}],"collection":[{"href":"https:\/\/tiendasdyo.com\/index.php\/wp-json\/wp\/v2\/product"}],"about":[{"href":"https:\/\/tiendasdyo.com\/index.php\/wp-json\/wp\/v2\/types\/product"}],"replies":[{"embeddable":true,"href":"https:\/\/tiendasdyo.com\/index.php\/wp-json\/wp\/v2\/comments?post=33183"}],"version-history":[{"count":1,"href":"https:\/\/tiendasdyo.com\/index.php\/wp-json\/wp\/v2\/product\/33183\/revisions"}],"predecessor-version":[{"id":33184,"href":"https:\/\/tiendasdyo.com\/index.php\/wp-json\/wp\/v2\/product\/33183\/revisions\/33184"}],"wp:featuredmedia":[{"embeddable":true,"href":"https:\/\/tiendasdyo.com\/index.php\/wp-json\/wp\/v2\/media\/33163"}],"wp:attachment":[{"href":"https:\/\/tiendasdyo.com\/index.php\/wp-json\/wp\/v2\/media?parent=33183"}],"wp:term":[{"taxonomy":"product_cat","embeddable":true,"href":"https:\/\/tiendasdyo.com\/index.php\/wp-json\/wp\/v2\/product_cat?post=33183"},{"taxonomy":"product_tag","embeddable":true,"href":"https:\/\/tiendasdyo.com\/index.php\/wp-json\/wp\/v2\/product_tag?post=33183"}],"curies":[{"name":"wp","href":"https:\/\/api.w.org\/{rel}","templated":true}]}}