{"id":33236,"date":"2026-03-16T16:13:15","date_gmt":"2026-03-16T15:13:15","guid":{"rendered":"https:\/\/tiendasdyo.com\/?post_type=product&#038;p=33236"},"modified":"2026-03-16T16:13:15","modified_gmt":"2026-03-16T15:13:15","slug":"gorra-lacoste","status":"publish","type":"product","link":"https:\/\/tiendasdyo.com\/index.php\/product\/gorra-lacoste\/","title":{"rendered":"GORRA LACOSTE"},"content":{"rendered":"<div class=\"AdPoic\" role=\"heading\" aria-level=\"3\" data-animation-nesting=\"\" data-sfc-cp=\"\" data-sfc-cb=\"\" data-complete=\"true\" data-processed=\"true\" data-sae=\"\">Detalles del producto<button class=\"rBl3me\" tabindex=\"0\" data-amic=\"true\" data-icl-uuid=\"e42924be-a40f-454e-93c8-a03497c1845a\" aria-label=\"Ver v\u00ednculos relacionados\" data-wiz-attrbind=\"disabled=jFwJNb_y\/C5gNJc;aria-label=jFwJNb_y\/bOjMyf;class=jFwJNb_y\/UpSNec\" data-ved=\"2ahUKEwjl4JT92KSTAxWBFjQIHSYgBdQQye0OegQIBhAA\" data-hveid=\"CAYQAA\"><\/button><\/div>\n<ul class=\"KsbFXc U6u95\" data-sfc-cb=\"\" data-complete=\"true\" data-processed=\"true\">\n<li class=\"dF3vjf\" data-sfc-cb=\"\" data-hveid=\"CAcQAA\" data-complete=\"true\" data-sae=\"\"><span class=\"T286Pc\" data-sfc-cp=\"\" data-sfc-cb=\"\" data-complete=\"true\"><strong class=\"Yjhzub\" data-sfc-cb=\"\" data-complete=\"true\">Material:<\/strong>\u00a0Confeccionada t\u00edpicamente en sarga de algod\u00f3n org\u00e1nico.<\/span><\/li>\n<li class=\"dF3vjf\" data-sfc-cb=\"\" data-hveid=\"CAcQAQ\" data-complete=\"true\" data-sae=\"\"><span class=\"T286Pc\" data-sfc-cp=\"\" data-sfc-cb=\"\" data-complete=\"true\"><strong class=\"Yjhzub\" data-sfc-cb=\"\" data-complete=\"true\">Dise\u00f1o:<\/strong>\u00a0Gorra de b\u00e9isbol con un acabado mate y ojales transpirables para mayor comodidad.<\/span><\/li>\n<li class=\"dF3vjf\" data-sfc-cb=\"\" data-hveid=\"CAcQAg\" data-complete=\"true\" data-sae=\"\"><span class=\"T286Pc\" data-sfc-cp=\"\" data-sfc-cb=\"\" data-complete=\"true\"><strong class=\"Yjhzub\" data-sfc-cb=\"\" data-complete=\"true\">Ajuste:<\/strong>\u00a0Cuenta con una correa ajustable en la parte posterior que incluye detalles de la marca.<\/span><\/li>\n<li class=\"dF3vjf\" data-sfc-cb=\"\" data-hveid=\"CAcQAw\" data-complete=\"true\" data-sae=\"\"><span class=\"T286Pc\" data-sfc-cp=\"\" data-sfc-cb=\"\" data-complete=\"true\" aria-owns=\"action-menu-parent-container\"><strong class=\"Yjhzub\" data-sfc-cb=\"\" data-complete=\"true\">Cuidados recomendados:<\/strong>\u00a0Se sugiere lavar a mano o a m\u00e1quina a un m\u00e1ximo de 30\u00b0C en ciclo normal, sin usar secadora ni plancha.<\/span><\/li>\n<\/ul>\n","protected":false},"excerpt":{"rendered":"<p>Detalles del producto Material:\u00a0Confeccionada t\u00edpicamente en sarga de algod\u00f3n org\u00e1nico. Dise\u00f1o:\u00a0Gorra de b\u00e9isbol con un acabado mate y ojales transpirables<\/p>\n","protected":false},"featured_media":33200,"comment_status":"open","ping_status":"closed","template":"","meta":{"_monsterinsights_skip_tracking":false,"_monsterinsights_sitenote_active":false,"_monsterinsights_sitenote_note":"","_monsterinsights_sitenote_category":0},"product_cat":[44],"product_tag":[],"_links":{"self":[{"href":"https:\/\/tiendasdyo.com\/index.php\/wp-json\/wp\/v2\/product\/33236"}],"collection":[{"href":"https:\/\/tiendasdyo.com\/index.php\/wp-json\/wp\/v2\/product"}],"about":[{"href":"https:\/\/tiendasdyo.com\/index.php\/wp-json\/wp\/v2\/types\/product"}],"replies":[{"embeddable":true,"href":"https:\/\/tiendasdyo.com\/index.php\/wp-json\/wp\/v2\/comments?post=33236"}],"version-history":[{"count":1,"href":"https:\/\/tiendasdyo.com\/index.php\/wp-json\/wp\/v2\/product\/33236\/revisions"}],"predecessor-version":[{"id":33237,"href":"https:\/\/tiendasdyo.com\/index.php\/wp-json\/wp\/v2\/product\/33236\/revisions\/33237"}],"wp:featuredmedia":[{"embeddable":true,"href":"https:\/\/tiendasdyo.com\/index.php\/wp-json\/wp\/v2\/media\/33200"}],"wp:attachment":[{"href":"https:\/\/tiendasdyo.com\/index.php\/wp-json\/wp\/v2\/media?parent=33236"}],"wp:term":[{"taxonomy":"product_cat","embeddable":true,"href":"https:\/\/tiendasdyo.com\/index.php\/wp-json\/wp\/v2\/product_cat?post=33236"},{"taxonomy":"product_tag","embeddable":true,"href":"https:\/\/tiendasdyo.com\/index.php\/wp-json\/wp\/v2\/product_tag?post=33236"}],"curies":[{"name":"wp","href":"https:\/\/api.w.org\/{rel}","templated":true}]}}