{"id":33262,"date":"2026-03-16T16:53:01","date_gmt":"2026-03-16T15:53:01","guid":{"rendered":"https:\/\/tiendasdyo.com\/?post_type=product&#038;p=33262"},"modified":"2026-03-16T16:53:01","modified_gmt":"2026-03-16T15:53:01","slug":"gorra-tommy-hilfiger-9","status":"publish","type":"product","link":"https:\/\/tiendasdyo.com\/index.php\/product\/gorra-tommy-hilfiger-9\/","title":{"rendered":"GORRA TOMMY HILFIGER"},"content":{"rendered":"<div class=\"AdPoic\" role=\"heading\" aria-level=\"3\" data-animation-nesting=\"\" data-sfc-cp=\"\" data-sfc-cb=\"\" data-complete=\"true\" data-processed=\"true\" data-sae=\"\">Detalles del Producto<button class=\"rBl3me\" tabindex=\"0\" data-amic=\"true\" data-icl-uuid=\"39aa0793-c8bb-4bf3-98a2-f1550080e918\" aria-label=\"Ver v\u00ednculos relacionados\" data-wiz-attrbind=\"disabled=yn704e_v\/C5gNJc;aria-label=yn704e_v\/bOjMyf;class=yn704e_v\/UpSNec\" data-ved=\"2ahUKEwiX8rij46STAxUTyOYEHRyUGJcQye0OegQIBRAA\" data-hveid=\"CAUQAA\"><\/button><\/div>\n<ul class=\"KsbFXc U6u95\" data-sfc-cb=\"\" data-complete=\"true\" data-processed=\"true\">\n<li class=\"dF3vjf\" data-sfc-cb=\"\" data-hveid=\"CAYQAA\" data-complete=\"true\" data-sae=\"\"><span class=\"T286Pc\" data-sfc-cp=\"\" data-sfc-cb=\"\" data-complete=\"true\"><strong class=\"Yjhzub\" data-sfc-cb=\"\" data-complete=\"true\">Dise\u00f1o:<\/strong>\u00a0Gorra cl\u00e1sica de seis paneles con ojales de ventilaci\u00f3n para mayor frescura.<\/span><\/li>\n<li class=\"dF3vjf\" data-sfc-cb=\"\" data-hveid=\"CAYQAQ\" data-complete=\"true\" data-sae=\"\"><span class=\"T286Pc\" data-sfc-cp=\"\" data-sfc-cb=\"\" data-complete=\"true\"><strong class=\"Yjhzub\" data-sfc-cb=\"\" data-complete=\"true\">Material:<\/strong>\u00a0Confeccionada t\u00edpicamente en\u00a0<strong class=\"Yjhzub\" data-sfc-cb=\"\" data-complete=\"true\">algod\u00f3n 100%<\/strong>.<\/span><\/li>\n<li class=\"dF3vjf\" data-sfc-cb=\"\" data-hveid=\"CAYQAg\" data-complete=\"true\" data-sae=\"\"><span class=\"T286Pc\" data-sfc-cp=\"\" data-sfc-cb=\"\" data-complete=\"true\"><strong class=\"Yjhzub\" data-sfc-cb=\"\" data-complete=\"true\">Ajuste:<\/strong>\u00a0Cuenta con un regulador con broche met\u00e1lico en la parte posterior, lo que la hace de tama\u00f1o est\u00e1ndar y ajustable.<\/span><\/li>\n<li class=\"dF3vjf\" data-sfc-cb=\"\" data-hveid=\"CAYQAw\" data-complete=\"true\" data-sae=\"\"><span class=\"T286Pc\" data-sfc-cp=\"\" data-sfc-cb=\"\" data-complete=\"true\"><strong class=\"Yjhzub\" data-sfc-cb=\"\" data-complete=\"true\">Logotipo:<\/strong>\u00a0Presenta un parche circular bordado con el logo de la bandera de Tommy Hilfiger y la leyenda \u00abEstablished 1985\u00bb.<\/span><\/li>\n<\/ul>\n","protected":false},"excerpt":{"rendered":"<p>Detalles del Producto Dise\u00f1o:\u00a0Gorra cl\u00e1sica de seis paneles con ojales de ventilaci\u00f3n para mayor frescura. Material:\u00a0Confeccionada t\u00edpicamente en\u00a0algod\u00f3n 100%. Ajuste:\u00a0Cuenta<\/p>\n","protected":false},"featured_media":33213,"comment_status":"open","ping_status":"closed","template":"","meta":{"_monsterinsights_skip_tracking":false,"_monsterinsights_sitenote_active":false,"_monsterinsights_sitenote_note":"","_monsterinsights_sitenote_category":0},"product_cat":[44],"product_tag":[],"_links":{"self":[{"href":"https:\/\/tiendasdyo.com\/index.php\/wp-json\/wp\/v2\/product\/33262"}],"collection":[{"href":"https:\/\/tiendasdyo.com\/index.php\/wp-json\/wp\/v2\/product"}],"about":[{"href":"https:\/\/tiendasdyo.com\/index.php\/wp-json\/wp\/v2\/types\/product"}],"replies":[{"embeddable":true,"href":"https:\/\/tiendasdyo.com\/index.php\/wp-json\/wp\/v2\/comments?post=33262"}],"version-history":[{"count":1,"href":"https:\/\/tiendasdyo.com\/index.php\/wp-json\/wp\/v2\/product\/33262\/revisions"}],"predecessor-version":[{"id":33263,"href":"https:\/\/tiendasdyo.com\/index.php\/wp-json\/wp\/v2\/product\/33262\/revisions\/33263"}],"wp:featuredmedia":[{"embeddable":true,"href":"https:\/\/tiendasdyo.com\/index.php\/wp-json\/wp\/v2\/media\/33213"}],"wp:attachment":[{"href":"https:\/\/tiendasdyo.com\/index.php\/wp-json\/wp\/v2\/media?parent=33262"}],"wp:term":[{"taxonomy":"product_cat","embeddable":true,"href":"https:\/\/tiendasdyo.com\/index.php\/wp-json\/wp\/v2\/product_cat?post=33262"},{"taxonomy":"product_tag","embeddable":true,"href":"https:\/\/tiendasdyo.com\/index.php\/wp-json\/wp\/v2\/product_tag?post=33262"}],"curies":[{"name":"wp","href":"https:\/\/api.w.org\/{rel}","templated":true}]}}