{"id":33290,"date":"2026-03-16T20:20:31","date_gmt":"2026-03-16T19:20:31","guid":{"rendered":"https:\/\/tiendasdyo.com\/?post_type=product&#038;p=33290"},"modified":"2026-03-16T20:20:31","modified_gmt":"2026-03-16T19:20:31","slug":"gorra-nautica-2","status":"publish","type":"product","link":"https:\/\/tiendasdyo.com\/index.php\/product\/gorra-nautica-2\/","title":{"rendered":"GORRA NAUTICA"},"content":{"rendered":"<div class=\"Y3BBE\" data-sfc-cp=\"\" data-sfc-cb=\"\" data-hveid=\"CAcQAA\" data-complete=\"true\" data-processed=\"true\">Puedes encontrarla en varios sitios de venta en l\u00ednea:<button class=\"rBl3me\" tabindex=\"0\" data-amic=\"true\" data-icl-uuid=\"8800bfaa-7285-4301-b724-4378fea394a2\" aria-label=\"Ver v\u00ednculos relacionados\" data-wiz-attrbind=\"disabled=z2njib_14\/C5gNJc;aria-label=z2njib_14\/bOjMyf;class=z2njib_14\/UpSNec\" data-ved=\"2ahUKEwjer-7RkaWTAxX4JzQIHUQoCxMQye0OegQIBxAB\" data-hveid=\"CAcQAQ\"><\/button><\/div>\n<ul class=\"KsbFXc U6u95 Lem6n\" data-sfc-cb=\"\" data-complete=\"true\" data-processed=\"true\">\n<li class=\"dF3vjf\" data-sfc-cb=\"\" data-hveid=\"CAgQAA\" data-complete=\"true\" data-sae=\"\"><span class=\"T286Pc\" data-sfc-cp=\"\" data-sfc-cb=\"\" data-complete=\"true\"><strong class=\"Yjhzub\" data-sfc-cb=\"\" data-complete=\"true\"><span class=\"N9Q8Lc\">Amazon.com<\/span><\/strong><span class=\"N9Q8Lc\">: Disponible como\u00a0<\/span><span data-sfc-cp=\"\" data-wiz-uids=\"z2njib_1c\" data-sfc-cb=\"\" data-complete=\"true\"><a class=\"H23r4e\" href=\"https:\/\/www.amazon.com\/Nautica-Adjustable-Logo-Size-White\/dp\/B0112KH5X6\" target=\"_blank\" rel=\"noopener\" data-hveid=\"CAgQAQ\"><span class=\"N9Q8Lc\">Gorra ajustable con logo para hombre<\/span><\/a><\/span><span class=\"N9Q8Lc\">.<\/span><\/span><\/li>\n<li class=\"dF3vjf\" data-sfc-cb=\"\" data-hveid=\"CAgQAg\" data-complete=\"true\" data-sae=\"\"><span class=\"T286Pc\" data-sfc-cp=\"\" data-sfc-cb=\"\" data-complete=\"true\"><strong class=\"Yjhzub\" data-sfc-cb=\"\" data-complete=\"true\"><span class=\"N9Q8Lc\">Mercado Libre<\/span><\/strong><span class=\"N9Q8Lc\">: Se comercializa como\u00a0<\/span><span data-sfc-cp=\"\" data-wiz-uids=\"z2njib_1h\" data-sfc-cb=\"\" data-complete=\"true\"><a class=\"H23r4e\" href=\"https:\/\/www.mercadolibre.com.mx\/gorra-chachucha-nautica-blanca-original\/up\/MLMU703226324\" target=\"_blank\" rel=\"noopener\" data-hveid=\"CAgQAw\"><span class=\"N9Q8Lc\">Gorra Nautica Blanca Original<\/span><\/a><\/span><span class=\"N9Q8Lc\">.<\/span><\/span><\/li>\n<li class=\"dF3vjf\" data-sfc-cb=\"\" data-hveid=\"CAgQBA\" data-complete=\"true\" data-sae=\"\"><span class=\"T286Pc\" data-sfc-cp=\"\" data-sfc-cb=\"\" data-complete=\"true\" aria-owns=\"action-menu-parent-container\"><strong class=\"Yjhzub\" data-sfc-cb=\"\" data-complete=\"true\"><span class=\"N9Q8Lc\">Sitios oficiales<\/span><\/strong><span class=\"N9Q8Lc\">: Tambi\u00e9n est\u00e1 disponible a trav\u00e9s de\u00a0<\/span><span class=\"T286Pc\" data-sfc-cp=\"\" data-sfc-cb=\"\" data-complete=\"true\"><span class=\"N9Q8Lc\">Nautica M\u00e9xico<\/span><\/span><\/span><\/li>\n<\/ul>\n","protected":false},"excerpt":{"rendered":"<p>Puedes encontrarla en varios sitios de venta en l\u00ednea: Amazon.com: Disponible como\u00a0Gorra ajustable con logo para hombre. Mercado Libre: Se<\/p>\n","protected":false},"featured_media":33227,"comment_status":"open","ping_status":"closed","template":"","meta":{"_monsterinsights_skip_tracking":false,"_monsterinsights_sitenote_active":false,"_monsterinsights_sitenote_note":"","_monsterinsights_sitenote_category":0},"product_cat":[44],"product_tag":[],"_links":{"self":[{"href":"https:\/\/tiendasdyo.com\/index.php\/wp-json\/wp\/v2\/product\/33290"}],"collection":[{"href":"https:\/\/tiendasdyo.com\/index.php\/wp-json\/wp\/v2\/product"}],"about":[{"href":"https:\/\/tiendasdyo.com\/index.php\/wp-json\/wp\/v2\/types\/product"}],"replies":[{"embeddable":true,"href":"https:\/\/tiendasdyo.com\/index.php\/wp-json\/wp\/v2\/comments?post=33290"}],"version-history":[{"count":1,"href":"https:\/\/tiendasdyo.com\/index.php\/wp-json\/wp\/v2\/product\/33290\/revisions"}],"predecessor-version":[{"id":33291,"href":"https:\/\/tiendasdyo.com\/index.php\/wp-json\/wp\/v2\/product\/33290\/revisions\/33291"}],"wp:featuredmedia":[{"embeddable":true,"href":"https:\/\/tiendasdyo.com\/index.php\/wp-json\/wp\/v2\/media\/33227"}],"wp:attachment":[{"href":"https:\/\/tiendasdyo.com\/index.php\/wp-json\/wp\/v2\/media?parent=33290"}],"wp:term":[{"taxonomy":"product_cat","embeddable":true,"href":"https:\/\/tiendasdyo.com\/index.php\/wp-json\/wp\/v2\/product_cat?post=33290"},{"taxonomy":"product_tag","embeddable":true,"href":"https:\/\/tiendasdyo.com\/index.php\/wp-json\/wp\/v2\/product_tag?post=33290"}],"curies":[{"name":"wp","href":"https:\/\/api.w.org\/{rel}","templated":true}]}}