{"id":33294,"date":"2026-03-16T20:24:43","date_gmt":"2026-03-16T19:24:43","guid":{"rendered":"https:\/\/tiendasdyo.com\/?post_type=product&#038;p=33294"},"modified":"2026-03-16T20:24:43","modified_gmt":"2026-03-16T19:24:43","slug":"gorra-nautica-4","status":"publish","type":"product","link":"https:\/\/tiendasdyo.com\/index.php\/product\/gorra-nautica-4\/","title":{"rendered":"GORRA NAUTICA"},"content":{"rendered":"<div class=\"Y3BBE\" data-sfc-cp=\"\" data-sfc-cb=\"\" data-hveid=\"CAEIAhAA\" data-complete=\"true\" data-processed=\"true\">Esta gorra de\u00a0<strong class=\"Yjhzub\" data-sfc-cb=\"\" data-complete=\"true\" data-processed=\"true\">Nautica<\/strong>\u00a0es un accesorio cl\u00e1sico de estilo n\u00e1utico, dise\u00f1ado para ser duradero y c\u00f3modo. Sus caracter\u00edsticas principales son:<button class=\"rBl3me\" tabindex=\"0\" data-amic=\"true\" data-icl-uuid=\"a5f6185d-97cd-4879-ba11-fca0a14cde04\" aria-label=\"Ver v\u00ednculos relacionados\" data-wiz-attrbind=\"disabled=qZONSb_d\/C5gNJc;aria-label=qZONSb_d\/bOjMyf;class=qZONSb_d\/UpSNec\" data-ved=\"2ahUKEwiW6LnQkqWTAxVOSDABHXnPAzMQye0OegYIAQgCEAE\" data-hveid=\"CAEIAhAB\"><\/button><\/div>\n<ul class=\"KsbFXc U6u95\" data-sfc-cb=\"\" data-complete=\"true\" data-processed=\"true\">\n<li class=\"dF3vjf\" data-sfc-cb=\"\" data-hveid=\"CAEIAxAA\" data-complete=\"true\" data-sae=\"\"><span class=\"T286Pc\" data-sfc-cp=\"\" data-sfc-cb=\"\" data-complete=\"true\"><strong class=\"Yjhzub\" data-sfc-cb=\"\" data-complete=\"true\">Dise\u00f1o:<\/strong>\u00a0Estilo \u00abdad hat\u00bb o gorra de b\u00e9isbol de 6 paneles con una estructura relajada.<\/span><\/li>\n<li class=\"dF3vjf\" data-sfc-cb=\"\" data-hveid=\"CAEIAxAB\" data-complete=\"true\" data-sae=\"\"><span class=\"T286Pc\" data-sfc-cp=\"\" data-sfc-cb=\"\" data-complete=\"true\"><strong class=\"Yjhzub\" data-sfc-cb=\"\" data-complete=\"true\">Material:<\/strong>\u00a0Confeccionada en\u00a0<strong class=\"Yjhzub\" data-sfc-cb=\"\" data-complete=\"true\">100% algod\u00f3n<\/strong>\u00a0de sarga, lo que la hace transpirable y suave al tacto.<\/span><\/li>\n<li class=\"dF3vjf\" data-sfc-cb=\"\" data-hveid=\"CAEIAxAC\" data-complete=\"true\" data-sae=\"\"><span class=\"T286Pc\" data-sfc-cp=\"\" data-sfc-cb=\"\" data-complete=\"true\"><strong class=\"Yjhzub\" data-sfc-cb=\"\" data-complete=\"true\">Logotipo:<\/strong>\u00a0Presenta el ic\u00f3nico\u00a0<strong class=\"Yjhzub\" data-sfc-cb=\"\" data-complete=\"true\">J-Class<\/strong>\u00a0(el velero) bordado en contraste en el panel frontal. Algunas versiones tambi\u00e9n incluyen el nombre \u00abNAUTICA\u00bb debajo del logo.<\/span><\/li>\n<li class=\"dF3vjf\" data-sfc-cb=\"\" data-hveid=\"CAEIAxAD\" data-complete=\"true\" data-sae=\"\"><span class=\"T286Pc\" data-sfc-cp=\"\" data-sfc-cb=\"\" data-complete=\"true\" aria-owns=\"action-menu-parent-container\"><strong class=\"Yjhzub\" data-sfc-cb=\"\" data-complete=\"true\">Ajuste:<\/strong>\u00a0Es de\u00a0<strong class=\"Yjhzub\" data-sfc-cb=\"\" data-complete=\"true\">talla \u00fanica<\/strong>\u00a0(One Size) y cuenta con una correa ajustable en la parte trasera (frecuentemente con una hebilla met\u00e1lica grabada) para adaptarse a diferentes tama\u00f1os de cabeza.<\/span><\/li>\n<\/ul>\n","protected":false},"excerpt":{"rendered":"<p>Esta gorra de\u00a0Nautica\u00a0es un accesorio cl\u00e1sico de estilo n\u00e1utico, dise\u00f1ado para ser duradero y c\u00f3modo. Sus caracter\u00edsticas principales son: Dise\u00f1o:\u00a0Estilo<\/p>\n","protected":false},"featured_media":33229,"comment_status":"open","ping_status":"closed","template":"","meta":{"_monsterinsights_skip_tracking":false,"_monsterinsights_sitenote_active":false,"_monsterinsights_sitenote_note":"","_monsterinsights_sitenote_category":0},"product_cat":[44],"product_tag":[],"_links":{"self":[{"href":"https:\/\/tiendasdyo.com\/index.php\/wp-json\/wp\/v2\/product\/33294"}],"collection":[{"href":"https:\/\/tiendasdyo.com\/index.php\/wp-json\/wp\/v2\/product"}],"about":[{"href":"https:\/\/tiendasdyo.com\/index.php\/wp-json\/wp\/v2\/types\/product"}],"replies":[{"embeddable":true,"href":"https:\/\/tiendasdyo.com\/index.php\/wp-json\/wp\/v2\/comments?post=33294"}],"version-history":[{"count":1,"href":"https:\/\/tiendasdyo.com\/index.php\/wp-json\/wp\/v2\/product\/33294\/revisions"}],"predecessor-version":[{"id":33295,"href":"https:\/\/tiendasdyo.com\/index.php\/wp-json\/wp\/v2\/product\/33294\/revisions\/33295"}],"wp:featuredmedia":[{"embeddable":true,"href":"https:\/\/tiendasdyo.com\/index.php\/wp-json\/wp\/v2\/media\/33229"}],"wp:attachment":[{"href":"https:\/\/tiendasdyo.com\/index.php\/wp-json\/wp\/v2\/media?parent=33294"}],"wp:term":[{"taxonomy":"product_cat","embeddable":true,"href":"https:\/\/tiendasdyo.com\/index.php\/wp-json\/wp\/v2\/product_cat?post=33294"},{"taxonomy":"product_tag","embeddable":true,"href":"https:\/\/tiendasdyo.com\/index.php\/wp-json\/wp\/v2\/product_tag?post=33294"}],"curies":[{"name":"wp","href":"https:\/\/api.w.org\/{rel}","templated":true}]}}