{"id":33296,"date":"2026-03-16T20:27:01","date_gmt":"2026-03-16T19:27:01","guid":{"rendered":"https:\/\/tiendasdyo.com\/?post_type=product&#038;p=33296"},"modified":"2026-03-16T20:27:02","modified_gmt":"2026-03-16T19:27:02","slug":"gorra-nautica-5","status":"publish","type":"product","link":"https:\/\/tiendasdyo.com\/index.php\/product\/gorra-nautica-5\/","title":{"rendered":"GORRA NAUTICA"},"content":{"rendered":"<div class=\"Y3BBE\" data-sfc-cp=\"\" data-sfc-cb=\"\" data-hveid=\"CAEIAhAA\" data-complete=\"true\" data-processed=\"true\">Esta gorra es un accesorio cl\u00e1sico de\u00a0<strong class=\"Yjhzub\" data-sfc-cb=\"\" data-complete=\"true\" data-processed=\"true\">Nautica<\/strong>, dise\u00f1ada con un estilo deportivo y retro que rinde homenaje al a\u00f1o de fundaci\u00f3n de la marca.<button class=\"rBl3me\" tabindex=\"0\" data-amic=\"true\" data-icl-uuid=\"28a1600a-0dd2-4dc4-aca1-6a67f3dc172c\" aria-label=\"Ver v\u00ednculos relacionados\" data-wiz-attrbind=\"disabled=zWSnLe_d\/C5gNJc;aria-label=zWSnLe_d\/bOjMyf;class=zWSnLe_d\/UpSNec\" data-ved=\"2ahUKEwiw4Y-Hk6WTAxVTTTABHayzLPAQye0OegYIAQgCEAE\" data-hveid=\"CAEIAhAB\"><\/button><\/div>\n<div class=\"Y3BBE\" data-sfc-cp=\"\" data-sfc-cb=\"\" data-hveid=\"CAEIAxAA\" data-complete=\"true\" data-processed=\"true\">Aqu\u00ed tienes sus caracter\u00edsticas principales:<button class=\"rBl3me\" tabindex=\"0\" data-amic=\"true\" data-icl-uuid=\"f291b50a-4f70-4ef6-87d3-9ac00b953248\" aria-label=\"Ver v\u00ednculos relacionados\" data-wiz-attrbind=\"disabled=zWSnLe_h\/C5gNJc;aria-label=zWSnLe_h\/bOjMyf;class=zWSnLe_h\/UpSNec\" data-ved=\"2ahUKEwiw4Y-Hk6WTAxVTTTABHayzLPAQye0OegYIAQgDEAE\" data-hveid=\"CAEIAxAB\"><\/button><\/div>\n<ul class=\"KsbFXc U6u95\" data-sfc-cb=\"\" data-complete=\"true\" data-processed=\"true\">\n<li class=\"dF3vjf\" data-sfc-cb=\"\" data-hveid=\"CAEIBBAA\" data-complete=\"true\" data-sae=\"\"><span class=\"T286Pc\" data-sfc-cp=\"\" data-sfc-cb=\"\" data-complete=\"true\"><strong class=\"Yjhzub\" data-sfc-cb=\"\" data-complete=\"true\">Dise\u00f1o:<\/strong>\u00a0Estilo\u00a0<em class=\"eujQNb\" data-sfc-cb=\"\" data-complete=\"true\">snapback<\/em>\u00a0de seis paneles con corona estructurada y visera plana.<\/span><\/li>\n<li class=\"dF3vjf\" data-sfc-cb=\"\" data-hveid=\"CAEIBBAB\" data-complete=\"true\" data-sae=\"\"><span class=\"T286Pc\" data-sfc-cp=\"\" data-sfc-cb=\"\" data-complete=\"true\"><strong class=\"Yjhzub\" data-sfc-cb=\"\" data-complete=\"true\">Logotipo:<\/strong>\u00a0Presenta el nombre \u00abNAUTICA\u00bb bordado en relieve con el a\u00f1o \u00ab19 83\u00bb justo debajo, destacando su herencia n\u00e1utica.<\/span><\/li>\n<li class=\"dF3vjf\" data-sfc-cb=\"\" data-hveid=\"CAEIBBAC\" data-complete=\"true\" data-sae=\"\"><span class=\"T286Pc\" data-sfc-cp=\"\" data-sfc-cb=\"\" data-complete=\"true\"><strong class=\"Yjhzub\" data-sfc-cb=\"\" data-complete=\"true\">Material:<\/strong>\u00a0Est\u00e1 confeccionada en\u00a0<strong class=\"Yjhzub\" data-sfc-cb=\"\" data-complete=\"true\">100% algod\u00f3n<\/strong>\u00a0(frecuentemente en tejido de sarga o piqu\u00e9), lo que la hace transpirable y resistente.<\/span><\/li>\n<li class=\"dF3vjf\" data-sfc-cb=\"\" data-hveid=\"CAEIBBAD\" data-complete=\"true\" data-sae=\"\"><span class=\"T286Pc\" data-sfc-cp=\"\" data-sfc-cb=\"\" data-complete=\"true\"><strong class=\"Yjhzub\" data-sfc-cb=\"\" data-complete=\"true\">Ajuste:<\/strong>\u00a0Cuenta con un\u00a0<strong class=\"Yjhzub\" data-sfc-cb=\"\" data-complete=\"true\">cierre ajustable<\/strong>\u00a0en la parte trasera (normalmente de presi\u00f3n o hebilla met\u00e1lica) para adaptarse a diferentes tama\u00f1os de cabeza (<strong class=\"Yjhzub\" data-sfc-cb=\"\" data-complete=\"true\">talla \u00fanica<\/strong>).<\/span><\/li>\n<li class=\"dF3vjf\" data-sfc-cb=\"\" data-hveid=\"CAEIBBAE\" data-complete=\"true\" data-sae=\"\"><span class=\"T286Pc\" data-sfc-cp=\"\" data-sfc-cb=\"\" data-complete=\"true\"><strong class=\"Yjhzub\" data-sfc-cb=\"\" data-complete=\"true\">Ventilaci\u00f3n:<\/strong>\u00a0Incluye\u00a0<strong class=\"Yjhzub\" data-sfc-cb=\"\" data-complete=\"true\">ojales bordados<\/strong>\u00a0en cada panel para mejorar la circulaci\u00f3n del aire y mantener la frescura.<\/span><\/li>\n<li class=\"dF3vjf\" data-sfc-cb=\"\" data-hveid=\"CAEIBBAF\" data-complete=\"true\" data-sae=\"\"><span class=\"T286Pc\" data-sfc-cp=\"\" data-sfc-cb=\"\" data-complete=\"true\" aria-owns=\"action-menu-parent-container\"><strong class=\"Yjhzub\" data-sfc-cb=\"\" data-complete=\"true\">Color:<\/strong>\u00a0El tono principal es un\u00a0<strong class=\"Yjhzub\" data-sfc-cb=\"\" data-complete=\"true\">rojo intenso<\/strong>\u00a0(denominado por la marca como\u00a0<em class=\"eujQNb\" data-sfc-cb=\"\" data-complete=\"true\">Deck Red<\/em>\u00a0o\u00a0<em class=\"eujQNb\" data-sfc-cb=\"\" data-complete=\"true\">Red Sail<\/em>), que resalta el bordado en contraste blanco o azul marino.<\/span><\/li>\n<\/ul>\n","protected":false},"excerpt":{"rendered":"<p>Esta gorra es un accesorio cl\u00e1sico de\u00a0Nautica, dise\u00f1ada con un estilo deportivo y retro que rinde homenaje al a\u00f1o de<\/p>\n","protected":false},"featured_media":33230,"comment_status":"open","ping_status":"closed","template":"","meta":{"_monsterinsights_skip_tracking":false,"_monsterinsights_sitenote_active":false,"_monsterinsights_sitenote_note":"","_monsterinsights_sitenote_category":0},"product_cat":[44],"product_tag":[],"_links":{"self":[{"href":"https:\/\/tiendasdyo.com\/index.php\/wp-json\/wp\/v2\/product\/33296"}],"collection":[{"href":"https:\/\/tiendasdyo.com\/index.php\/wp-json\/wp\/v2\/product"}],"about":[{"href":"https:\/\/tiendasdyo.com\/index.php\/wp-json\/wp\/v2\/types\/product"}],"replies":[{"embeddable":true,"href":"https:\/\/tiendasdyo.com\/index.php\/wp-json\/wp\/v2\/comments?post=33296"}],"version-history":[{"count":1,"href":"https:\/\/tiendasdyo.com\/index.php\/wp-json\/wp\/v2\/product\/33296\/revisions"}],"predecessor-version":[{"id":33297,"href":"https:\/\/tiendasdyo.com\/index.php\/wp-json\/wp\/v2\/product\/33296\/revisions\/33297"}],"wp:featuredmedia":[{"embeddable":true,"href":"https:\/\/tiendasdyo.com\/index.php\/wp-json\/wp\/v2\/media\/33230"}],"wp:attachment":[{"href":"https:\/\/tiendasdyo.com\/index.php\/wp-json\/wp\/v2\/media?parent=33296"}],"wp:term":[{"taxonomy":"product_cat","embeddable":true,"href":"https:\/\/tiendasdyo.com\/index.php\/wp-json\/wp\/v2\/product_cat?post=33296"},{"taxonomy":"product_tag","embeddable":true,"href":"https:\/\/tiendasdyo.com\/index.php\/wp-json\/wp\/v2\/product_tag?post=33296"}],"curies":[{"name":"wp","href":"https:\/\/api.w.org\/{rel}","templated":true}]}}