{"id":33489,"date":"2026-03-26T19:14:31","date_gmt":"2026-03-26T18:14:31","guid":{"rendered":"https:\/\/tiendasdyo.com\/?post_type=product&#038;p=33489"},"modified":"2026-03-26T19:14:31","modified_gmt":"2026-03-26T18:14:31","slug":"cartera-tommy-hilfiger-2","status":"publish","type":"product","link":"https:\/\/tiendasdyo.com\/index.php\/product\/cartera-tommy-hilfiger-2\/","title":{"rendered":"CARTERA TOMMY HILFIGER"},"content":{"rendered":"<div class=\"AdPoic\" role=\"heading\" aria-level=\"3\" data-animation-nesting=\"\" data-sfc-cp=\"\" data-sfc-root=\"c\" data-sfc-cb=\"\" data-complete=\"true\" data-processed=\"true\" data-sae=\"\">Detalles del Producto<button class=\"rBl3me\" tabindex=\"0\" data-amic=\"true\" data-icl-uuid=\"72a901fa-879f-4bfd-9467-9fc373458c1d\" aria-label=\"Ver v\u00ednculos relacionados\" data-wiz-attrbind=\"disabled=rZA4dc_11\/C5gNJc;aria-label=rZA4dc_11\/bOjMyf;class=rZA4dc_11\/UpSNec\" data-ved=\"2ahUKEwjQn_WZlb6TAxVvlmoFHb9OCg4Qye0OegQIBhAA\" data-hveid=\"CAYQAA\"><\/button><\/div>\n<ul class=\"KsbFXc U6u95\" data-sfc-root=\"c\" data-sfc-cb=\"\" data-complete=\"true\" data-processed=\"true\">\n<li class=\"dF3vjf\" data-sfc-root=\"c\" data-sfc-cb=\"\" data-hveid=\"CAcQAA\" data-complete=\"true\" data-sae=\"\"><span class=\"T286Pc\" data-sfc-cp=\"\" data-sfc-root=\"c\" data-sfc-cb=\"\" data-complete=\"true\"><strong class=\"Yjhzub\" data-sfc-root=\"c\" data-sfc-cb=\"\" data-complete=\"true\">Material:<\/strong>\u00a0Confeccionado principalmente en\u00a0<strong class=\"Yjhzub\" data-sfc-root=\"c\" data-sfc-cb=\"\" data-complete=\"true\">PVC<\/strong>\u00a0con una textura que imita el cuero.<\/span><\/li>\n<li class=\"dF3vjf\" data-sfc-root=\"c\" data-sfc-cb=\"\" data-hveid=\"CAcQAQ\" data-complete=\"true\" data-sae=\"\"><span class=\"T286Pc\" data-sfc-cp=\"\" data-sfc-root=\"c\" data-sfc-cb=\"\" data-complete=\"true\"><strong class=\"Yjhzub\" data-sfc-root=\"c\" data-sfc-cb=\"\" data-complete=\"true\">Dise\u00f1o:<\/strong>\u00a0Presenta una solapa negra lisa con un cierre de bot\u00f3n met\u00e1lico dorado que incluye el emblema de la marca. El cuerpo del bolso muestra un patr\u00f3n repetitivo del monograma \u00abTH\u00bb en tonos oscuros.<\/span><\/li>\n<li class=\"dF3vjf\" data-sfc-root=\"c\" data-sfc-cb=\"\" data-hveid=\"CAcQAg\" data-complete=\"true\" data-sae=\"\"><span class=\"T286Pc\" data-sfc-cp=\"\" data-sfc-root=\"c\" data-sfc-cb=\"\" data-complete=\"true\" aria-owns=\"action-menu-parent-container\"><strong class=\"Yjhzub\" data-sfc-root=\"c\" data-sfc-cb=\"\" data-complete=\"true\">Funcionalidad:<\/strong>\u00a0Incluye una\u00a0<strong class=\"Yjhzub\" data-sfc-root=\"c\" data-sfc-cb=\"\" data-complete=\"true\">correa ajustable<\/strong>\u00a0para el hombro y, por lo general, cuenta con un compartimento principal espacioso y bolsillos internos para organizaci\u00f3n.<\/span><\/li>\n<\/ul>\n","protected":false},"excerpt":{"rendered":"<p>Detalles del Producto Material:\u00a0Confeccionado principalmente en\u00a0PVC\u00a0con una textura que imita el cuero. Dise\u00f1o:\u00a0Presenta una solapa negra lisa con un cierre<\/p>\n","protected":false},"featured_media":33442,"comment_status":"open","ping_status":"closed","template":"","meta":{"_monsterinsights_skip_tracking":false,"_monsterinsights_sitenote_active":false,"_monsterinsights_sitenote_note":"","_monsterinsights_sitenote_category":0},"product_cat":[55],"product_tag":[],"_links":{"self":[{"href":"https:\/\/tiendasdyo.com\/index.php\/wp-json\/wp\/v2\/product\/33489"}],"collection":[{"href":"https:\/\/tiendasdyo.com\/index.php\/wp-json\/wp\/v2\/product"}],"about":[{"href":"https:\/\/tiendasdyo.com\/index.php\/wp-json\/wp\/v2\/types\/product"}],"replies":[{"embeddable":true,"href":"https:\/\/tiendasdyo.com\/index.php\/wp-json\/wp\/v2\/comments?post=33489"}],"version-history":[{"count":1,"href":"https:\/\/tiendasdyo.com\/index.php\/wp-json\/wp\/v2\/product\/33489\/revisions"}],"predecessor-version":[{"id":33490,"href":"https:\/\/tiendasdyo.com\/index.php\/wp-json\/wp\/v2\/product\/33489\/revisions\/33490"}],"wp:featuredmedia":[{"embeddable":true,"href":"https:\/\/tiendasdyo.com\/index.php\/wp-json\/wp\/v2\/media\/33442"}],"wp:attachment":[{"href":"https:\/\/tiendasdyo.com\/index.php\/wp-json\/wp\/v2\/media?parent=33489"}],"wp:term":[{"taxonomy":"product_cat","embeddable":true,"href":"https:\/\/tiendasdyo.com\/index.php\/wp-json\/wp\/v2\/product_cat?post=33489"},{"taxonomy":"product_tag","embeddable":true,"href":"https:\/\/tiendasdyo.com\/index.php\/wp-json\/wp\/v2\/product_tag?post=33489"}],"curies":[{"name":"wp","href":"https:\/\/api.w.org\/{rel}","templated":true}]}}