{"id":33493,"date":"2026-03-26T19:25:28","date_gmt":"2026-03-26T18:25:28","guid":{"rendered":"https:\/\/tiendasdyo.com\/?post_type=product&#038;p=33493"},"modified":"2026-03-26T19:25:28","modified_gmt":"2026-03-26T18:25:28","slug":"cartera-guess-2","status":"publish","type":"product","link":"https:\/\/tiendasdyo.com\/index.php\/product\/cartera-guess-2\/","title":{"rendered":"CARTERA GUESS"},"content":{"rendered":"<div class=\"AdPoic\" role=\"heading\" aria-level=\"3\" data-animation-nesting=\"\" data-sfc-cp=\"\" data-sfc-root=\"c\" data-sfc-cb=\"\" data-complete=\"true\" data-processed=\"true\" data-sae=\"\">Caracter\u00edsticas Principales<button class=\"rBl3me\" tabindex=\"0\" data-amic=\"true\" data-icl-uuid=\"6002a5d9-9519-4a9f-b5bc-56cae11979fa\" aria-label=\"Ver v\u00ednculos relacionados\" data-wiz-attrbind=\"disabled=bJWUB_11\/C5gNJc;aria-label=bJWUB_11\/bOjMyf;class=bJWUB_11\/UpSNec\" data-ved=\"2ahUKEwjBqe2DmL6TAxU1m2oFHZ7eCXMQye0OegQIBRAA\" data-hveid=\"CAUQAA\"><\/button><\/div>\n<ul class=\"KsbFXc U6u95\" data-sfc-root=\"c\" data-sfc-cb=\"\" data-complete=\"true\" data-processed=\"true\">\n<li class=\"dF3vjf\" data-sfc-root=\"c\" data-sfc-cb=\"\" data-hveid=\"CAYQAA\" data-complete=\"true\" data-sae=\"\"><span class=\"T286Pc\" data-sfc-cp=\"\" data-sfc-root=\"c\" data-sfc-cb=\"\" data-complete=\"true\"><strong class=\"Yjhzub\" data-sfc-root=\"c\" data-sfc-cb=\"\" data-complete=\"true\">Material:<\/strong>\u00a0Confeccionada en PVC duradero y resistente, ideal para el uso diario.<\/span><\/li>\n<li class=\"dF3vjf\" data-sfc-root=\"c\" data-sfc-cb=\"\" data-hveid=\"CAYQAQ\" data-complete=\"true\" data-sae=\"\"><span class=\"T286Pc\" data-sfc-cp=\"\" data-sfc-root=\"c\" data-sfc-cb=\"\" data-complete=\"true\"><strong class=\"Yjhzub\" data-sfc-root=\"c\" data-sfc-cb=\"\" data-complete=\"true\">Dise\u00f1o:<\/strong>\u00a0Incluye asas superiores fijas para llevarla en la mano y una correa ajustable y removible para usarla como bolsa de hombro o\u00a0<em class=\"eujQNb\" data-sfc-root=\"c\" data-sfc-cb=\"\" data-complete=\"true\">crossbody<\/em>.<\/span><\/li>\n<li class=\"dF3vjf\" data-sfc-root=\"c\" data-sfc-cb=\"\" data-hveid=\"CAYQAg\" data-complete=\"true\" data-sae=\"\"><span class=\"T286Pc\" data-sfc-cp=\"\" data-sfc-root=\"c\" data-sfc-cb=\"\" data-complete=\"true\"><strong class=\"Yjhzub\" data-sfc-root=\"c\" data-sfc-cb=\"\" data-complete=\"true\">Detalles:<\/strong>\u00a0Cuenta con herrajes en acabado n\u00edquel u oro (seg\u00fan la variante espec\u00edfica) y un cierre principal de cremallera para mayor seguridad.<\/span><\/li>\n<li class=\"dF3vjf\" data-sfc-root=\"c\" data-sfc-cb=\"\" data-hveid=\"CAYQAw\" data-complete=\"true\" data-sae=\"\"><span class=\"T286Pc\" data-sfc-cp=\"\" data-sfc-root=\"c\" data-sfc-cb=\"\" data-complete=\"true\" aria-owns=\"action-menu-parent-container\"><strong class=\"Yjhzub\" data-sfc-root=\"c\" data-sfc-cb=\"\" data-complete=\"true\">Dimensiones:<\/strong>\u00a0Aproximadamente 29 cm de ancho x 21 cm de alto x 12 cm de profundidad.<\/span><\/li>\n<\/ul>\n","protected":false},"excerpt":{"rendered":"<p>Caracter\u00edsticas Principales Material:\u00a0Confeccionada en PVC duradero y resistente, ideal para el uso diario. Dise\u00f1o:\u00a0Incluye asas superiores fijas para llevarla en<\/p>\n","protected":false},"featured_media":33446,"comment_status":"open","ping_status":"closed","template":"","meta":{"_monsterinsights_skip_tracking":false,"_monsterinsights_sitenote_active":false,"_monsterinsights_sitenote_note":"","_monsterinsights_sitenote_category":0},"product_cat":[55],"product_tag":[],"_links":{"self":[{"href":"https:\/\/tiendasdyo.com\/index.php\/wp-json\/wp\/v2\/product\/33493"}],"collection":[{"href":"https:\/\/tiendasdyo.com\/index.php\/wp-json\/wp\/v2\/product"}],"about":[{"href":"https:\/\/tiendasdyo.com\/index.php\/wp-json\/wp\/v2\/types\/product"}],"replies":[{"embeddable":true,"href":"https:\/\/tiendasdyo.com\/index.php\/wp-json\/wp\/v2\/comments?post=33493"}],"version-history":[{"count":1,"href":"https:\/\/tiendasdyo.com\/index.php\/wp-json\/wp\/v2\/product\/33493\/revisions"}],"predecessor-version":[{"id":33494,"href":"https:\/\/tiendasdyo.com\/index.php\/wp-json\/wp\/v2\/product\/33493\/revisions\/33494"}],"wp:featuredmedia":[{"embeddable":true,"href":"https:\/\/tiendasdyo.com\/index.php\/wp-json\/wp\/v2\/media\/33446"}],"wp:attachment":[{"href":"https:\/\/tiendasdyo.com\/index.php\/wp-json\/wp\/v2\/media?parent=33493"}],"wp:term":[{"taxonomy":"product_cat","embeddable":true,"href":"https:\/\/tiendasdyo.com\/index.php\/wp-json\/wp\/v2\/product_cat?post=33493"},{"taxonomy":"product_tag","embeddable":true,"href":"https:\/\/tiendasdyo.com\/index.php\/wp-json\/wp\/v2\/product_tag?post=33493"}],"curies":[{"name":"wp","href":"https:\/\/api.w.org\/{rel}","templated":true}]}}