{"id":33503,"date":"2026-03-26T19:44:42","date_gmt":"2026-03-26T18:44:42","guid":{"rendered":"https:\/\/tiendasdyo.com\/?post_type=product&#038;p=33503"},"modified":"2026-03-26T19:44:42","modified_gmt":"2026-03-26T18:44:42","slug":"crossbody-michael-kors","status":"publish","type":"product","link":"https:\/\/tiendasdyo.com\/index.php\/product\/crossbody-michael-kors\/","title":{"rendered":"CROSSBODY MICHAEL KORS"},"content":{"rendered":"<div class=\"AdPoic\" role=\"heading\" aria-level=\"3\" data-animation-nesting=\"\" data-sfc-cp=\"\" data-sfc-root=\"c\" data-sfc-cb=\"\" data-processed=\"true\" data-sae=\"\" data-complete=\"true\">Detalles del producto<button class=\"rBl3me\" tabindex=\"0\" data-amic=\"true\" data-icl-uuid=\"dc6ba568-61cd-45dd-b6ca-88d9da41b6dc\" aria-label=\"Ver v\u00ednculos relacionados\" data-wiz-attrbind=\"disabled=oB8k6_12\/C5gNJc;aria-label=oB8k6_12\/bOjMyf;class=oB8k6_12\/UpSNec\" data-ved=\"2ahUKEwjwj_ucnL6TAxVnmWoFHZcdDnAQye0OegQIBhAA\" data-hveid=\"CAYQAA\"><\/button><\/div>\n<div class=\"Y3BBE\" data-sfc-cp=\"\" data-sfc-root=\"c\" data-sfc-cb=\"\" data-hveid=\"CAcQAA\" data-complete=\"true\" data-processed=\"true\">El modelo de la imagen presenta un sofisticado dise\u00f1o en color\u00a0<strong class=\"Yjhzub\" data-sfc-root=\"c\" data-sfc-cb=\"\" data-complete=\"true\" data-processed=\"true\">Powder Blush<\/strong>\u00a0(ros\u00e1ceo polvoriento) con las siguientes caracter\u00edsticas t\u00e9cnicas:<span class=\"uJ19be notranslate\" data-sfc-root=\"c\" data-wiz-uids=\"oB8k6_18,oB8k6_19\" data-sfc-cb=\"\" data-complete=\"true\" data-processed=\"true\"><span class=\"vKEkVd\" data-animation-atomic=\"\" data-wiz-attrbind=\"class=oB8k6_17\/TKHnVd\" data-sae=\"\"><span aria-hidden=\"true\">\u00a0<\/span><button class=\"rBl3me IWyTpf pjvauc\" tabindex=\"0\" data-amic=\"true\" data-icl-uuid=\"23692c15-3c22-4bcf-a7b6-a822cb114238\" aria-label=\"Michael Kors (m\u00e1s de 1) - Ver v\u00ednculos relacionados\" data-wiz-attrbind=\"disabled=oB8k6_17\/C5gNJc;aria-label=oB8k6_17\/bOjMyf;class=oB8k6_17\/UpSNec\" data-ved=\"2ahUKEwjwj_ucnL6TAxVnmWoFHZcdDnAQye0OegQIBxAB\" data-hveid=\"CAcQAQ\"><\/button><\/span><\/span><\/p>\n<div class=\"Fwa2Od\" data-animation-skip=\"\" data-sfc-root=\"c\" data-sfc-cb=\"\" data-ved=\"2ahUKEwjwj_ucnL6TAxVnmWoFHZcdDnAQ3s0SegQIBxAC\" data-complete=\"true\"><img decoding=\"async\" id=\"img-YH7FafDfKeeyqtsPl7u4gAc_3\" class=\"lXbsme\" src=\"data:image\/jpeg;base64,\/9j\/4AAQSkZJRgABAQAAAQABAAD\/2wCEAAkGBxMRDhMUEQ0QExQVEBIUFhUODg8NEg4RGhcXFxUbGBMYKCggGBolIhUXITEiJSkrLi4uIx8zODMsNygtLisBCgoKDQ0NFQ0PFSsZFRkrKysrKysrKysrKysrKysrKysrKysrKysrKysrKysrKysrKysrKysrKysrKysrKysrK\/\/AABEIAIAAgAMBIgACEQEDEQH\/xAAcAAEAAgMBAQEAAAAAAAAAAAAABgcBAgUECAP\/xAA9EAABAwECCwMJBwUAAAAAAAAAAQIDBAURBgcSExQhIjFhcrFCUZMXIzKBgoORocEkMzRSZHHSQUNiY9H\/xAAVAQEBAAAAAAAAAAAAAAAAAAAAAf\/EABQRAQAAAAAAAAAAAAAAAAAAAAD\/2gAMAwEAAhEDEQA\/ALxAAAAAAAAAAAAAAAAAAAAAAABSDsZtooq6qa5HKn3Tt3xMeU60e6m8NxxpKXbdq7buprovAK7flOtHup\/CcWrgdbK1lDFM65Hq26RG7myN1OQo\/ReBYGKesyHzU6r6SJK1OO5wFlgAIAADm4Q2mlLSTTr\/AG41cid7tzfncVAmM60f03hO\/wCkxxsV3moqdO27OP5W7vmVpovAK7flOtHupvDcZbjNtHKal1PcrkRfNOOHovA2jpdturtt6gfRIACAAAox8O07nd1MZk9r2bTuZ3UxmwPHmT2WPUaPUxS\/kciryLsuGbGbAudq37jJw8Dq3O0bL1vdH5tfVu+R3AABy8Ja7MUkjk1OVMlvO7UgFZYT1WkVksiLs35DeLWHMzJ7EjGbA8eZMsh2m87ep682ZYzabzN6gXOAAAAAp56bTuZ3UxcbP9J3MvUwBi4XHXfR5VmskRNcc8jV5HHJAkWAtZkVDo1XVK29OdpPyoqadY5GvautjkcnqLYpp0exr27nNRU\/ZQP1INh9V5UjIk7KZa8y7ibveiIqrqREVV\/ZCqLQq1mmfJ+d6qn+LeyB5bjNxk67KTJs2SRU1yTxtTkaBx7jLE2m8zeoMs9JvMnUC4AAAAAFPv8ASdzL1MGHrtO5ndTF4E6wVpkls18btz3St+JCHxq1VaqXKiqipxQn2An4L3snUjmGtHm6vKRNmVMr29ygcMnuA1bl0yxrvjW72V1p9SAXnawPrc1VtRfRkTI9fZAlmGVbm6Rzf6yLkJ695XZ38N67LqshF2Y23e2utfoR68DdkauVGol6qqIicVJvhZTJFZrI03NfC34KcPAuizlUjlTZiTK9vchI8O\/wXvY+oEAMs9JvMnU0vMsXabzN6gXEAAAAApd8m07md1MZw8MlRtO53dTXSOIFq4AL9i99J1NsOKLLpFeia4ly\/Z3OPwxbuvs\/30vUk0saOarXJeioqKnBQKZzhlk1yoqLcqKiovFDz2lEsE8kTt7Hq3+J5tI4gdOapV7nOct7nOVzl71U0zhz9I4nps2JZ544m9t6N\/koFnYDUebpEeqXOlXLX9tzTXGAv2H30fUkMUaNajWpciIiInBCM4yHXWf76LqBX+cMsk2m8zepztI4m0dRtN529QL3AAAAAfN0lbtu19t3U103iduTFZaauVUWm1ucv3rt3wMeSq0++m8VwVY2KaTKsy\/9RN1QmZFcW9gzUNBmahWK\/PSP82t7bnKioSoIqrG3R5qeKdE2ZGqx3O3W35EB03iXlh3YK11nywsVEk1OjV25sjd31Kn8lVp99N4rgri6bxJ9ikos5PLOqbMaZDed2t3yI35KrT76bxXFsYCWCtDZ8cL1asmt0is3Okdv+gEhIZjZkybMv\/3w9VJmRXGRYM1dQZmnyMvPxP8AOOyW3NXXrCKW03ibR1u23X229TseSq0++m8VxmPFZaaOaqrTanNVfOuCr4AAQAAAAAAAAAAAAAAAAAAAAAf\/2Q==\" alt=\"Michael Kors\" data-imglogged=\"true\" data-aatf=\"1\" data-csiid=\"YH7FaaPLJaCmqtsPzJD0oQ4_15\" data-atf=\"1\" data-imgprocessed=\"true\" \/><span class=\"wJwe6c\"><span class=\"iFMVXd\">Michael Kors<\/span><span class=\"IjM6od\">\u00a0+1<\/span><\/span><\/div>\n<\/div>\n<ul class=\"KsbFXc U6u95\" data-sfc-root=\"c\" data-sfc-cb=\"\" data-complete=\"true\" data-processed=\"true\">\n<li class=\"dF3vjf\" data-sfc-root=\"c\" data-sfc-cb=\"\" data-hveid=\"CAgQAA\" data-complete=\"true\" data-sae=\"\"><span class=\"T286Pc\" data-sfc-cp=\"\" data-sfc-root=\"c\" data-sfc-cb=\"\" data-complete=\"true\"><strong class=\"Yjhzub\" data-sfc-root=\"c\" data-sfc-cb=\"\" data-complete=\"true\">Material:<\/strong>\u00a0Mezcla de poliuretano (60% poliuretano, 40% poli\u00e9ster) con un acabado de logotipos grabados.<\/span><\/li>\n<li class=\"dF3vjf\" data-sfc-root=\"c\" data-sfc-cb=\"\" data-hveid=\"CAgQAQ\" data-complete=\"true\" data-sae=\"\"><span class=\"T286Pc\" data-sfc-cp=\"\" data-sfc-root=\"c\" data-sfc-cb=\"\" data-complete=\"true\"><strong class=\"Yjhzub\" data-sfc-root=\"c\" data-sfc-cb=\"\" data-complete=\"true\">Herrajes:<\/strong>\u00a0Apliques met\u00e1licos en\u00a0<strong class=\"Yjhzub\" data-sfc-root=\"c\" data-sfc-cb=\"\" data-complete=\"true\">tono dorado<\/strong>\u00a0en la parte frontal.<\/span><\/li>\n<li class=\"dF3vjf\" data-sfc-root=\"c\" data-sfc-cb=\"\" data-hveid=\"CAgQAg\" data-complete=\"true\" data-sae=\"\"><span class=\"T286Pc\" data-sfc-cp=\"\" data-sfc-root=\"c\" data-sfc-cb=\"\" data-complete=\"true\"><strong class=\"Yjhzub\" data-sfc-root=\"c\" data-sfc-cb=\"\" data-complete=\"true\">Dimensiones:<\/strong>\u00a0Aproximadamente 21 cm de ancho x 12 cm de alto x 3 cm de profundidad (8.25&#8243; x 4.75&#8243; x 1.25&#8243;).<\/span><\/li>\n<li class=\"dF3vjf\" data-sfc-root=\"c\" data-sfc-cb=\"\" data-hveid=\"CAgQAw\" data-complete=\"true\" data-sae=\"\"><span class=\"T286Pc\" data-sfc-cp=\"\" data-sfc-root=\"c\" data-sfc-cb=\"\" data-complete=\"true\"><strong class=\"Yjhzub\" data-sfc-root=\"c\" data-sfc-cb=\"\" data-complete=\"true\">Versatilidad:<\/strong>\u00a0Incluye una\u00a0<strong class=\"Yjhzub\" data-sfc-root=\"c\" data-sfc-cb=\"\" data-complete=\"true\">correa ajustable<\/strong>\u00a0(de 50 cm a 60 cm) que permite utilizarla como bolso bandolera o \u00abcrossbody\u00bb.<\/span><\/li>\n<li class=\"dF3vjf\" data-sfc-root=\"c\" data-sfc-cb=\"\" data-hveid=\"CAgQBA\" data-complete=\"true\" data-sae=\"\"><span class=\"T286Pc\" data-sfc-cp=\"\" data-sfc-root=\"c\" data-sfc-cb=\"\" data-complete=\"true\"><strong class=\"Yjhzub\" data-sfc-root=\"c\" data-sfc-cb=\"\" data-complete=\"true\">Interior:<\/strong>\u00a0Espacio suficiente para tarjetas, efectivo y dispositivos m\u00f3viles como un iPhone.<\/span><span class=\"uJ19be notranslate\" data-sfc-root=\"c\" data-wiz-uids=\"oB8k6_1w,oB8k6_1x\" data-sfc-cb=\"\" data-complete=\"true\"><span class=\"vKEkVd\" data-animation-atomic=\"\" data-wiz-attrbind=\"class=oB8k6_1v\/TKHnVd\" data-sae=\"\"><span aria-hidden=\"true\">\u00a0<\/span><button class=\"rBl3me IWyTpf pjvauc\" tabindex=\"0\" data-amic=\"true\" data-icl-uuid=\"bf51d99f-648d-46c0-b22e-96ba68656433\" aria-label=\"Michael Kors (m\u00e1s de 2) - Ver v\u00ednculos relacionados\" data-wiz-attrbind=\"disabled=oB8k6_1v\/C5gNJc;aria-label=oB8k6_1v\/bOjMyf;class=oB8k6_1v\/UpSNec\" data-ved=\"2ahUKEwjwj_ucnL6TAxVnmWoFHZcdDnAQye0OegQICBAF\" data-hveid=\"CAgQBQ\"><\/button><\/span><\/span><\/li>\n<\/ul>\n","protected":false},"excerpt":{"rendered":"<p>Detalles del producto El modelo de la imagen presenta un sofisticado dise\u00f1o en color\u00a0Powder Blush\u00a0(ros\u00e1ceo polvoriento) con las siguientes caracter\u00edsticas<\/p>\n","protected":false},"featured_media":33451,"comment_status":"open","ping_status":"closed","template":"","meta":{"_monsterinsights_skip_tracking":false,"_monsterinsights_sitenote_active":false,"_monsterinsights_sitenote_note":"","_monsterinsights_sitenote_category":0},"product_cat":[55],"product_tag":[],"_links":{"self":[{"href":"https:\/\/tiendasdyo.com\/index.php\/wp-json\/wp\/v2\/product\/33503"}],"collection":[{"href":"https:\/\/tiendasdyo.com\/index.php\/wp-json\/wp\/v2\/product"}],"about":[{"href":"https:\/\/tiendasdyo.com\/index.php\/wp-json\/wp\/v2\/types\/product"}],"replies":[{"embeddable":true,"href":"https:\/\/tiendasdyo.com\/index.php\/wp-json\/wp\/v2\/comments?post=33503"}],"version-history":[{"count":1,"href":"https:\/\/tiendasdyo.com\/index.php\/wp-json\/wp\/v2\/product\/33503\/revisions"}],"predecessor-version":[{"id":33504,"href":"https:\/\/tiendasdyo.com\/index.php\/wp-json\/wp\/v2\/product\/33503\/revisions\/33504"}],"wp:featuredmedia":[{"embeddable":true,"href":"https:\/\/tiendasdyo.com\/index.php\/wp-json\/wp\/v2\/media\/33451"}],"wp:attachment":[{"href":"https:\/\/tiendasdyo.com\/index.php\/wp-json\/wp\/v2\/media?parent=33503"}],"wp:term":[{"taxonomy":"product_cat","embeddable":true,"href":"https:\/\/tiendasdyo.com\/index.php\/wp-json\/wp\/v2\/product_cat?post=33503"},{"taxonomy":"product_tag","embeddable":true,"href":"https:\/\/tiendasdyo.com\/index.php\/wp-json\/wp\/v2\/product_tag?post=33503"}],"curies":[{"name":"wp","href":"https:\/\/api.w.org\/{rel}","templated":true}]}}