{"id":33536,"date":"2026-03-26T22:06:05","date_gmt":"2026-03-26T21:06:05","guid":{"rendered":"https:\/\/tiendasdyo.com\/?post_type=product&#038;p=33536"},"modified":"2026-03-26T22:06:05","modified_gmt":"2026-03-26T21:06:05","slug":"cartera-aldo-4","status":"publish","type":"product","link":"https:\/\/tiendasdyo.com\/index.php\/product\/cartera-aldo-4\/","title":{"rendered":"CARTERA ALDO"},"content":{"rendered":"<div class=\"AdPoic\" role=\"heading\" aria-level=\"3\" data-animation-nesting=\"\" data-sfc-cp=\"\" data-sfc-root=\"c\" data-sfc-cb=\"\" data-complete=\"true\" data-processed=\"true\" data-sae=\"\">Detalles del Producto:<button class=\"rBl3me\" tabindex=\"0\" data-amic=\"true\" data-icl-uuid=\"05de3ef5-8f36-456a-942e-326ba98e688d\" aria-label=\"Ver v\u00ednculos relacionados\" data-wiz-attrbind=\"disabled=BMWFif_1b\/C5gNJc;aria-label=BMWFif_1b\/bOjMyf;class=BMWFif_1b\/UpSNec\" data-ved=\"2ahUKEwiHmKrxu76TAxXexuYEHSgBEfQQye0OegQIBxAA\" data-hveid=\"CAcQAA\"><\/button><\/div>\n<ul class=\"KsbFXc U6u95 Lem6n\" data-sfc-root=\"c\" data-sfc-cb=\"\" data-processed=\"true\" data-complete=\"true\">\n<li class=\"dF3vjf\" data-sfc-root=\"c\" data-sfc-cb=\"\" data-hveid=\"CAgQAA\" data-complete=\"true\" data-sae=\"\"><span class=\"T286Pc\" data-sfc-cp=\"\" data-sfc-root=\"c\" data-sfc-cb=\"\" data-complete=\"true\"><strong class=\"Yjhzub\" data-sfc-root=\"c\" data-sfc-cb=\"\" data-complete=\"true\"><span class=\"N9Q8Lc\">Material:<\/span><\/strong><span class=\"N9Q8Lc\">\u00a0Exterior de poliuretano (cuero sint\u00e9tico) e interior de poli\u00e9ster.<\/span><\/span><\/li>\n<li class=\"dF3vjf\" data-sfc-root=\"c\" data-sfc-cb=\"\" data-hveid=\"CAgQAQ\" data-complete=\"true\" data-sae=\"\"><span class=\"T286Pc\" data-sfc-cp=\"\" data-sfc-root=\"c\" data-sfc-cb=\"\" data-complete=\"true\"><strong class=\"Yjhzub\" data-sfc-root=\"c\" data-sfc-cb=\"\" data-complete=\"true\"><span class=\"N9Q8Lc\">Dise\u00f1o:<\/span><\/strong><span class=\"N9Q8Lc\">\u00a0Cuenta con doble asa superior para llevar en la mano y una correa larga ajustable y extra\u00edble para usarla al hombro o como bandolera.<\/span><\/span><\/li>\n<li class=\"dF3vjf\" data-sfc-root=\"c\" data-sfc-cb=\"\" data-hveid=\"CAgQAg\" data-complete=\"true\" data-sae=\"\"><span class=\"T286Pc\" data-sfc-cp=\"\" data-sfc-root=\"c\" data-sfc-cb=\"\" data-complete=\"true\"><strong class=\"Yjhzub\" data-sfc-root=\"c\" data-sfc-cb=\"\" data-complete=\"true\"><span class=\"N9Q8Lc\">Funcionalidad:<\/span><\/strong><span class=\"N9Q8Lc\">\u00a0El interior es amplio e incluye compartimentos con cierre para organizar tus pertenencias.<\/span><\/span><\/li>\n<li class=\"dF3vjf\" data-sfc-root=\"c\" data-sfc-cb=\"\" data-hveid=\"CAgQAw\" data-sae=\"\" data-complete=\"true\"><span class=\"T286Pc\" data-sfc-cp=\"\" data-sfc-root=\"c\" data-sfc-cb=\"\" data-complete=\"true\" aria-owns=\"action-menu-parent-container\"><strong class=\"Yjhzub\" data-sfc-root=\"c\" data-sfc-cb=\"\" data-complete=\"true\"><span class=\"N9Q8Lc\">Dimensiones aproximadas:<\/span><\/strong><\/span><\/li>\n<\/ul>\n","protected":false},"excerpt":{"rendered":"<p>Detalles del Producto: Material:\u00a0Exterior de poliuretano (cuero sint\u00e9tico) e interior de poli\u00e9ster. Dise\u00f1o:\u00a0Cuenta con doble asa superior para llevar en<\/p>\n","protected":false},"featured_media":33468,"comment_status":"open","ping_status":"closed","template":"","meta":{"_monsterinsights_skip_tracking":false,"_monsterinsights_sitenote_active":false,"_monsterinsights_sitenote_note":"","_monsterinsights_sitenote_category":0},"product_cat":[55],"product_tag":[],"_links":{"self":[{"href":"https:\/\/tiendasdyo.com\/index.php\/wp-json\/wp\/v2\/product\/33536"}],"collection":[{"href":"https:\/\/tiendasdyo.com\/index.php\/wp-json\/wp\/v2\/product"}],"about":[{"href":"https:\/\/tiendasdyo.com\/index.php\/wp-json\/wp\/v2\/types\/product"}],"replies":[{"embeddable":true,"href":"https:\/\/tiendasdyo.com\/index.php\/wp-json\/wp\/v2\/comments?post=33536"}],"version-history":[{"count":1,"href":"https:\/\/tiendasdyo.com\/index.php\/wp-json\/wp\/v2\/product\/33536\/revisions"}],"predecessor-version":[{"id":33537,"href":"https:\/\/tiendasdyo.com\/index.php\/wp-json\/wp\/v2\/product\/33536\/revisions\/33537"}],"wp:featuredmedia":[{"embeddable":true,"href":"https:\/\/tiendasdyo.com\/index.php\/wp-json\/wp\/v2\/media\/33468"}],"wp:attachment":[{"href":"https:\/\/tiendasdyo.com\/index.php\/wp-json\/wp\/v2\/media?parent=33536"}],"wp:term":[{"taxonomy":"product_cat","embeddable":true,"href":"https:\/\/tiendasdyo.com\/index.php\/wp-json\/wp\/v2\/product_cat?post=33536"},{"taxonomy":"product_tag","embeddable":true,"href":"https:\/\/tiendasdyo.com\/index.php\/wp-json\/wp\/v2\/product_tag?post=33536"}],"curies":[{"name":"wp","href":"https:\/\/api.w.org\/{rel}","templated":true}]}}